{"id":737748,"date":"2025-03-03T16:48:30","date_gmt":"2025-03-03T15:48:30","guid":{"rendered":"https:\/\/stoic-curie.212-227-153-4.plesk.page\/producto\/quick-10050-hydraulischer-magnetischer-leistungsschalter-50a-dc\/"},"modified":"2026-02-24T23:35:15","modified_gmt":"2026-02-24T23:35:15","slug":"quick-10050-hydraulischer-magnetischer-leistungsschalter-50a-dc","status":"publish","type":"product","link":"https:\/\/stoic-curie.212-227-153-4.plesk.page\/de\/product\/quick-10050-hydraulischer-magnetischer-leistungsschalter-50a-dc\/","title":{"rendered":"Quick 10050 Hydraulischer Magnetischer Leistungsschalter (50A \/ DC)"},"content":{"rendered":"<p>Quick 10050 Hydraulischer Magnetischer Leistungsschalter (50A \/ DC) &#8211; Der Quick 50 Ampere hydraulische magnetische Leitungsschutzschalter bietet Schutz bei der Verwendung von Gleichstrom. Der langsam ausl\u00f6sende Leitungsschutzschalter l\u00f6st bei \u00dcberstromsituationen aus, unterbricht den Stromkreis und sch\u00fctzt Ihre Ger\u00e4te. Er kann manuell zur\u00fcckgesetzt werden und ist f\u00fcr bis zu 80 V DC geeignet. Der Quick 10050 Leitungsschutzschalter l\u00f6st bei Kurzschl\u00fcssen oder l\u00e4nger anhaltenden \u00dcberlastungen aus.<\/p>\n","protected":false},"excerpt":{"rendered":"<p>Quick 10050 Hydraulischer Magnetischer Leistungsschalter (50A \/ DC) &#8211; Der Quick 50 Ampere hydraulische magnetische Leitungsschutzschalter bietet Schutz bei der<\/p>\n","protected":false},"featured_media":5946487,"comment_status":"open","ping_status":"closed","template":"","meta":[],"product_brand":[3280],"product_cat":[1461],"product_tag":[],"class_list":{"0":"post-737748","1":"product","2":"type-product","3":"status-publish","4":"has-post-thumbnail","6":"product_brand-quick-de","7":"product_cat-sicherungsschalter-und-relais","9":"first","10":"instock","11":"shipping-taxable","12":"purchasable","13":"product-type-simple"},"_links":{"self":[{"href":"https:\/\/stoic-curie.212-227-153-4.plesk.page\/de\/wp-json\/wp\/v2\/product\/737748","targetHints":{"allow":["GET"]}}],"collection":[{"href":"https:\/\/stoic-curie.212-227-153-4.plesk.page\/de\/wp-json\/wp\/v2\/product"}],"about":[{"href":"https:\/\/stoic-curie.212-227-153-4.plesk.page\/de\/wp-json\/wp\/v2\/types\/product"}],"replies":[{"embeddable":true,"href":"https:\/\/stoic-curie.212-227-153-4.plesk.page\/de\/wp-json\/wp\/v2\/comments?post=737748"}],"version-history":[{"count":0,"href":"https:\/\/stoic-curie.212-227-153-4.plesk.page\/de\/wp-json\/wp\/v2\/product\/737748\/revisions"}],"wp:featuredmedia":[{"embeddable":true,"href":"https:\/\/stoic-curie.212-227-153-4.plesk.page\/de\/wp-json\/wp\/v2\/media\/5946487"}],"wp:attachment":[{"href":"https:\/\/stoic-curie.212-227-153-4.plesk.page\/de\/wp-json\/wp\/v2\/media?parent=737748"}],"wp:term":[{"taxonomy":"product_brand","embeddable":true,"href":"https:\/\/stoic-curie.212-227-153-4.plesk.page\/de\/wp-json\/wp\/v2\/product_brand?post=737748"},{"taxonomy":"product_cat","embeddable":true,"href":"https:\/\/stoic-curie.212-227-153-4.plesk.page\/de\/wp-json\/wp\/v2\/product_cat?post=737748"},{"taxonomy":"product_tag","embeddable":true,"href":"https:\/\/stoic-curie.212-227-153-4.plesk.page\/de\/wp-json\/wp\/v2\/product_tag?post=737748"}],"curies":[{"name":"wp","href":"https:\/\/api.w.org\/{rel}","templated":true}]}}