{"id":737749,"date":"2025-03-03T16:48:31","date_gmt":"2025-03-03T15:48:31","guid":{"rendered":"https:\/\/stoic-curie.212-227-153-4.plesk.page\/producto\/quick-10040-hydraulischer-magnetischer-leistungsschalter-40a-dc\/"},"modified":"2026-02-24T23:35:15","modified_gmt":"2026-02-24T23:35:15","slug":"quick-10040-hydraulischer-magnetischer-leistungsschalter-40a-dc","status":"publish","type":"product","link":"https:\/\/stoic-curie.212-227-153-4.plesk.page\/de\/product\/quick-10040-hydraulischer-magnetischer-leistungsschalter-40a-dc\/","title":{"rendered":"Quick 10040 Hydraulischer Magnetischer Leistungsschalter (40A \/ DC)"},"content":{"rendered":"<p>Quick 10040 Hydraulischer Magnetischer Leistungsschalter (40A \/ DC) &#8211; Der Quick 40 A hydraulische magnetische Schutzschalter bietet Schutz bei der Verwendung von Gleichstrom. Der langsame Sicherungsautomat l\u00f6st bei \u00dcberstromsituationen aus, unterbricht den Stromkreis und sch\u00fctzt Ihre Ger\u00e4te. Er kann manuell zur\u00fcckgesetzt werden und ist f\u00fcr bis zu 80V Gleichstrom geeignet. Der Quick 10040 Schutzschalter l\u00f6st bei Kurzschl\u00fcssen oder langanhaltenden \u00dcberlastungen aus.<\/p>\n","protected":false},"excerpt":{"rendered":"<p>Quick 10040 Hydraulischer Magnetischer Leistungsschalter (40A \/ DC) &#8211; Der Quick 40 A hydraulische magnetische Schutzschalter bietet Schutz bei der<\/p>\n","protected":false},"featured_media":5946487,"comment_status":"open","ping_status":"closed","template":"","meta":[],"product_brand":[3280],"product_cat":[1461],"product_tag":[],"class_list":{"0":"post-737749","1":"product","2":"type-product","3":"status-publish","4":"has-post-thumbnail","6":"product_brand-quick-de","7":"product_cat-sicherungsschalter-und-relais","9":"first","10":"instock","11":"shipping-taxable","12":"purchasable","13":"product-type-simple"},"_links":{"self":[{"href":"https:\/\/stoic-curie.212-227-153-4.plesk.page\/de\/wp-json\/wp\/v2\/product\/737749","targetHints":{"allow":["GET"]}}],"collection":[{"href":"https:\/\/stoic-curie.212-227-153-4.plesk.page\/de\/wp-json\/wp\/v2\/product"}],"about":[{"href":"https:\/\/stoic-curie.212-227-153-4.plesk.page\/de\/wp-json\/wp\/v2\/types\/product"}],"replies":[{"embeddable":true,"href":"https:\/\/stoic-curie.212-227-153-4.plesk.page\/de\/wp-json\/wp\/v2\/comments?post=737749"}],"version-history":[{"count":0,"href":"https:\/\/stoic-curie.212-227-153-4.plesk.page\/de\/wp-json\/wp\/v2\/product\/737749\/revisions"}],"wp:featuredmedia":[{"embeddable":true,"href":"https:\/\/stoic-curie.212-227-153-4.plesk.page\/de\/wp-json\/wp\/v2\/media\/5946487"}],"wp:attachment":[{"href":"https:\/\/stoic-curie.212-227-153-4.plesk.page\/de\/wp-json\/wp\/v2\/media?parent=737749"}],"wp:term":[{"taxonomy":"product_brand","embeddable":true,"href":"https:\/\/stoic-curie.212-227-153-4.plesk.page\/de\/wp-json\/wp\/v2\/product_brand?post=737749"},{"taxonomy":"product_cat","embeddable":true,"href":"https:\/\/stoic-curie.212-227-153-4.plesk.page\/de\/wp-json\/wp\/v2\/product_cat?post=737749"},{"taxonomy":"product_tag","embeddable":true,"href":"https:\/\/stoic-curie.212-227-153-4.plesk.page\/de\/wp-json\/wp\/v2\/product_tag?post=737749"}],"curies":[{"name":"wp","href":"https:\/\/api.w.org\/{rel}","templated":true}]}}