{"id":737757,"date":"2025-03-03T16:52:39","date_gmt":"2025-03-03T15:52:39","guid":{"rendered":"https:\/\/stoic-curie.212-227-153-4.plesk.page\/producto\/jacke-musto-essential-softshell-blau-groesse-m\/"},"modified":"2026-02-24T23:35:15","modified_gmt":"2026-02-24T23:35:15","slug":"jacke-musto-essential-softshell-blau-groesse-m","status":"publish","type":"product","link":"https:\/\/stoic-curie.212-227-153-4.plesk.page\/de\/product\/jacke-musto-essential-softshell-blau-groesse-m\/","title":{"rendered":"Jacke Musto Essential Softshell Blau &#8211; Gr\u00f6\u00dfe M"},"content":{"rendered":"<p>Jacke Musto Essential Softshell Blau &#8211; Gr\u00f6\u00dfe M &#8211; <\/p>\n<p>Musto Essential Softshell-Jacke aus dehnbarem, atmungsaktivem und winddichtem Material. Mit DWR (Durable Water Repellency)-Behandlung, zwei seitlichen Taschen und einer am Arm mit Rei\u00dfverschluss, Saum und B\u00fcndchen mit elastischen Kanten f\u00fcr eine bequeme Passform und vorgeformten \u00c4rmeln f\u00fcr maximale Bewegungsfreiheit.<\/p>\n","protected":false},"excerpt":{"rendered":"<p>Jacke Musto Essential Softshell Blau &#8211; Gr\u00f6\u00dfe M &#8211; Musto Essential Softshell-Jacke aus dehnbarem, atmungsaktivem und winddichtem Material. Mit DWR<\/p>\n","protected":false},"featured_media":5946518,"comment_status":"open","ping_status":"closed","template":"","meta":[],"product_brand":[3155],"product_cat":[1567],"product_tag":[],"class_list":{"0":"post-737757","1":"product","2":"type-product","3":"status-publish","4":"has-post-thumbnail","6":"product_brand-musto-de","7":"product_cat-segelbekleidung-musto","9":"first","10":"instock","11":"shipping-taxable","12":"purchasable","13":"product-type-simple"},"_links":{"self":[{"href":"https:\/\/stoic-curie.212-227-153-4.plesk.page\/de\/wp-json\/wp\/v2\/product\/737757","targetHints":{"allow":["GET"]}}],"collection":[{"href":"https:\/\/stoic-curie.212-227-153-4.plesk.page\/de\/wp-json\/wp\/v2\/product"}],"about":[{"href":"https:\/\/stoic-curie.212-227-153-4.plesk.page\/de\/wp-json\/wp\/v2\/types\/product"}],"replies":[{"embeddable":true,"href":"https:\/\/stoic-curie.212-227-153-4.plesk.page\/de\/wp-json\/wp\/v2\/comments?post=737757"}],"version-history":[{"count":0,"href":"https:\/\/stoic-curie.212-227-153-4.plesk.page\/de\/wp-json\/wp\/v2\/product\/737757\/revisions"}],"wp:featuredmedia":[{"embeddable":true,"href":"https:\/\/stoic-curie.212-227-153-4.plesk.page\/de\/wp-json\/wp\/v2\/media\/5946518"}],"wp:attachment":[{"href":"https:\/\/stoic-curie.212-227-153-4.plesk.page\/de\/wp-json\/wp\/v2\/media?parent=737757"}],"wp:term":[{"taxonomy":"product_brand","embeddable":true,"href":"https:\/\/stoic-curie.212-227-153-4.plesk.page\/de\/wp-json\/wp\/v2\/product_brand?post=737757"},{"taxonomy":"product_cat","embeddable":true,"href":"https:\/\/stoic-curie.212-227-153-4.plesk.page\/de\/wp-json\/wp\/v2\/product_cat?post=737757"},{"taxonomy":"product_tag","embeddable":true,"href":"https:\/\/stoic-curie.212-227-153-4.plesk.page\/de\/wp-json\/wp\/v2\/product_tag?post=737757"}],"curies":[{"name":"wp","href":"https:\/\/api.w.org\/{rel}","templated":true}]}}