{"id":737766,"date":"2025-03-03T16:52:42","date_gmt":"2025-03-03T15:52:42","guid":{"rendered":"https:\/\/stoic-curie.212-227-153-4.plesk.page\/producto\/jacke-musto-essential-softshell-schwarz-groesse-s\/"},"modified":"2026-02-24T23:35:15","modified_gmt":"2026-02-24T23:35:15","slug":"jacke-musto-essential-softshell-schwarz-groesse-s","status":"publish","type":"product","link":"https:\/\/stoic-curie.212-227-153-4.plesk.page\/de\/product\/jacke-musto-essential-softshell-schwarz-groesse-s\/","title":{"rendered":"Jacke Musto Essential Softshell Schwarz &#8211; Gr\u00f6\u00dfe S"},"content":{"rendered":"<p>Jacke Musto Essential Softshell Schwarz &#8211; Gr\u00f6\u00dfe S &#8211; <\/p>\n<p>Musto Essential Softshell Jacket aus dehnbarem, atmungsaktivem und winddichtem Stoff. Ausgestattet mit einer DWR (Durable Water Repellency) Behandlung, zwei Seitentaschen und einer Armtasche mit Rei\u00dfverschluss, Saum und B\u00fcndchen mit elastischen Kanten f\u00fcr eine enge Passform sowie vorgeformten \u00c4rmeln f\u00fcr maximale Bewegungsfreiheit.<\/p>\n","protected":false},"excerpt":{"rendered":"<p>Jacke Musto Essential Softshell Schwarz &#8211; Gr\u00f6\u00dfe S &#8211; Musto Essential Softshell Jacket aus dehnbarem, atmungsaktivem und winddichtem Stoff. Ausgestattet<\/p>\n","protected":false},"featured_media":5946523,"comment_status":"open","ping_status":"closed","template":"","meta":[],"product_brand":[3155],"product_cat":[1567],"product_tag":[],"class_list":{"0":"post-737766","1":"product","2":"type-product","3":"status-publish","4":"has-post-thumbnail","6":"product_brand-musto-de","7":"product_cat-segelbekleidung-musto","9":"first","10":"instock","11":"shipping-taxable","12":"purchasable","13":"product-type-simple"},"_links":{"self":[{"href":"https:\/\/stoic-curie.212-227-153-4.plesk.page\/de\/wp-json\/wp\/v2\/product\/737766","targetHints":{"allow":["GET"]}}],"collection":[{"href":"https:\/\/stoic-curie.212-227-153-4.plesk.page\/de\/wp-json\/wp\/v2\/product"}],"about":[{"href":"https:\/\/stoic-curie.212-227-153-4.plesk.page\/de\/wp-json\/wp\/v2\/types\/product"}],"replies":[{"embeddable":true,"href":"https:\/\/stoic-curie.212-227-153-4.plesk.page\/de\/wp-json\/wp\/v2\/comments?post=737766"}],"version-history":[{"count":0,"href":"https:\/\/stoic-curie.212-227-153-4.plesk.page\/de\/wp-json\/wp\/v2\/product\/737766\/revisions"}],"wp:featuredmedia":[{"embeddable":true,"href":"https:\/\/stoic-curie.212-227-153-4.plesk.page\/de\/wp-json\/wp\/v2\/media\/5946523"}],"wp:attachment":[{"href":"https:\/\/stoic-curie.212-227-153-4.plesk.page\/de\/wp-json\/wp\/v2\/media?parent=737766"}],"wp:term":[{"taxonomy":"product_brand","embeddable":true,"href":"https:\/\/stoic-curie.212-227-153-4.plesk.page\/de\/wp-json\/wp\/v2\/product_brand?post=737766"},{"taxonomy":"product_cat","embeddable":true,"href":"https:\/\/stoic-curie.212-227-153-4.plesk.page\/de\/wp-json\/wp\/v2\/product_cat?post=737766"},{"taxonomy":"product_tag","embeddable":true,"href":"https:\/\/stoic-curie.212-227-153-4.plesk.page\/de\/wp-json\/wp\/v2\/product_tag?post=737766"}],"curies":[{"name":"wp","href":"https:\/\/api.w.org\/{rel}","templated":true}]}}