{"id":737784,"date":"2025-03-03T16:56:49","date_gmt":"2025-03-03T15:56:49","guid":{"rendered":"https:\/\/stoic-curie.212-227-153-4.plesk.page\/producto\/weste-musto-essential-softshell-schwarz-groesse-xl\/"},"modified":"2026-02-24T23:35:15","modified_gmt":"2026-02-24T23:35:15","slug":"weste-musto-essential-softshell-schwarz-groesse-xl","status":"publish","type":"product","link":"https:\/\/stoic-curie.212-227-153-4.plesk.page\/de\/product\/weste-musto-essential-softshell-schwarz-groesse-xl\/","title":{"rendered":"Weste Musto Essential Softshell Schwarz &#8211; Gr\u00f6\u00dfe : XL"},"content":{"rendered":"<p>Weste Musto Essential Softshell Schwarz &#8211; Gr\u00f6\u00dfe : XL &#8211; <\/p>\n<p>Musto Essential Softshell Weste aus dehnbarem, atmungsaktivem und winddichtem Material. Mit DWR (Durable Water Repellency) Behandlung, zwei seitlichen Taschen und einer Brusttasche mit Rei\u00dfverschluss sowie einem Saum mit elastischen Kanten f\u00fcr eine bequeme Passform.<\/p>\n","protected":false},"excerpt":{"rendered":"<p>Weste Musto Essential Softshell Schwarz &#8211; Gr\u00f6\u00dfe : XL &#8211; Musto Essential Softshell Weste aus dehnbarem, atmungsaktivem und winddichtem Material.<\/p>\n","protected":false},"featured_media":5946529,"comment_status":"open","ping_status":"closed","template":"","meta":[],"product_brand":[3155],"product_cat":[1567],"product_tag":[],"class_list":{"0":"post-737784","1":"product","2":"type-product","3":"status-publish","4":"has-post-thumbnail","6":"product_brand-musto-de","7":"product_cat-segelbekleidung-musto","9":"first","10":"instock","11":"shipping-taxable","12":"purchasable","13":"product-type-simple"},"_links":{"self":[{"href":"https:\/\/stoic-curie.212-227-153-4.plesk.page\/de\/wp-json\/wp\/v2\/product\/737784","targetHints":{"allow":["GET"]}}],"collection":[{"href":"https:\/\/stoic-curie.212-227-153-4.plesk.page\/de\/wp-json\/wp\/v2\/product"}],"about":[{"href":"https:\/\/stoic-curie.212-227-153-4.plesk.page\/de\/wp-json\/wp\/v2\/types\/product"}],"replies":[{"embeddable":true,"href":"https:\/\/stoic-curie.212-227-153-4.plesk.page\/de\/wp-json\/wp\/v2\/comments?post=737784"}],"version-history":[{"count":0,"href":"https:\/\/stoic-curie.212-227-153-4.plesk.page\/de\/wp-json\/wp\/v2\/product\/737784\/revisions"}],"wp:featuredmedia":[{"embeddable":true,"href":"https:\/\/stoic-curie.212-227-153-4.plesk.page\/de\/wp-json\/wp\/v2\/media\/5946529"}],"wp:attachment":[{"href":"https:\/\/stoic-curie.212-227-153-4.plesk.page\/de\/wp-json\/wp\/v2\/media?parent=737784"}],"wp:term":[{"taxonomy":"product_brand","embeddable":true,"href":"https:\/\/stoic-curie.212-227-153-4.plesk.page\/de\/wp-json\/wp\/v2\/product_brand?post=737784"},{"taxonomy":"product_cat","embeddable":true,"href":"https:\/\/stoic-curie.212-227-153-4.plesk.page\/de\/wp-json\/wp\/v2\/product_cat?post=737784"},{"taxonomy":"product_tag","embeddable":true,"href":"https:\/\/stoic-curie.212-227-153-4.plesk.page\/de\/wp-json\/wp\/v2\/product_tag?post=737784"}],"curies":[{"name":"wp","href":"https:\/\/api.w.org\/{rel}","templated":true}]}}