{"id":737788,"date":"2025-03-03T16:56:50","date_gmt":"2025-03-03T15:56:50","guid":{"rendered":"https:\/\/stoic-curie.212-227-153-4.plesk.page\/producto\/offshore-jacke-helly-hansen-skagen-rot-groesse-l\/"},"modified":"2026-02-24T23:35:15","modified_gmt":"2026-02-24T23:35:15","slug":"offshore-jacke-helly-hansen-skagen-rot-groesse-l","status":"publish","type":"product","link":"https:\/\/stoic-curie.212-227-153-4.plesk.page\/de\/product\/offshore-jacke-helly-hansen-skagen-rot-groesse-l\/","title":{"rendered":"Offshore Jacke Helly Hansen Skagen Rot, Gr\u00f6\u00dfe : L"},"content":{"rendered":"<p>Offshore Jacke Helly Hansen Skagen Rot, Gr\u00f6\u00dfe : L &#8211; <\/p>\n<p>Die Helly Hansen Skagen Offshore Jacket ist ideal f\u00fcr Offshore- und K\u00fcstennavigation und bietet umfassenden Schutz vor Wind und Wellen. Sie besteht aus einem 2-lagigen, mit Durable Water Repellency (DWR) behandeltem, wasserdichten, winddichten und atmungsaktiven HellyTech\u00ae Performance-Gewebe. Die Jacke verf\u00fcgt \u00fcber versiegelte N\u00e4hte, ein schnell trocknendes Netzfutter, eine Lendenverst\u00e4rkung, einen doppelten Sturmverschluss, verstellbare Manschetten, vorgeformte \u00c4rmel, Brusttaschen mit wasserabweisendem Rei\u00dfverschluss, gef\u00fctterte Handw\u00e4rmertaschen, gro\u00dfe Cargotaschen, einen hochstehenden Kragen mit Gesichtsschutz, eine EN471 hochsichtbare verstellbare Kapuze und REFLECTIVE-Materialien, die den SOLAS-Vorgaben entsprechen.<\/p>\n","protected":false},"excerpt":{"rendered":"<p>Offshore Jacke Helly Hansen Skagen Rot, Gr\u00f6\u00dfe : L &#8211; Die Helly Hansen Skagen Offshore Jacket ist ideal f\u00fcr Offshore-<\/p>\n","protected":false},"featured_media":5946530,"comment_status":"open","ping_status":"closed","template":"","meta":[],"product_brand":[3000],"product_cat":[1570],"product_tag":[],"class_list":{"0":"post-737788","1":"product","2":"type-product","3":"status-publish","4":"has-post-thumbnail","6":"product_brand-helly-hansen-de","7":"product_cat-nautische-bekleidung-helly-hansen","9":"first","10":"instock","11":"shipping-taxable","12":"purchasable","13":"product-type-simple"},"_links":{"self":[{"href":"https:\/\/stoic-curie.212-227-153-4.plesk.page\/de\/wp-json\/wp\/v2\/product\/737788","targetHints":{"allow":["GET"]}}],"collection":[{"href":"https:\/\/stoic-curie.212-227-153-4.plesk.page\/de\/wp-json\/wp\/v2\/product"}],"about":[{"href":"https:\/\/stoic-curie.212-227-153-4.plesk.page\/de\/wp-json\/wp\/v2\/types\/product"}],"replies":[{"embeddable":true,"href":"https:\/\/stoic-curie.212-227-153-4.plesk.page\/de\/wp-json\/wp\/v2\/comments?post=737788"}],"version-history":[{"count":0,"href":"https:\/\/stoic-curie.212-227-153-4.plesk.page\/de\/wp-json\/wp\/v2\/product\/737788\/revisions"}],"wp:featuredmedia":[{"embeddable":true,"href":"https:\/\/stoic-curie.212-227-153-4.plesk.page\/de\/wp-json\/wp\/v2\/media\/5946530"}],"wp:attachment":[{"href":"https:\/\/stoic-curie.212-227-153-4.plesk.page\/de\/wp-json\/wp\/v2\/media?parent=737788"}],"wp:term":[{"taxonomy":"product_brand","embeddable":true,"href":"https:\/\/stoic-curie.212-227-153-4.plesk.page\/de\/wp-json\/wp\/v2\/product_brand?post=737788"},{"taxonomy":"product_cat","embeddable":true,"href":"https:\/\/stoic-curie.212-227-153-4.plesk.page\/de\/wp-json\/wp\/v2\/product_cat?post=737788"},{"taxonomy":"product_tag","embeddable":true,"href":"https:\/\/stoic-curie.212-227-153-4.plesk.page\/de\/wp-json\/wp\/v2\/product_tag?post=737788"}],"curies":[{"name":"wp","href":"https:\/\/api.w.org\/{rel}","templated":true}]}}