{"id":737790,"date":"2025-03-03T16:56:50","date_gmt":"2025-03-03T15:56:50","guid":{"rendered":"https:\/\/stoic-curie.212-227-153-4.plesk.page\/producto\/offshore-jacke-helly-hansen-skagen-red-groesse-xxl\/"},"modified":"2026-02-24T23:35:15","modified_gmt":"2026-02-24T23:35:15","slug":"offshore-jacke-helly-hansen-skagen-red-groesse-xxl","status":"publish","type":"product","link":"https:\/\/stoic-curie.212-227-153-4.plesk.page\/de\/product\/offshore-jacke-helly-hansen-skagen-red-groesse-xxl\/","title":{"rendered":"Offshore Jacke Helly Hansen Skagen Red, Gr\u00f6\u00dfe : XXL"},"content":{"rendered":"<p>Offshore Jacke Helly Hansen Skagen Red, Gr\u00f6\u00dfe : XXL &#8211; <\/p>\n<p>Die Helly Hansen Skagen Offshore Jacke ist ideal f\u00fcr Offshore- und K\u00fcstennavigation und bietet umfassenden Schutz vor Wind und Wellen. Mit einer 2-Lagen-Konstruktion und einer langlebigen, wasserabweisenden (DWR) Behandlung ist der Stoff wasserdicht, winddicht und atmungsaktiv dank der HellyTech\u00c2\u00ae Performance-Technologie. Sie verf\u00fcgt \u00fcber vollst\u00e4ndig versiegelte N\u00e4hte, ein schnell trocknendes Netzfutter, eine Lendenverst\u00e4rkung, doppelten Sturmschutz und doppelt verstellbare B\u00fcndchen. Die ergonomisch geformten \u00c4rmeln, die Brusttaschen mit wasserabweisendem Rei\u00dfverschluss, die fleecegef\u00fctterten Handw\u00e4rmer-Taschen, die gro\u00dfen Cargo-Taschen, der hochprofilierte Kragen mit Gesichtsschutz, die EN471 hochsichtbare verstellbare Kapuze und reflektierende Teile, die den Solas-Vorgaben entsprechen, runden das Gesamtpaket ab.<\/p>\n","protected":false},"excerpt":{"rendered":"<p>Offshore Jacke Helly Hansen Skagen Red, Gr\u00f6\u00dfe : XXL &#8211; Die Helly Hansen Skagen Offshore Jacke ist ideal f\u00fcr Offshore-<\/p>\n","protected":false},"featured_media":5946530,"comment_status":"open","ping_status":"closed","template":"","meta":[],"product_brand":[3000],"product_cat":[1570],"product_tag":[],"class_list":{"0":"post-737790","1":"product","2":"type-product","3":"status-publish","4":"has-post-thumbnail","6":"product_brand-helly-hansen-de","7":"product_cat-nautische-bekleidung-helly-hansen","9":"first","10":"instock","11":"shipping-taxable","12":"purchasable","13":"product-type-simple"},"_links":{"self":[{"href":"https:\/\/stoic-curie.212-227-153-4.plesk.page\/de\/wp-json\/wp\/v2\/product\/737790","targetHints":{"allow":["GET"]}}],"collection":[{"href":"https:\/\/stoic-curie.212-227-153-4.plesk.page\/de\/wp-json\/wp\/v2\/product"}],"about":[{"href":"https:\/\/stoic-curie.212-227-153-4.plesk.page\/de\/wp-json\/wp\/v2\/types\/product"}],"replies":[{"embeddable":true,"href":"https:\/\/stoic-curie.212-227-153-4.plesk.page\/de\/wp-json\/wp\/v2\/comments?post=737790"}],"version-history":[{"count":0,"href":"https:\/\/stoic-curie.212-227-153-4.plesk.page\/de\/wp-json\/wp\/v2\/product\/737790\/revisions"}],"wp:featuredmedia":[{"embeddable":true,"href":"https:\/\/stoic-curie.212-227-153-4.plesk.page\/de\/wp-json\/wp\/v2\/media\/5946530"}],"wp:attachment":[{"href":"https:\/\/stoic-curie.212-227-153-4.plesk.page\/de\/wp-json\/wp\/v2\/media?parent=737790"}],"wp:term":[{"taxonomy":"product_brand","embeddable":true,"href":"https:\/\/stoic-curie.212-227-153-4.plesk.page\/de\/wp-json\/wp\/v2\/product_brand?post=737790"},{"taxonomy":"product_cat","embeddable":true,"href":"https:\/\/stoic-curie.212-227-153-4.plesk.page\/de\/wp-json\/wp\/v2\/product_cat?post=737790"},{"taxonomy":"product_tag","embeddable":true,"href":"https:\/\/stoic-curie.212-227-153-4.plesk.page\/de\/wp-json\/wp\/v2\/product_tag?post=737790"}],"curies":[{"name":"wp","href":"https:\/\/api.w.org\/{rel}","templated":true}]}}