{"id":737791,"date":"2025-03-03T16:56:50","date_gmt":"2025-03-03T15:56:50","guid":{"rendered":"https:\/\/stoic-curie.212-227-153-4.plesk.page\/producto\/vitrifrigo-c65d-12-24v\/"},"modified":"2026-02-24T23:35:15","modified_gmt":"2026-02-24T23:35:15","slug":"vitrifrigo-c65d-12-24v","status":"publish","type":"product","link":"https:\/\/stoic-curie.212-227-153-4.plesk.page\/de\/product\/vitrifrigo-c65d-12-24v\/","title":{"rendered":"Tragbarer K\u00fchlschrank Vitrifrigo C65D"},"content":{"rendered":"<p>Tragbarer K\u00fchlschrank Vitrifrigo C65D &#8211; <\/p>\n<p>Wir stellen den C65D tragbaren K\u00fchlschrank und Gefrierschrank von Vitrifrigo vor, der f\u00fcr spezielle Installationen entwickelt wurde. Dieser tragbare K\u00fchlschrank\/Gefrierschrank verf\u00fcgt \u00fcber ein Dual-Voltage-Danfoss-K\u00fchlsystem, das mit 12\/24V betrieben wird.<\/p>\n<p>Sie k\u00f6nnen die Innentemperatur ganz einfach zwischen +10\u00b0C und -20\u00b0C mit dem LED-Thermostat oder dem digitalen Display einstellen. Das Ger\u00e4t verbraucht 45W Leistung.<\/p>\n<p>Das Modell C65D ist mit einem digitalen Thermostat ausgestattet, w\u00e4hrend das C65L \u00fcber ein LED-Thermostat verf\u00fcgt.<\/p>\n<p>Der C65D tragbare K\u00fchlschrank-Gefrierschrank ist eine ausgezeichnete Wahl f\u00fcr Ihre Lebensmittelaufbewahrungsbed\u00fcrfnisse unterwegs. Mit einem gro\u00dfz\u00fcgigen Fassungsverm\u00f6gen von 65 Litern und einem Gewicht von 24 kg bietet er ausreichend Platz f\u00fcr eine Vielzahl von Lebensmitteln und Getr\u00e4nken.<\/p>\n<p>Der verstellbare digitale Thermostat erm\u00f6glicht es Ihnen, die perfekte Temperatur zwischen +10\u00b0C und -20\u00b0C einzustellen, damit Ihre Produkte frisch bleiben.<\/p>\n<p>Zur zus\u00e4tzlichen Bequemlichkeit hilft der herausnehmbare Korb, Ihre Lebensmittel zu organisieren, und das interne LED-Licht sorgt daf\u00fcr, dass Sie alles im Inneren auch bei schwachem Licht sehen k\u00f6nnen.<\/p>\n<p><strong>Spezifikationen:<\/strong><\/p>\n<ul>\n<li><strong>T\u00fcrfinish:<\/strong> ABS<\/li>\n<li><strong>Kapazit\u00e4t:<\/strong> 65 Liter<\/li>\n<li><strong>H\u00f6he:<\/strong> 458 mm<\/li>\n<li><strong>L\u00e4nge:<\/strong> 765 mm<\/li>\n<li><strong>Tiefe:<\/strong> 510 mm<\/li>\n<li><strong>Gewicht:<\/strong> 24 kg<\/li>\n<li><strong>Serie:<\/strong> VFREE<\/li>\n<li><strong>Umkehrbare T\u00fcr:<\/strong> Nein<\/li>\n<li><strong>Thermostat:<\/strong> Digital<\/li>\n<li><strong>K\u00fchltechnologie:<\/strong> Kompressor<\/li>\n<li><strong>K\u00fchlger\u00e4t:<\/strong> Intern<\/li>\n<li><strong>T\u00fcr\u00f6ffnung:<\/strong> Im Cockpit<\/li>\n<li><strong>Spannung:<\/strong> 12\/24 VDC<\/li>\n<\/ul>\n<p>Dieser tragbare K\u00fchlschrank-Gefrierschrank ist eine zuverl\u00e4ssige L\u00f6sung, um Ihre Lebensmittel und Getr\u00e4nke k\u00fchl zu halten, ganz gleich, wohin Sie Ihre Abenteuer f\u00fchren.<\/p>\n","protected":false},"excerpt":{"rendered":"<p>Tragbarer K\u00fchlschrank Vitrifrigo C65D &#8211; Wir stellen den C65D tragbaren K\u00fchlschrank und Gefrierschrank von Vitrifrigo vor, der f\u00fcr spezielle Installationen<\/p>\n","protected":false},"featured_media":5935946,"comment_status":"open","ping_status":"closed","template":"","meta":[],"product_brand":[3525],"product_cat":[1359,1464],"product_tag":[],"class_list":{"0":"post-737791","1":"product","2":"type-product","3":"status-publish","4":"has-post-thumbnail","6":"product_brand-vitrifrigo-de","7":"product_cat-kuehlbox-kuehlgeraete","8":"product_cat-kuehlschraenke-und-gefriertruhen","10":"first","11":"instock","12":"shipping-taxable","13":"purchasable","14":"product-type-simple"},"_links":{"self":[{"href":"https:\/\/stoic-curie.212-227-153-4.plesk.page\/de\/wp-json\/wp\/v2\/product\/737791","targetHints":{"allow":["GET"]}}],"collection":[{"href":"https:\/\/stoic-curie.212-227-153-4.plesk.page\/de\/wp-json\/wp\/v2\/product"}],"about":[{"href":"https:\/\/stoic-curie.212-227-153-4.plesk.page\/de\/wp-json\/wp\/v2\/types\/product"}],"replies":[{"embeddable":true,"href":"https:\/\/stoic-curie.212-227-153-4.plesk.page\/de\/wp-json\/wp\/v2\/comments?post=737791"}],"version-history":[{"count":0,"href":"https:\/\/stoic-curie.212-227-153-4.plesk.page\/de\/wp-json\/wp\/v2\/product\/737791\/revisions"}],"wp:featuredmedia":[{"embeddable":true,"href":"https:\/\/stoic-curie.212-227-153-4.plesk.page\/de\/wp-json\/wp\/v2\/media\/5935946"}],"wp:attachment":[{"href":"https:\/\/stoic-curie.212-227-153-4.plesk.page\/de\/wp-json\/wp\/v2\/media?parent=737791"}],"wp:term":[{"taxonomy":"product_brand","embeddable":true,"href":"https:\/\/stoic-curie.212-227-153-4.plesk.page\/de\/wp-json\/wp\/v2\/product_brand?post=737791"},{"taxonomy":"product_cat","embeddable":true,"href":"https:\/\/stoic-curie.212-227-153-4.plesk.page\/de\/wp-json\/wp\/v2\/product_cat?post=737791"},{"taxonomy":"product_tag","embeddable":true,"href":"https:\/\/stoic-curie.212-227-153-4.plesk.page\/de\/wp-json\/wp\/v2\/product_tag?post=737791"}],"curies":[{"name":"wp","href":"https:\/\/api.w.org\/{rel}","templated":true}]}}