{"id":737794,"date":"2025-03-03T16:56:51","date_gmt":"2025-03-03T15:56:51","guid":{"rendered":"https:\/\/stoic-curie.212-227-153-4.plesk.page\/producto\/quick-challenger-delta-weiss-blau-149-mm-60-w-20-30-v\/"},"modified":"2026-02-24T23:35:15","modified_gmt":"2026-02-24T23:35:15","slug":"quick-challenger-delta-weiss-blau-149-mm-60-w-20-30-v","status":"publish","type":"product","link":"https:\/\/stoic-curie.212-227-153-4.plesk.page\/de\/product\/quick-challenger-delta-weiss-blau-149-mm-60-w-20-30-v\/","title":{"rendered":"Quick Challenger Delta Wei\u00df-Blau 149 mm 60 W 20-30 V"},"content":{"rendered":"<p>Quick Challenger Delta Wei\u00df-Blau 149 mm 60 W 20-30 V &#8211; <\/p>\n<p style=\"color: rgb(34, 34, 34); font-family: Arial, Helvetica, sans-serif; font-size: small;\">Das Unterwasserlicht CLG EVO 60W &#8211; QN DUAL ist mit einem langlebigen Geh\u00e4use aus 316 Edelstahl ausgestattet und f\u00fcr die Installation unterhalb der Wasserlinie konzipiert. Es erfordert ein 20 mm Loch und Befestigungsschrauben f\u00fcr eine sichere Platzierung. Dieses Licht verf\u00fcgt \u00fcber einen integrierten Treiber, der gegen Spannungsspitzen und Polarit\u00e4tsumkehrung gesch\u00fctzt ist. Sie haben die Wahl zwischen einem kalten wei\u00dfen Licht mit 6200 K\u00b0 oder einer zweifarbigen Wei\u00df- und Blau-Option.<\/p>\n<p style=\"color: rgb(34, 34, 34); font-family: Arial, Helvetica, sans-serif; font-size: small;\">Die technischen Daten der CLG EVO 60W Modelle sind wie folgt:<\/p>\n<ul style=\"color: rgb(34, 34, 34); font-family: Arial, Helvetica, sans-serif; font-size: small;\">\n<li>\n<p><strong>CLG EVO 60W &#8211; QC<\/strong>:<\/p>\n<ul>\n<li>Leistung: 60 W<\/li>\n<li>Spannung: 20-30 Vdc<\/li>\n<li>Farbtemperatur: 6200-6500 K<\/li>\n<li>Abmessungen: \u00d8 5 45\/64&#8243; x 4 63\/64&#8243;<\/li>\n<li>Befestigungsloch: \u00d8 7\/8&#8243;<\/li>\n<li>Schutzart: IP68<\/li>\n<\/ul>\n<\/li>\n<li>\n<p><strong>CLG EVO 60W &#8211; QN<\/strong>:<\/p>\n<ul>\n<li>Leistung: 60 W<\/li>\n<li>Spannung: 20-30 Vdc<\/li>\n<li>Farbtemperatur: 6200-6500 K<\/li>\n<li>Abmessungen: \u00d8 5 45\/64&#8243; x 4 63\/64&#8243;<\/li>\n<li>Befestigungsloch: \u00d8 7\/8&#8243;<\/li>\n<li>Schutzart: IP68<\/li>\n<\/ul>\n<\/li>\n<li>\n<p><strong>CLG EVO 60W &#8211; QC DUAL<\/strong>:<\/p>\n<ul>\n<li>Leistung: 60 W<\/li>\n<li>Spannung: 20-30 Vdc<\/li>\n<li>Farbtemperatur: 6200-6500 K<\/li>\n<li>Abmessungen: \u00d8 5 45\/64&#8243; x 4 63\/64&#8243;<\/li>\n<li>Befestigungsloch: \u00d8 7\/8&#8243;<\/li>\n<li>Schutzart: IP68<\/li>\n<\/ul>\n<\/li>\n<li>\n<p><strong>CLG EVO 60W &#8211; QN DUAL<\/strong>:<\/p>\n<ul>\n<li>Leistung: 60 W<\/li>\n<li>Spannung: 20-30 Vdc<\/li>\n<li>Farbtemperatur: 6200-6500 K<\/li>\n<li>Abmessungen: \u00d8 5 45\/64&#8243; x 4 63\/64&#8243;<\/li>\n<li>Befestigungsloch: \u00d8 7\/8&#8243;<\/li>\n<li>Schutzart: IP68<\/li>\n<\/ul>\n<\/li>\n<li>\n<p><strong>CLG EVO 60W &#8211; QC RGBW<\/strong>:<\/p>\n<ul>\n<li>Leistung: 60 W<\/li>\n<li>Spannung: 20-30 Vdc<\/li>\n<li>Farbtemperatur: nicht spezifiziert<\/li>\n<li>Abmessungen: \u00d8 5 45\/64&#8243; x 4 63\/64&#8243;<\/li>\n<li>Befestigungsloch: \u00d8 7\/8&#8243;<\/li>\n<li>Schutzart: IP68<\/li>\n<\/ul>\n<\/li>\n<li>\n<p><strong>CLG EVO 60W &#8211; QN RGBW<\/strong>:<\/p>\n<ul>\n<li>Leistung: 60 W<\/li>\n<li>Spannung: 20-30 Vdc<\/li>\n<li>Farbtemperatur: nicht spezifiziert<\/li>\n<li>Abmessungen: \u00d8 5 45\/64&#8243; x 4 63\/64&#8243;<\/li>\n<li>Befestigungsloch: \u00d8 7\/8&#8243;<\/li>\n<li>Schutzart: IP68<\/li>\n<\/ul>\n<\/li>\n<\/ul>\n<p style=\"color: rgb(34, 34, 34); font-family: Arial, Helvetica, sans-serif; font-size: small;\">Diese umfassende \u00dcbersicht bietet wichtige Informationen zu den CLG EVO 60W Unterwasserlichtern, damit Sie die n\u00f6tigen Informationen f\u00fcr Ihre Beleuchtungsbed\u00fcrfnisse haben.<\/p>\n","protected":false},"excerpt":{"rendered":"<p>Quick Challenger Delta Wei\u00df-Blau 149 mm 60 W 20-30 V &#8211; Das Unterwasserlicht CLG EVO 60W &#8211; QN DUAL ist<\/p>\n","protected":false},"featured_media":5946547,"comment_status":"open","ping_status":"closed","template":"","meta":[],"product_brand":[3280],"product_cat":[1444],"product_tag":[],"class_list":{"0":"post-737794","1":"product","2":"type-product","3":"status-publish","4":"has-post-thumbnail","6":"product_brand-quick-de","7":"product_cat-unterwasser-led-leuchten","9":"first","10":"outofstock","11":"shipping-taxable","12":"purchasable","13":"product-type-simple"},"_links":{"self":[{"href":"https:\/\/stoic-curie.212-227-153-4.plesk.page\/de\/wp-json\/wp\/v2\/product\/737794","targetHints":{"allow":["GET"]}}],"collection":[{"href":"https:\/\/stoic-curie.212-227-153-4.plesk.page\/de\/wp-json\/wp\/v2\/product"}],"about":[{"href":"https:\/\/stoic-curie.212-227-153-4.plesk.page\/de\/wp-json\/wp\/v2\/types\/product"}],"replies":[{"embeddable":true,"href":"https:\/\/stoic-curie.212-227-153-4.plesk.page\/de\/wp-json\/wp\/v2\/comments?post=737794"}],"version-history":[{"count":0,"href":"https:\/\/stoic-curie.212-227-153-4.plesk.page\/de\/wp-json\/wp\/v2\/product\/737794\/revisions"}],"wp:featuredmedia":[{"embeddable":true,"href":"https:\/\/stoic-curie.212-227-153-4.plesk.page\/de\/wp-json\/wp\/v2\/media\/5946547"}],"wp:attachment":[{"href":"https:\/\/stoic-curie.212-227-153-4.plesk.page\/de\/wp-json\/wp\/v2\/media?parent=737794"}],"wp:term":[{"taxonomy":"product_brand","embeddable":true,"href":"https:\/\/stoic-curie.212-227-153-4.plesk.page\/de\/wp-json\/wp\/v2\/product_brand?post=737794"},{"taxonomy":"product_cat","embeddable":true,"href":"https:\/\/stoic-curie.212-227-153-4.plesk.page\/de\/wp-json\/wp\/v2\/product_cat?post=737794"},{"taxonomy":"product_tag","embeddable":true,"href":"https:\/\/stoic-curie.212-227-153-4.plesk.page\/de\/wp-json\/wp\/v2\/product_tag?post=737794"}],"curies":[{"name":"wp","href":"https:\/\/api.w.org\/{rel}","templated":true}]}}