{"id":737795,"date":"2025-03-03T16:56:52","date_gmt":"2025-03-03T15:56:52","guid":{"rendered":"https:\/\/stoic-curie.212-227-153-4.plesk.page\/producto\/quick-challenger-delta-weiss-149-mm-80-w\/"},"modified":"2026-02-24T23:35:15","modified_gmt":"2026-02-24T23:35:15","slug":"quick-challenger-delta-weiss-149-mm-80-w","status":"publish","type":"product","link":"https:\/\/stoic-curie.212-227-153-4.plesk.page\/de\/product\/quick-challenger-delta-weiss-149-mm-80-w\/","title":{"rendered":"Quick Challenger Delta Wei\u00df 149 mm 80 W"},"content":{"rendered":"<p>Quick Challenger Delta Wei\u00df 149 mm 80 W &#8211; <\/p>\n<p><strong>Submersible Light CLG EVO 80W &#8211; QN<\/strong><\/p>\n<p>Die CLG EVO 80W ist ein hochwertiges Unterwasserlicht, das aus langlebigem 316 Edelstahl gefertigt ist. Es l\u00e4sst sich einfach unterhalb der Wasserlinie installieren und ben\u00f6tigt lediglich ein 20 mm Loch und Befestigungsschrauben. Dieses Licht enth\u00e4lt einen integrierten Treiber, der vor Spannungsspitzen und Polarity-Wenden sch\u00fctzt. Sie k\u00f6nnen zwischen einem kalten wei\u00dfen Licht bei 6200 K\u00b0 oder einer zweifarbigen Wei\u00df-Blau-Option w\u00e4hlen.<\/p>\n<p><strong>Spezifikationen:<\/strong><\/p>\n<table>\n<thead>\n<tr>\n<th>Modell<\/th>\n<th>Leistung<\/th>\n<th>Versorgung<\/th>\n<th>Farbtemp. (\u00b0K)<\/th>\n<th>Lumen<\/th>\n<th>Winkel<\/th>\n<th>Dimmbar<\/th>\n<th>Schalter<\/th>\n<th>Rahmen<\/th>\n<th>Ausschnitt<\/th>\n<th>IP Bewertung<\/th>\n<th>Datenblatt<\/th>\n<\/tr>\n<\/thead>\n<tbody>\n<tr>\n<td>CLG EVO 80W &#8211; QC<\/td>\n<td>80 W<\/td>\n<td>20-30 Vdc<\/td>\n<td>6200-6500<\/td>\n<td>8780<\/td>\n<td>&#8211;<\/td>\n<td>Nein<\/td>\n<td>Nein<\/td>\n<td>\u00d8 5 45\/64&#8243;<\/td>\n<td>4 63\/64&#8243;<\/td>\n<td>\u00d8 7\/8&#8243;<\/td>\n<td>IP68<\/td>\n<\/tr>\n<tr>\n<td>CLG EVO 80W &#8211; QN<\/td>\n<td>80 W<\/td>\n<td>20-30 Vdc<\/td>\n<td>6200-6500<\/td>\n<td>8780<\/td>\n<td>&#8211;<\/td>\n<td>Nein<\/td>\n<td>Nein<\/td>\n<td>\u00d8 5 45\/64&#8243;<\/td>\n<td>4 63\/64&#8243;<\/td>\n<td>\u00d8 7\/8&#8243;<\/td>\n<td>IP68<\/td>\n<\/tr>\n<tr>\n<td>CLG EVO 80W &#8211; QC DUAL<\/td>\n<td>80 W<\/td>\n<td>20-30 Vdc<\/td>\n<td>6200-6500<\/td>\n<td>8780<\/td>\n<td>&#8211;<\/td>\n<td>Nein<\/td>\n<td>Nein<\/td>\n<td>\u00d8 5 45\/64&#8243;<\/td>\n<td>4 63\/64&#8243;<\/td>\n<td>\u00d8 7\/8&#8243;<\/td>\n<td>IP68<\/td>\n<\/tr>\n<tr>\n<td>CLG EVO 80W &#8211; QN DUAL<\/td>\n<td>80 W<\/td>\n<td>20-30 Vdc<\/td>\n<td>6200-6500<\/td>\n<td>8780<\/td>\n<td>&#8211;<\/td>\n<td>Nein<\/td>\n<td>Nein<\/td>\n<td>\u00d8 5 45\/64&#8243;<\/td>\n<td>4 63\/64&#8243;<\/td>\n<td>\u00d8 7\/8&#8243;<\/td>\n<td>IP68<\/td>\n<\/tr>\n<tr>\n<td>CLG EVO 80W &#8211; QC RGBW<\/td>\n<td>80 W<\/td>\n<td>20-30 Vdc<\/td>\n<td>&#8211;<\/td>\n<td>&#8211;<\/td>\n<td>&#8211;<\/td>\n<td>Nein<\/td>\n<td>Nein<\/td>\n<td>\u00d8 5 45\/64&#8243;<\/td>\n<td>4 63\/64&#8243;<\/td>\n<td>\u00d8 7\/8&#8243;<\/td>\n<td>IP68<\/td>\n<\/tr>\n<tr>\n<td>CLG EVO 80W &#8211; QN RGBW<\/td>\n<td>80 W<\/td>\n<td>20-30 Vdc<\/td>\n<td>&#8211;<\/td>\n<td>&#8211;<\/td>\n<td>&#8211;<\/td>\n<td>Nein<\/td>\n<td>Nein<\/td>\n<td>\u00d8 5 45\/64&#8243;<\/td>\n<td>4 63\/64&#8243;<\/td>\n<td>\u00d8 7\/8&#8243;<\/td>\n<td>IP68<\/td>\n<\/tr>\n<\/tbody>\n<\/table>\n<p>Dieses Unterwasserlicht ist eine ausgezeichnete Wahl zur Verbesserung Ihres Unterwassererlebnisses und bietet sowohl zuverl\u00e4ssige Leistung als auch ein stilvolles Design.<\/p>\n","protected":false},"excerpt":{"rendered":"<p>Quick Challenger Delta Wei\u00df 149 mm 80 W &#8211; Submersible Light CLG EVO 80W &#8211; QN Die CLG EVO 80W<\/p>\n","protected":false},"featured_media":5946547,"comment_status":"open","ping_status":"closed","template":"","meta":[],"product_brand":[3280],"product_cat":[1444],"product_tag":[],"class_list":{"0":"post-737795","1":"product","2":"type-product","3":"status-publish","4":"has-post-thumbnail","6":"product_brand-quick-de","7":"product_cat-unterwasser-led-leuchten","9":"first","10":"outofstock","11":"shipping-taxable","12":"purchasable","13":"product-type-simple"},"_links":{"self":[{"href":"https:\/\/stoic-curie.212-227-153-4.plesk.page\/de\/wp-json\/wp\/v2\/product\/737795","targetHints":{"allow":["GET"]}}],"collection":[{"href":"https:\/\/stoic-curie.212-227-153-4.plesk.page\/de\/wp-json\/wp\/v2\/product"}],"about":[{"href":"https:\/\/stoic-curie.212-227-153-4.plesk.page\/de\/wp-json\/wp\/v2\/types\/product"}],"replies":[{"embeddable":true,"href":"https:\/\/stoic-curie.212-227-153-4.plesk.page\/de\/wp-json\/wp\/v2\/comments?post=737795"}],"version-history":[{"count":0,"href":"https:\/\/stoic-curie.212-227-153-4.plesk.page\/de\/wp-json\/wp\/v2\/product\/737795\/revisions"}],"wp:featuredmedia":[{"embeddable":true,"href":"https:\/\/stoic-curie.212-227-153-4.plesk.page\/de\/wp-json\/wp\/v2\/media\/5946547"}],"wp:attachment":[{"href":"https:\/\/stoic-curie.212-227-153-4.plesk.page\/de\/wp-json\/wp\/v2\/media?parent=737795"}],"wp:term":[{"taxonomy":"product_brand","embeddable":true,"href":"https:\/\/stoic-curie.212-227-153-4.plesk.page\/de\/wp-json\/wp\/v2\/product_brand?post=737795"},{"taxonomy":"product_cat","embeddable":true,"href":"https:\/\/stoic-curie.212-227-153-4.plesk.page\/de\/wp-json\/wp\/v2\/product_cat?post=737795"},{"taxonomy":"product_tag","embeddable":true,"href":"https:\/\/stoic-curie.212-227-153-4.plesk.page\/de\/wp-json\/wp\/v2\/product_tag?post=737795"}],"curies":[{"name":"wp","href":"https:\/\/api.w.org\/{rel}","templated":true}]}}