{"id":737796,"date":"2025-03-03T16:56:52","date_gmt":"2025-03-03T15:56:52","guid":{"rendered":"https:\/\/stoic-curie.212-227-153-4.plesk.page\/producto\/quick-challenger-delta-weiss-blau-80-w\/"},"modified":"2026-02-24T23:35:15","modified_gmt":"2026-02-24T23:35:15","slug":"quick-challenger-delta-weiss-blau-80-w","status":"publish","type":"product","link":"https:\/\/stoic-curie.212-227-153-4.plesk.page\/de\/product\/quick-challenger-delta-weiss-blau-80-w\/","title":{"rendered":"Quick Challenger Delta Wei\u00df &#8211; Blau 80 W"},"content":{"rendered":"<p>Quick Challenger Delta Wei\u00df &#8211; Blau 80 W &#8211; <\/p>\n<p><strong>Unterwasserlicht CLG EVO 80W &#8211; QN DUAL80<\/strong><\/p>\n<p>Dieses Unterwasserlicht verf\u00fcgt \u00fcber ein robustes Geh\u00e4use aus 316 Edelstahl und ist f\u00fcr die Installation unterhalb der Wasserlinie konzipiert. Es ben\u00f6tigt ein 20 mm gro\u00dfes Loch und wird mit Befestigungsschrauben f\u00fcr eine einfache Montage geliefert. Der integrierte Treiber ist mit einem Schutz gegen Spannungsspitzen und Polvertausch ausgestattet. Sie k\u00f6nnen zwischen einem kaltwei\u00dfen Licht bei 6200 K\u00b0 oder einer Dual-Ton-Option in Wei\u00df und Blau w\u00e4hlen.<\/p>\n<p><strong>LED-Licht f\u00fcr Unterwasserinstallationen (IP68)<\/strong><\/p>\n<ul>\n<li>F\u00fcr Durchbruchinstallationen konzipiert<\/li>\n<li>Integrierter Treiber (RGBW-Modelle ausgenommen)<\/li>\n<li>Kompatibel mit den Systemen von Quick: QCC und QNN<\/li>\n<\/ul>\n<p><strong>Verf\u00fcgbare Modelle:<\/strong><\/p>\n<ul>\n<li><strong>CLG EVO<\/strong> (Einzelne Farbe: Blau \/ Kaltwei\u00df)<\/li>\n<li><strong>CLG EVO BC<\/strong> (Dualfarbe: Blau-Kaltwei\u00df)<\/li>\n<li><strong>CLG EVO QC RGBW<\/strong> (QCC)<\/li>\n<li><strong>CLG EVO QN RGBW<\/strong> (QNN)<\/li>\n<\/ul>\n<p><strong>Spezifikationen:<\/strong><\/p>\n<table>\n<thead>\n<tr>\n<th>Modell<\/th>\n<th>Netzteil<\/th>\n<th>Farbtemperatur (\u00b0K)<\/th>\n<th>Lumen<\/th>\n<th>Winkel<\/th>\n<th>Dimmen<\/th>\n<th>Schalter<\/th>\n<th>Rahmengr\u00f6\u00dfe<\/th>\n<th>Ausschnitt Durchmesser<\/th>\n<th>IP-Bewertung<\/th>\n<th>Datenblatt<\/th>\n<\/tr>\n<\/thead>\n<tbody>\n<tr>\n<td>CLG EVO 80W &#8211; QC<\/td>\n<td>80 W<\/td>\n<td>20-30 Vdc<\/td>\n<td>6200-6500<\/td>\n<td>8780<\/td>\n<td>&#8211;<\/td>\n<td>Nein<\/td>\n<td>\u00d8 5 45\/64&#8243;<\/td>\n<td>\u00d8 7\/8&#8243;<\/td>\n<td>IP68<\/td>\n<td><\/td>\n<\/tr>\n<tr>\n<td>CLG EVO 80W &#8211; QN<\/td>\n<td>80 W<\/td>\n<td>20-30 Vdc<\/td>\n<td>6200-6500<\/td>\n<td>8780<\/td>\n<td>&#8211;<\/td>\n<td>Nein<\/td>\n<td>\u00d8 5 45\/64&#8243;<\/td>\n<td>\u00d8 7\/8&#8243;<\/td>\n<td>IP68<\/td>\n<td><\/td>\n<\/tr>\n<tr>\n<td>CLG EVO 80W &#8211; QC DUAL<\/td>\n<td>80 W<\/td>\n<td>20-30 Vdc<\/td>\n<td>6200-6500<\/td>\n<td>8780<\/td>\n<td>&#8211;<\/td>\n<td>Nein<\/td>\n<td>\u00d8 5 45\/64&#8243;<\/td>\n<td>\u00d8 7\/8&#8243;<\/td>\n<td>IP68<\/td>\n<td><\/td>\n<\/tr>\n<tr>\n<td>CLG EVO 80W &#8211; QN DUAL<\/td>\n<td>80 W<\/td>\n<td>20-30 Vdc<\/td>\n<td>6200-6500<\/td>\n<td>8780<\/td>\n<td>&#8211;<\/td>\n<td>Nein<\/td>\n<td>\u00d8 5 45\/64&#8243;<\/td>\n<td>\u00d8 7\/8&#8243;<\/td>\n<td>IP68<\/td>\n<td><\/td>\n<\/tr>\n<tr>\n<td>CLG EVO 80W &#8211; QC RGBW<\/td>\n<td>80 W<\/td>\n<td>20-30 Vdc<\/td>\n<td>&#8211;<\/td>\n<td>&#8211;<\/td>\n<td>&#8211;<\/td>\n<td>Nein<\/td>\n<td>\u00d8 5 45\/64&#8243;<\/td>\n<td>\u00d8 7\/8&#8243;<\/td>\n<td>IP68<\/td>\n<td><\/td>\n<\/tr>\n<tr>\n<td>CLG EVO 80W &#8211; QN RGBW<\/td>\n<td>80 W<\/td>\n<td>20-30 Vdc<\/td>\n<td>&#8211;<\/td>\n<td>&#8211;<\/td>\n<td>&#8211;<\/td>\n<td>Nein<\/td>\n<td>\u00d8 5 45\/64&#8243;<\/td>\n<td>\u00d8 7\/8&#8243;<\/td>\n<td>IP68<\/td>\n<td><\/td>\n<\/tr>\n<\/tbody>\n<\/table>\n<p>Diese Tabelle bietet einen klaren \u00dcberblick \u00fcber die Spezifikationen jedes Modells und hilft Ihnen dabei, die geeignete Unterwasserbeleuchtungsl\u00f6sung f\u00fcr Ihre Bed\u00fcrfnisse einfach zu finden.<\/p>\n","protected":false},"excerpt":{"rendered":"<p>Quick Challenger Delta Wei\u00df &#8211; Blau 80 W &#8211; Unterwasserlicht CLG EVO 80W &#8211; QN DUAL80 Dieses Unterwasserlicht verf\u00fcgt \u00fcber<\/p>\n","protected":false},"featured_media":5946547,"comment_status":"open","ping_status":"closed","template":"","meta":[],"product_brand":[3280],"product_cat":[1444],"product_tag":[],"class_list":{"0":"post-737796","1":"product","2":"type-product","3":"status-publish","4":"has-post-thumbnail","6":"product_brand-quick-de","7":"product_cat-unterwasser-led-leuchten","9":"first","10":"outofstock","11":"shipping-taxable","12":"purchasable","13":"product-type-simple"},"_links":{"self":[{"href":"https:\/\/stoic-curie.212-227-153-4.plesk.page\/de\/wp-json\/wp\/v2\/product\/737796","targetHints":{"allow":["GET"]}}],"collection":[{"href":"https:\/\/stoic-curie.212-227-153-4.plesk.page\/de\/wp-json\/wp\/v2\/product"}],"about":[{"href":"https:\/\/stoic-curie.212-227-153-4.plesk.page\/de\/wp-json\/wp\/v2\/types\/product"}],"replies":[{"embeddable":true,"href":"https:\/\/stoic-curie.212-227-153-4.plesk.page\/de\/wp-json\/wp\/v2\/comments?post=737796"}],"version-history":[{"count":0,"href":"https:\/\/stoic-curie.212-227-153-4.plesk.page\/de\/wp-json\/wp\/v2\/product\/737796\/revisions"}],"wp:featuredmedia":[{"embeddable":true,"href":"https:\/\/stoic-curie.212-227-153-4.plesk.page\/de\/wp-json\/wp\/v2\/media\/5946547"}],"wp:attachment":[{"href":"https:\/\/stoic-curie.212-227-153-4.plesk.page\/de\/wp-json\/wp\/v2\/media?parent=737796"}],"wp:term":[{"taxonomy":"product_brand","embeddable":true,"href":"https:\/\/stoic-curie.212-227-153-4.plesk.page\/de\/wp-json\/wp\/v2\/product_brand?post=737796"},{"taxonomy":"product_cat","embeddable":true,"href":"https:\/\/stoic-curie.212-227-153-4.plesk.page\/de\/wp-json\/wp\/v2\/product_cat?post=737796"},{"taxonomy":"product_tag","embeddable":true,"href":"https:\/\/stoic-curie.212-227-153-4.plesk.page\/de\/wp-json\/wp\/v2\/product_tag?post=737796"}],"curies":[{"name":"wp","href":"https:\/\/api.w.org\/{rel}","templated":true}]}}