{"id":737799,"date":"2025-03-03T16:56:52","date_gmt":"2025-03-03T15:56:52","guid":{"rendered":"https:\/\/stoic-curie.212-227-153-4.plesk.page\/producto\/quick-challenger-rgbw-80-w\/"},"modified":"2026-02-24T23:35:15","modified_gmt":"2026-02-24T23:35:15","slug":"quick-challenger-rgbw-80-w","status":"publish","type":"product","link":"https:\/\/stoic-curie.212-227-153-4.plesk.page\/de\/product\/quick-challenger-rgbw-80-w\/","title":{"rendered":"Quick Challenger THI RGBW 80wt"},"content":{"rendered":"<p>Quick Challenger THI RGBW 80wt &#8211; <\/p>\n<p style=\"color: rgb(34, 34, 34); font-family: Arial, Helvetica, sans-serif; font-size: small;\">Wir stellen unser Quick Challenger THI RGBW Unterwasserlicht vor, das mit einem robusten Geh\u00e4use aus 316 Edelstahl gefertigt ist. Dieses Licht wurde f\u00fcr die Installation unterhalb der Wasserlinie mit einer Durchf\u00fchrungsbefestigung konzipiert, die es erm\u00f6glicht, die Beleuchtungseinheit im Falle eines Ausfalls einfach von innen im Boot auszutauschen, ohne sie aus dem Wasser entfernen zu m\u00fcssen. Der integrierte Treiber bietet einen Schutz gegen Spannungsspitzen und Polung umkehrungen. Sie k\u00f6nnen zwischen kaltem Wei\u00dflicht bei 6200 K\u00b0 oder RGBW-Optionen w\u00e4hlen. Bitte beachten Sie, dass die QCC-PLT300 Farbsteuereinheit und das QCC-LCS Touch-Bedienfeld f\u00fcr den Betrieb erforderlich sind.<\/p>\n<p style=\"color: rgb(34, 34, 34); font-family: Arial, Helvetica, sans-serif; font-size: small;\">Spezifikationen:<\/p>\n<ul style=\"color: rgb(34, 34, 34); font-family: Arial, Helvetica, sans-serif; font-size: small;\">\n<li>Leistung: 80W<\/li>\n<li>Schutzart: IP68<\/li>\n<li>Material: AISI 316 Edelstahl<\/li>\n<\/ul>\n<p style=\"color: rgb(34, 34, 34); font-family: Arial, Helvetica, sans-serif; font-size: small;\">Hauptmerkmale:<\/p>\n<ul style=\"color: rgb(34, 34, 34); font-family: Arial, Helvetica, sans-serif; font-size: small;\">\n<li>F\u00fcr Unterwasserinstallationen konzipiert (IP68 zertifiziert)<\/li>\n<li>Schlanker, flacher Rahmen<\/li>\n<li>Installationsm\u00f6glichkeiten umfassen versenkte Durchf\u00fchrungen und interne Schraubbefestigungen<\/li>\n<li>Komponenten sind austauschbar, sodass ein Austausch unter Wasser m\u00f6glich ist<\/li>\n<li>Integrierter Treiber in allen Modellen enthalten<\/li>\n<li>Kompatibel mit QCC- und QNN-Systemen<\/li>\n<\/ul>\n<p style=\"color: rgb(34, 34, 34); font-family: Arial, Helvetica, sans-serif; font-size: small;\">Dieses LED-Unterwasserlicht kombiniert Haltbarkeit und Funktionalit\u00e4t und ist eine hervorragende Wahl f\u00fcr Bootseigent\u00fcmer, die zuverl\u00e4ssige Beleuchtungsl\u00f6sungen suchen.<\/p>\n","protected":false},"excerpt":{"rendered":"<p>Quick Challenger THI RGBW 80wt &#8211; Wir stellen unser Quick Challenger THI RGBW Unterwasserlicht vor, das mit einem robusten Geh\u00e4use<\/p>\n","protected":false},"featured_media":5946552,"comment_status":"open","ping_status":"closed","template":"","meta":[],"product_brand":[3280],"product_cat":[1444],"product_tag":[],"class_list":{"0":"post-737799","1":"product","2":"type-product","3":"status-publish","4":"has-post-thumbnail","6":"product_brand-quick-de","7":"product_cat-unterwasser-led-leuchten","9":"first","10":"outofstock","11":"shipping-taxable","12":"purchasable","13":"product-type-simple"},"_links":{"self":[{"href":"https:\/\/stoic-curie.212-227-153-4.plesk.page\/de\/wp-json\/wp\/v2\/product\/737799","targetHints":{"allow":["GET"]}}],"collection":[{"href":"https:\/\/stoic-curie.212-227-153-4.plesk.page\/de\/wp-json\/wp\/v2\/product"}],"about":[{"href":"https:\/\/stoic-curie.212-227-153-4.plesk.page\/de\/wp-json\/wp\/v2\/types\/product"}],"replies":[{"embeddable":true,"href":"https:\/\/stoic-curie.212-227-153-4.plesk.page\/de\/wp-json\/wp\/v2\/comments?post=737799"}],"version-history":[{"count":0,"href":"https:\/\/stoic-curie.212-227-153-4.plesk.page\/de\/wp-json\/wp\/v2\/product\/737799\/revisions"}],"wp:featuredmedia":[{"embeddable":true,"href":"https:\/\/stoic-curie.212-227-153-4.plesk.page\/de\/wp-json\/wp\/v2\/media\/5946552"}],"wp:attachment":[{"href":"https:\/\/stoic-curie.212-227-153-4.plesk.page\/de\/wp-json\/wp\/v2\/media?parent=737799"}],"wp:term":[{"taxonomy":"product_brand","embeddable":true,"href":"https:\/\/stoic-curie.212-227-153-4.plesk.page\/de\/wp-json\/wp\/v2\/product_brand?post=737799"},{"taxonomy":"product_cat","embeddable":true,"href":"https:\/\/stoic-curie.212-227-153-4.plesk.page\/de\/wp-json\/wp\/v2\/product_cat?post=737799"},{"taxonomy":"product_tag","embeddable":true,"href":"https:\/\/stoic-curie.212-227-153-4.plesk.page\/de\/wp-json\/wp\/v2\/product_tag?post=737799"}],"curies":[{"name":"wp","href":"https:\/\/api.w.org\/{rel}","templated":true}]}}