{"id":737800,"date":"2025-03-03T16:56:53","date_gmt":"2025-03-03T15:56:53","guid":{"rendered":"https:\/\/stoic-curie.212-227-153-4.plesk.page\/producto\/fernglas-konus-konusvue-7-x-50\/"},"modified":"2026-02-24T23:35:15","modified_gmt":"2026-02-24T23:35:15","slug":"fernglas-konus-konusvue-7-x-50","status":"publish","type":"product","link":"https:\/\/stoic-curie.212-227-153-4.plesk.page\/de\/product\/fernglas-konus-konusvue-7-x-50\/","title":{"rendered":"Fernglas Konus KONUSVUE 7 x 50"},"content":{"rendered":"<p>Fernglas Konus KONUSVUE 7 x 50 &#8211; <\/p>\n<p>Zentralfokussystem Fernglas mit extrem heller Optik f\u00fcr ein hochaufl\u00f6sendes, scharfes Bild. Robuste, gummibeschichtete Sto\u00dfd\u00e4mpferstruktur f\u00fcr besseren Halt. Geliefert mit einem Taschentuchetui, Schultergurt und Objektivdeckel.<\/p>\n","protected":false},"excerpt":{"rendered":"<p>Fernglas Konus KONUSVUE 7 x 50 &#8211; Zentralfokussystem Fernglas mit extrem heller Optik f\u00fcr ein hochaufl\u00f6sendes, scharfes Bild. Robuste, gummibeschichtete<\/p>\n","protected":false},"featured_media":5946559,"comment_status":"open","ping_status":"closed","template":"","meta":[],"product_brand":[3055],"product_cat":[1492],"product_tag":[],"class_list":{"0":"post-737800","1":"product","2":"type-product","3":"status-publish","4":"has-post-thumbnail","6":"product_brand-konus-de","7":"product_cat-marina-fernglaeser","9":"first","10":"instock","11":"shipping-taxable","12":"purchasable","13":"product-type-simple"},"_links":{"self":[{"href":"https:\/\/stoic-curie.212-227-153-4.plesk.page\/de\/wp-json\/wp\/v2\/product\/737800","targetHints":{"allow":["GET"]}}],"collection":[{"href":"https:\/\/stoic-curie.212-227-153-4.plesk.page\/de\/wp-json\/wp\/v2\/product"}],"about":[{"href":"https:\/\/stoic-curie.212-227-153-4.plesk.page\/de\/wp-json\/wp\/v2\/types\/product"}],"replies":[{"embeddable":true,"href":"https:\/\/stoic-curie.212-227-153-4.plesk.page\/de\/wp-json\/wp\/v2\/comments?post=737800"}],"version-history":[{"count":0,"href":"https:\/\/stoic-curie.212-227-153-4.plesk.page\/de\/wp-json\/wp\/v2\/product\/737800\/revisions"}],"wp:featuredmedia":[{"embeddable":true,"href":"https:\/\/stoic-curie.212-227-153-4.plesk.page\/de\/wp-json\/wp\/v2\/media\/5946559"}],"wp:attachment":[{"href":"https:\/\/stoic-curie.212-227-153-4.plesk.page\/de\/wp-json\/wp\/v2\/media?parent=737800"}],"wp:term":[{"taxonomy":"product_brand","embeddable":true,"href":"https:\/\/stoic-curie.212-227-153-4.plesk.page\/de\/wp-json\/wp\/v2\/product_brand?post=737800"},{"taxonomy":"product_cat","embeddable":true,"href":"https:\/\/stoic-curie.212-227-153-4.plesk.page\/de\/wp-json\/wp\/v2\/product_cat?post=737800"},{"taxonomy":"product_tag","embeddable":true,"href":"https:\/\/stoic-curie.212-227-153-4.plesk.page\/de\/wp-json\/wp\/v2\/product_tag?post=737800"}],"curies":[{"name":"wp","href":"https:\/\/api.w.org\/{rel}","templated":true}]}}