{"id":737803,"date":"2025-03-03T16:58:45","date_gmt":"2025-03-03T15:58:45","guid":{"rendered":"https:\/\/stoic-curie.212-227-153-4.plesk.page\/producto\/vitrifrigo-c29d\/"},"modified":"2026-02-24T23:35:15","modified_gmt":"2026-02-24T23:35:15","slug":"vitrifrigo-c29d","status":"publish","type":"product","link":"https:\/\/stoic-curie.212-227-153-4.plesk.page\/de\/product\/vitrifrigo-c29d\/","title":{"rendered":"Tragbarer K\u00fchlschrank Vitrifrigo C29D"},"content":{"rendered":"<p>Tragbarer K\u00fchlschrank Vitrifrigo C29D &#8211; <\/p>\n<p><strong>Tragbarer K\u00fchlschrank\/ Gefrierschrank Vitrifrigo C29D<\/strong><\/p>\n<p>Der Vitrifrigo C29D ist ein \u00e4u\u00dferst anpassungsf\u00e4higer tragbarer K\u00fchlschrank\/Gefrierschrank, ausgestattet mit einem digitalen Thermostat und einem Multispannungs-Danfoss-K\u00fchlsystem, das f\u00fcr 12V, 24V und 220V Stromversorgungen geeignet ist. Sie k\u00f6nnen die Innentemperatur bequem von +10\u00b0C bis -15\u00b0C mit einem mechanischen Drehregler oder \u00fcber eine digitale Schnittstelle anpassen. Das Ger\u00e4t verbraucht 48W.<\/p>\n<p><strong>Technische Daten:<\/strong><\/p>\n<ul>\n<li><strong>Gesamtvolumen:<\/strong> 29 Liter<\/li>\n<li><strong>Netto-Gewicht:<\/strong> 15 kg<\/li>\n<li><strong>Stromversorgung:<\/strong> 12\/24V DC &#8211; 100-240V AC, 50\/60Hz<\/li>\n<li><strong>Nennverbrauch:<\/strong> 48W<\/li>\n<li><strong>Abmessungen:<\/strong>\n<ul>\n<li>Breite: 530 mm<\/li>\n<li>H\u00f6he: 390 mm<\/li>\n<li>Tiefe: 345 mm<\/li>\n<\/ul>\n<\/li>\n<li><strong>Innentemperaturbereich:<\/strong> +10\u00b0C bis -15\u00b0C<\/li>\n<\/ul>\n<p>Dieser K\u00fchlschrank\/Gefrierschrank ist eine hervorragende Wahl f\u00fcr Bootseigner, die auf der Suche nach zuverl\u00e4ssigen und effizienten K\u00fchll\u00f6sungen beim Navigieren sind.<\/p>\n","protected":false},"excerpt":{"rendered":"<p>Tragbarer K\u00fchlschrank Vitrifrigo C29D &#8211; Tragbarer K\u00fchlschrank\/ Gefrierschrank Vitrifrigo C29D Der Vitrifrigo C29D ist ein \u00e4u\u00dferst anpassungsf\u00e4higer tragbarer K\u00fchlschrank\/Gefrierschrank, ausgestattet<\/p>\n","protected":false},"featured_media":5938817,"comment_status":"open","ping_status":"closed","template":"","meta":[],"product_brand":[3525],"product_cat":[1359,1464],"product_tag":[],"class_list":{"0":"post-737803","1":"product","2":"type-product","3":"status-publish","4":"has-post-thumbnail","6":"product_brand-vitrifrigo-de","7":"product_cat-kuehlbox-kuehlgeraete","8":"product_cat-kuehlschraenke-und-gefriertruhen","10":"first","11":"instock","12":"shipping-taxable","13":"purchasable","14":"product-type-simple"},"_links":{"self":[{"href":"https:\/\/stoic-curie.212-227-153-4.plesk.page\/de\/wp-json\/wp\/v2\/product\/737803","targetHints":{"allow":["GET"]}}],"collection":[{"href":"https:\/\/stoic-curie.212-227-153-4.plesk.page\/de\/wp-json\/wp\/v2\/product"}],"about":[{"href":"https:\/\/stoic-curie.212-227-153-4.plesk.page\/de\/wp-json\/wp\/v2\/types\/product"}],"replies":[{"embeddable":true,"href":"https:\/\/stoic-curie.212-227-153-4.plesk.page\/de\/wp-json\/wp\/v2\/comments?post=737803"}],"version-history":[{"count":0,"href":"https:\/\/stoic-curie.212-227-153-4.plesk.page\/de\/wp-json\/wp\/v2\/product\/737803\/revisions"}],"wp:featuredmedia":[{"embeddable":true,"href":"https:\/\/stoic-curie.212-227-153-4.plesk.page\/de\/wp-json\/wp\/v2\/media\/5938817"}],"wp:attachment":[{"href":"https:\/\/stoic-curie.212-227-153-4.plesk.page\/de\/wp-json\/wp\/v2\/media?parent=737803"}],"wp:term":[{"taxonomy":"product_brand","embeddable":true,"href":"https:\/\/stoic-curie.212-227-153-4.plesk.page\/de\/wp-json\/wp\/v2\/product_brand?post=737803"},{"taxonomy":"product_cat","embeddable":true,"href":"https:\/\/stoic-curie.212-227-153-4.plesk.page\/de\/wp-json\/wp\/v2\/product_cat?post=737803"},{"taxonomy":"product_tag","embeddable":true,"href":"https:\/\/stoic-curie.212-227-153-4.plesk.page\/de\/wp-json\/wp\/v2\/product_tag?post=737803"}],"curies":[{"name":"wp","href":"https:\/\/api.w.org\/{rel}","templated":true}]}}