{"id":737804,"date":"2025-03-03T17:01:03","date_gmt":"2025-03-03T16:01:03","guid":{"rendered":"https:\/\/stoic-curie.212-227-153-4.plesk.page\/producto\/vitrifrigo-c41d\/"},"modified":"2026-02-24T23:35:15","modified_gmt":"2026-02-24T23:35:15","slug":"vitrifrigo-c41d","status":"publish","type":"product","link":"https:\/\/stoic-curie.212-227-153-4.plesk.page\/de\/product\/vitrifrigo-c41d\/","title":{"rendered":"Tragbarer K\u00fchlschrank Vitrifrigo C41D"},"content":{"rendered":"<p>Tragbarer K\u00fchlschrank Vitrifrigo C41D &#8211; <\/p>\n<p style=\"\"><strong style=\"color: rgb(34, 34, 34); font-family: Arial, Helvetica, sans-serif; font-size: small;\">Tragbarer K\u00fchlschrank und Gefrierschrank&nbsp;<\/strong><span style=\"color: rgb(34, 34, 34); font-family: Arial, Helvetica, sans-serif; font-size: small; font-weight: 700;\">Vitrifrigo C41D<\/span><\/p>\n<p style=\"color: rgb(34, 34, 34); font-family: Arial, Helvetica, sans-serif; font-size: small;\">Dieser tragbare K\u00fchlschrank und Gefrierschrank verf\u00fcgt \u00fcber ein digitales Thermostat und ein Dual-Volt-System (12\/24V) mit einer Danfoss-K\u00fchlung. Sie k\u00f6nnen die Innentemperatur ganz einfach zwischen +10\u00b0C und -10\u00b0C mit dem LED-Thermostat oder dem digitalen Display einstellen. Der Stromverbrauch betr\u00e4gt 43W.<\/p>\n<p style=\"color: rgb(34, 34, 34); font-family: Arial, Helvetica, sans-serif; font-size: small;\">Mit einem Fassungsverm\u00f6gen von 41 Litern besteht dieser tragbare K\u00fchlschrank aus hochfestem Polyethylen, was f\u00fcr Langlebigkeit und Widerstandsf\u00e4higkeit sorgt. Er verf\u00fcgt \u00fcber praktische Griffe und einen ger\u00e4umigen Innenkorb, wodurch er ideal f\u00fcr den Transport von Lebensmitteln, gefrorenen Artikeln, Medikamenten und allem, was eine stabile Temperatur erfordert, ist.<\/p>\n<p style=\"color: rgb(34, 34, 34); font-family: Arial, Helvetica, sans-serif; font-size: small;\">Erh\u00e4ltlich in drei verschiedenen Modellen und Gr\u00f6\u00dfen sind diese K\u00fchlschr\u00e4nke mit einem Rotomolding-System gestaltet, das ihre Haltbarkeit und Effizienz erh\u00f6ht und gleichzeitig eine ansprechende Optik bewahrt. Der einstellbare Temperaturbereich erm\u00f6glicht es Ihnen, Artikel entweder gek\u00fchlt oder gefroren zu lagern.<\/p>\n<p style=\"color: rgb(34, 34, 34); font-family: Arial, Helvetica, sans-serif; font-size: small;\">Diese K\u00fchlschr\u00e4nke passen problemlos in R\u00e4ume, in denen Standardger\u00e4te m\u00f6glicherweise nicht hineinpassen, dank Funktionen wie abnehmbaren Innenbeh\u00e4ltern (BRK 35 und C47) und seitlichen \u00d6ffnungen (C33ip). Sie werden vorab mit R134a-K\u00fchlmittel bef\u00fcllt.<\/p>\n<p style=\"color: rgb(34, 34, 34); font-family: Arial, Helvetica, sans-serif; font-size: small;\"><strong>Technische Daten:<\/strong><\/p>\n<ul style=\"color: rgb(34, 34, 34); font-family: Arial, Helvetica, sans-serif; font-size: small;\">\n<li>Gesamtvolumen: 41 Liter<\/li>\n<li>Nettogewicht: 17 kg<\/li>\n<li>Stromversorgung: 12\/24Vdc (auch erh\u00e4ltlich mit einer bivalenten Steuereinheit f\u00fcr 12\/24Vdc &#8211; 100-240Vac 50\/60Hz)<\/li>\n<li>Bewerteter Stromverbrauch: 43W<\/li>\n<li>Gesamtbreite: 650 mm<\/li>\n<li>Gesamth\u00f6he: 400 mm<\/li>\n<li>Gesamttiefe: 385 mm<\/li>\n<li>Interner Temperaturbereich: +10\u00b0C bis -10\u00b0C<\/li>\n<\/ul>\n<p style=\"color: rgb(34, 34, 34); font-family: Arial, Helvetica, sans-serif; font-size: small;\"><strong>Merkmale &amp; Vorteile:<\/strong><\/p>\n<ul style=\"color: rgb(34, 34, 34); font-family: Arial, Helvetica, sans-serif; font-size: small;\">\n<li><strong>D Power (optional):<\/strong>&nbsp;Bivalente Steuereinheit f\u00fcr 12\/24Vdc &#8211; 100-240Vac 50\/60Hz.<\/li>\n<li><strong>Griffe (standard):<\/strong>&nbsp;Ausgestattet mit Tragegriffen f\u00fcr einfachen Transport.<\/li>\n<li><strong>Stauraumkorb (standard):<\/strong>&nbsp;Beinhaltet einen praktischen Aufbewahrungskorb aus Draht.<\/li>\n<li><strong>Halterung (standard):<\/strong>&nbsp;Eine Befestigungsbr\u00fccke sichert den K\u00fchlschrank an seiner Unterlage.<\/li>\n<li><strong>Batteriekabel (standard):<\/strong>&nbsp;Kommt mit einem batteriebetriebenen Kabel mit einer universellen Zigarettenanz\u00fcndersteckdose.<\/li>\n<li><strong>Digitales Thermostat:<\/strong>&nbsp;Erm\u00f6glicht pr\u00e4zise Temperatureinstellungen basierend auf Ihren Bed\u00fcrfnissen.<\/li>\n<li><strong>LED-Leuchte (standard):<\/strong>&nbsp;Energieeffizient und mit niedrigem Verbrauch.<\/li>\n<\/ul>\n","protected":false},"excerpt":{"rendered":"<p>Tragbarer K\u00fchlschrank Vitrifrigo C41D &#8211; Tragbarer K\u00fchlschrank und Gefrierschrank&nbsp;Vitrifrigo C41D Dieser tragbare K\u00fchlschrank und Gefrierschrank verf\u00fcgt \u00fcber ein digitales Thermostat<\/p>\n","protected":false},"featured_media":5946562,"comment_status":"open","ping_status":"closed","template":"","meta":[],"product_brand":[3525],"product_cat":[1359,1464],"product_tag":[],"class_list":{"0":"post-737804","1":"product","2":"type-product","3":"status-publish","4":"has-post-thumbnail","6":"product_brand-vitrifrigo-de","7":"product_cat-kuehlbox-kuehlgeraete","8":"product_cat-kuehlschraenke-und-gefriertruhen","10":"first","11":"instock","12":"shipping-taxable","13":"purchasable","14":"product-type-simple"},"_links":{"self":[{"href":"https:\/\/stoic-curie.212-227-153-4.plesk.page\/de\/wp-json\/wp\/v2\/product\/737804","targetHints":{"allow":["GET"]}}],"collection":[{"href":"https:\/\/stoic-curie.212-227-153-4.plesk.page\/de\/wp-json\/wp\/v2\/product"}],"about":[{"href":"https:\/\/stoic-curie.212-227-153-4.plesk.page\/de\/wp-json\/wp\/v2\/types\/product"}],"replies":[{"embeddable":true,"href":"https:\/\/stoic-curie.212-227-153-4.plesk.page\/de\/wp-json\/wp\/v2\/comments?post=737804"}],"version-history":[{"count":0,"href":"https:\/\/stoic-curie.212-227-153-4.plesk.page\/de\/wp-json\/wp\/v2\/product\/737804\/revisions"}],"wp:featuredmedia":[{"embeddable":true,"href":"https:\/\/stoic-curie.212-227-153-4.plesk.page\/de\/wp-json\/wp\/v2\/media\/5946562"}],"wp:attachment":[{"href":"https:\/\/stoic-curie.212-227-153-4.plesk.page\/de\/wp-json\/wp\/v2\/media?parent=737804"}],"wp:term":[{"taxonomy":"product_brand","embeddable":true,"href":"https:\/\/stoic-curie.212-227-153-4.plesk.page\/de\/wp-json\/wp\/v2\/product_brand?post=737804"},{"taxonomy":"product_cat","embeddable":true,"href":"https:\/\/stoic-curie.212-227-153-4.plesk.page\/de\/wp-json\/wp\/v2\/product_cat?post=737804"},{"taxonomy":"product_tag","embeddable":true,"href":"https:\/\/stoic-curie.212-227-153-4.plesk.page\/de\/wp-json\/wp\/v2\/product_tag?post=737804"}],"curies":[{"name":"wp","href":"https:\/\/api.w.org\/{rel}","templated":true}]}}