{"id":737805,"date":"2025-03-03T17:01:05","date_gmt":"2025-03-03T16:01:05","guid":{"rendered":"https:\/\/stoic-curie.212-227-153-4.plesk.page\/producto\/vitrifrigo-dcw62-20-flaschen-12-24-220v\/"},"modified":"2026-02-24T23:35:15","modified_gmt":"2026-02-24T23:35:15","slug":"vitrifrigo-dcw62-20-flaschen-12-24-220v","status":"publish","type":"product","link":"https:\/\/stoic-curie.212-227-153-4.plesk.page\/de\/product\/vitrifrigo-dcw62-20-flaschen-12-24-220v\/","title":{"rendered":"K\u00fchlschrank Vitrifrigo DCW62"},"content":{"rendered":"<p>K\u00fchlschrank Vitrifrigo DCW62 &#8211; <\/p>\n<p style=\"color: rgb(34, 34, 34); font-family: Arial, Helvetica, sans-serif; font-size: small;\"><strong>Weinkeller f\u00fcr Boote: DCW62 von Vitrifrigo<\/strong><\/p>\n<p style=\"color: rgb(34, 34, 34); font-family: Arial, Helvetica, sans-serif; font-size: small;\">Der Weinkeller DCW62, Teil der Weinkeller-Kollektion, bietet ein Gesamtvolumen von 62 Litern und erm\u00f6glicht die Lagerung von bis zu 18 Standardflaschen, die jeweils einen Durchmesser von 76 mm und eine H\u00f6he von 315 mm haben. Dieser Weinkeller verf\u00fcgt \u00fcber eine geb\u00fcrstete Edelstahl-Oberfl\u00e4che und arbeitet mit einem Danfoss-K\u00fchlsystem f\u00fcr 12\/24\/220 V, was ihn ideal zum Lagern von Wein und Sekt bei optimalen Temperaturen macht. Er ist mit einem digitalen Thermostat ausgestattet, das eine Temperatureinstellung zwischen +4 \u00b0C und +18 \u00b0C erm\u00f6glicht, w\u00e4hrend das get\u00f6nte Glas Schutz vor sch\u00e4dlichen UV-Strahlen bietet.<\/p>\n<p style=\"color: rgb(34, 34, 34); font-family: Arial, Helvetica, sans-serif; font-size: small;\">Die stilvolle geb\u00fcrstete Edelstahl-Oberfl\u00e4che und das get\u00f6nte Glas verbessern nicht nur die \u00e4sthetische Anziehungskraft, sondern sch\u00fctzen auch Ihren Wein vor sch\u00e4dlicher UV-Strahlung.<\/p>\n<p style=\"color: rgb(34, 34, 34); font-family: Arial, Helvetica, sans-serif; font-size: small;\">Dank des digitalen Thermostats ist die Anpassung der Innentemperatur ganz einfach, sodass jeder Weintyp unter idealen Bedingungen gelagert wird.<\/p>\n<p style=\"color: rgb(34, 34, 34); font-family: Arial, Helvetica, sans-serif; font-size: small;\">Zus\u00e4tzlich verf\u00fcgt der DCW62-Weinkeller, der speziell f\u00fcr marine Umgebungen entworfen wurde, \u00fcber einen \u201ePin Lock\u201c-Sicherheitsstift. Dieser Schlossmechanismus verbessert die Sicherheit der T\u00fcr und verhindert, dass sie w\u00e4hrend der Bootsfahrt versehentlich \u00f6ffnet.<\/p>\n<p style=\"color: rgb(34, 34, 34); font-family: Arial, Helvetica, sans-serif; font-size: small;\"><strong>Spezifikationen:<\/strong><\/p>\n<ul style=\"color: rgb(34, 34, 34); font-family: Arial, Helvetica, sans-serif; font-size: small;\">\n<li><strong>T\u00fcrausf\u00fchrung:<\/strong>&nbsp;Glas<\/li>\n<li><strong>Kapazit\u00e4t:<\/strong>&nbsp;62 Liter<\/li>\n<li><strong>H\u00f6he:<\/strong>&nbsp;670 mm<\/li>\n<li><strong>L\u00e4nge:<\/strong>&nbsp;430 mm<\/li>\n<li><strong>Tiefe:<\/strong>&nbsp;470 mm<\/li>\n<li><strong>Gewicht:<\/strong>&nbsp;21 kg<\/li>\n<li><strong>Serie:<\/strong>&nbsp;Weinkeller<\/li>\n<li><strong>Umkehrbare T\u00fcr:<\/strong>&nbsp;Nein<\/li>\n<li><strong>Thermostat:<\/strong>&nbsp;Digital<\/li>\n<li><strong>K\u00fchltechnologie:<\/strong>&nbsp;Kompressor<\/li>\n<li><strong>K\u00fchlaggregat:<\/strong>&nbsp;Intern<\/li>\n<li><strong>T\u00fcr\u00f6ffnung:<\/strong>&nbsp;Eingangst\u00fcr<\/li>\n<li><strong>Spannung:<\/strong>&nbsp;12\/24 VDC &#8211; 100\/240 VAC<\/li>\n<\/ul>\n","protected":false},"excerpt":{"rendered":"<p>K\u00fchlschrank Vitrifrigo DCW62 &#8211; Weinkeller f\u00fcr Boote: DCW62 von Vitrifrigo Der Weinkeller DCW62, Teil der Weinkeller-Kollektion, bietet ein Gesamtvolumen von<\/p>\n","protected":false},"featured_media":5946565,"comment_status":"open","ping_status":"closed","template":"","meta":[],"product_brand":[3525],"product_cat":[1464],"product_tag":[],"class_list":{"0":"post-737805","1":"product","2":"type-product","3":"status-publish","4":"has-post-thumbnail","6":"product_brand-vitrifrigo-de","7":"product_cat-kuehlschraenke-und-gefriertruhen","9":"first","10":"instock","11":"shipping-taxable","12":"purchasable","13":"product-type-simple"},"_links":{"self":[{"href":"https:\/\/stoic-curie.212-227-153-4.plesk.page\/de\/wp-json\/wp\/v2\/product\/737805","targetHints":{"allow":["GET"]}}],"collection":[{"href":"https:\/\/stoic-curie.212-227-153-4.plesk.page\/de\/wp-json\/wp\/v2\/product"}],"about":[{"href":"https:\/\/stoic-curie.212-227-153-4.plesk.page\/de\/wp-json\/wp\/v2\/types\/product"}],"replies":[{"embeddable":true,"href":"https:\/\/stoic-curie.212-227-153-4.plesk.page\/de\/wp-json\/wp\/v2\/comments?post=737805"}],"version-history":[{"count":0,"href":"https:\/\/stoic-curie.212-227-153-4.plesk.page\/de\/wp-json\/wp\/v2\/product\/737805\/revisions"}],"wp:featuredmedia":[{"embeddable":true,"href":"https:\/\/stoic-curie.212-227-153-4.plesk.page\/de\/wp-json\/wp\/v2\/media\/5946565"}],"wp:attachment":[{"href":"https:\/\/stoic-curie.212-227-153-4.plesk.page\/de\/wp-json\/wp\/v2\/media?parent=737805"}],"wp:term":[{"taxonomy":"product_brand","embeddable":true,"href":"https:\/\/stoic-curie.212-227-153-4.plesk.page\/de\/wp-json\/wp\/v2\/product_brand?post=737805"},{"taxonomy":"product_cat","embeddable":true,"href":"https:\/\/stoic-curie.212-227-153-4.plesk.page\/de\/wp-json\/wp\/v2\/product_cat?post=737805"},{"taxonomy":"product_tag","embeddable":true,"href":"https:\/\/stoic-curie.212-227-153-4.plesk.page\/de\/wp-json\/wp\/v2\/product_tag?post=737805"}],"curies":[{"name":"wp","href":"https:\/\/api.w.org\/{rel}","templated":true}]}}