{"id":737806,"date":"2025-03-03T17:01:05","date_gmt":"2025-03-03T16:01:05","guid":{"rendered":"https:\/\/stoic-curie.212-227-153-4.plesk.page\/producto\/installationskit-fuer-vitrifrigo-macs-12000\/"},"modified":"2026-02-24T23:35:15","modified_gmt":"2026-02-24T23:35:15","slug":"installationskit-fuer-vitrifrigo-macs-12000","status":"publish","type":"product","link":"https:\/\/stoic-curie.212-227-153-4.plesk.page\/de\/product\/installationskit-fuer-vitrifrigo-macs-12000\/","title":{"rendered":"Installationskit f\u00fcr Vitrifrigo Macs 12000"},"content":{"rendered":"<p>Installationskit f\u00fcr Vitrifrigo Macs 12000 &#8211; <\/p>\n<p style=\"color: rgb(34, 34, 34); font-family: Arial, Helvetica, sans-serif; font-size: small;\">Zubeh\u00f6rkit f\u00fcr Klimaanlage mit 12000 BTU\/h, Vitrifrigo<\/p>\n<p style=\"color: rgb(34, 34, 34); font-family: Arial, Helvetica, sans-serif; font-size: small;\">Das Zubeh\u00f6rkit, das f\u00fcr das monoblock Klimasystem MACS 12000 entwickelt wurde, besteht aus den folgenden Komponenten:<\/p>\n<ul style=\"color: rgb(34, 34, 34); font-family: Arial, Helvetica, sans-serif; font-size: small;\">\n<li>Seewassereinlass (Code: WP519504)<\/li>\n<li>Seewasserablass (Code: WP519544)<\/li>\n<li>Kugelventil (Code: WP519724)<\/li>\n<li>Seewasserfilter (Code: WP519444)<\/li>\n<li>Schlauchanschluss (Code: 7699-0016)<\/li>\n<li>Seewasserpumpe (Code: WPPMD421.230\/50)<\/li>\n<li>Wasserschlauch (Code: WP519912)<\/li>\n<li>Isolierter PVC-Kanal (Code: 0702-0013)<\/li>\n<li>Sauggitter (Code: 0702-0006)<\/li>\n<li>Abluftgitter (Code: 0702-0007)<\/li>\n<\/ul>\n<p style=\"color: rgb(34, 34, 34); font-family: Arial, Helvetica, sans-serif; font-size: small;\">Dieses Zubeh\u00f6rkit ist entscheidend f\u00fcr die ordnungsgem\u00e4\u00dfe Funktion der Klimaanlage MACS 12000. Es enth\u00e4lt:<\/p>\n<ul style=\"color: rgb(34, 34, 34); font-family: Arial, Helvetica, sans-serif; font-size: small;\">\n<li>Vier 20 mm Rohrschlauchverbinder, Seewassereinlass und ein Kugelventil, alle aus Messing mit einem 3\/4 Zoll-Gewinde gefertigt<\/li>\n<li>Ein 3\/4 Zoll verchromtes Messing-Durchf\u00fchrungsst\u00fcck<\/li>\n<li>Ein Seewasserfilter mit 3\/4 Zoll-Anschl\u00fcssen<\/li>\n<li>Eine 220V\/40W\/0.4A Seewasserpumpe mit zwei 20 mm Anschl\u00fcssen<\/li>\n<li>Ein 10 Meter langer Spiralschlauch (20 mm)<\/li>\n<li>Ein 5 Meter flexibler Luftkanal (152 mm)<\/li>\n<li>Ein R\u00fcckluftgitter mit einem Rahmenma\u00df von 335 x 335 mm und einer Einbautiefe von 300 x 300 mm<\/li>\n<li>Ein Zu- und Abluftgitter mit einem Rahmenma\u00df von 280 x 155 mm und einer Einbautiefe von 250 x 120 mm<\/li>\n<\/ul>\n<p style=\"color: rgb(34, 34, 34); font-family: Arial, Helvetica, sans-serif; font-size: small;\">Gewicht: 23,00 kg<br \/>Serie: MACS 12000<\/p>\n","protected":false},"excerpt":{"rendered":"<p>Installationskit f\u00fcr Vitrifrigo Macs 12000 &#8211; Zubeh\u00f6rkit f\u00fcr Klimaanlage mit 12000 BTU\/h, Vitrifrigo Das Zubeh\u00f6rkit, das f\u00fcr das monoblock Klimasystem<\/p>\n","protected":false},"featured_media":5946261,"comment_status":"open","ping_status":"closed","template":"","meta":[],"product_brand":[3525],"product_cat":[1360],"product_tag":[],"class_list":{"0":"post-737806","1":"product","2":"type-product","3":"status-publish","4":"has-post-thumbnail","6":"product_brand-vitrifrigo-de","7":"product_cat-kuechengeraete","9":"first","10":"instock","11":"shipping-taxable","12":"purchasable","13":"product-type-simple"},"_links":{"self":[{"href":"https:\/\/stoic-curie.212-227-153-4.plesk.page\/de\/wp-json\/wp\/v2\/product\/737806","targetHints":{"allow":["GET"]}}],"collection":[{"href":"https:\/\/stoic-curie.212-227-153-4.plesk.page\/de\/wp-json\/wp\/v2\/product"}],"about":[{"href":"https:\/\/stoic-curie.212-227-153-4.plesk.page\/de\/wp-json\/wp\/v2\/types\/product"}],"replies":[{"embeddable":true,"href":"https:\/\/stoic-curie.212-227-153-4.plesk.page\/de\/wp-json\/wp\/v2\/comments?post=737806"}],"version-history":[{"count":0,"href":"https:\/\/stoic-curie.212-227-153-4.plesk.page\/de\/wp-json\/wp\/v2\/product\/737806\/revisions"}],"wp:featuredmedia":[{"embeddable":true,"href":"https:\/\/stoic-curie.212-227-153-4.plesk.page\/de\/wp-json\/wp\/v2\/media\/5946261"}],"wp:attachment":[{"href":"https:\/\/stoic-curie.212-227-153-4.plesk.page\/de\/wp-json\/wp\/v2\/media?parent=737806"}],"wp:term":[{"taxonomy":"product_brand","embeddable":true,"href":"https:\/\/stoic-curie.212-227-153-4.plesk.page\/de\/wp-json\/wp\/v2\/product_brand?post=737806"},{"taxonomy":"product_cat","embeddable":true,"href":"https:\/\/stoic-curie.212-227-153-4.plesk.page\/de\/wp-json\/wp\/v2\/product_cat?post=737806"},{"taxonomy":"product_tag","embeddable":true,"href":"https:\/\/stoic-curie.212-227-153-4.plesk.page\/de\/wp-json\/wp\/v2\/product_tag?post=737806"}],"curies":[{"name":"wp","href":"https:\/\/api.w.org\/{rel}","templated":true}]}}