{"id":737807,"date":"2025-03-03T17:01:06","date_gmt":"2025-03-03T16:01:06","guid":{"rendered":"https:\/\/stoic-curie.212-227-153-4.plesk.page\/producto\/quick-challenger-delta-weiss-108-mm-45-w-10-30-volt\/"},"modified":"2026-02-24T23:35:15","modified_gmt":"2026-02-24T23:35:15","slug":"quick-challenger-delta-weiss-108-mm-45-w-10-30-volt","status":"publish","type":"product","link":"https:\/\/stoic-curie.212-227-153-4.plesk.page\/de\/product\/quick-challenger-delta-weiss-108-mm-45-w-10-30-volt\/","title":{"rendered":"Quick Challenger Delta Wei\u00df 108 mm 45 W 10-30 Volt"},"content":{"rendered":"<p>Quick Challenger Delta Wei\u00df 108 mm 45 W 10-30 Volt &#8211; Wir freuen uns, das CLG EVO 45W Unterwasserlicht vorzustellen, das mit einem robusten Geh\u00e4use aus 316er Edelstahl gefertigt ist. Dieses Licht ist einfach unter Wasser zu installieren und ben\u00f6tigt lediglich ein 20 mm gro\u00dfes Loch sowie Befestigungsschrauben. Es ist mit einem integrierten Treiber ausgestattet, der gegen Spannungsspitzen und Polaranpassung sch\u00fctzt. Sie k\u00f6nnen zwischen einem kaltwei\u00dfen Licht mit 6200 K\u00b0 oder einer zwei-farbigen Option mit wei\u00dfem und blauem Licht w\u00e4hlen.<br \/><strong>Technische Daten:<\/strong><\/p>\n<ul>\n<li><strong>Modell:<\/strong> CLG EVO 45W &#8211; QC\n<ul>\n<li><strong>Leistung:<\/strong> 45 W<\/li>\n<li><strong>Stromversorgung:<\/strong> 10-30 Vdc<\/li>\n<li><strong>Farbtemperatur:<\/strong> 6200-6500 K<\/li>\n<li><strong>Lumen-Ausgang:<\/strong> 4305<\/li>\n<li><strong>Dimmbar:<\/strong> Nein<\/li>\n<li><strong>Schalter:<\/strong> Nein<\/li>\n<li><strong>Rahmengr\u00f6\u00dfe:<\/strong> \u00d8 4 1\/4&#8243;<\/li>\n<li><strong>Ausschnitt:<\/strong> 4 63\/64&#8243;<\/li>\n<li><strong>IP-Bewertung:<\/strong> IP68<\/li>\n<\/ul>\n<\/li>\n<li><strong>Modell:<\/strong> CLG EVO 45W &#8211; QN\n<ul>\n<li><strong>Leistung:<\/strong> 45 W<\/li>\n<li><strong>Stromversorgung:<\/strong> 10-30 Vdc<\/li>\n<li><strong>Farbtemperatur:<\/strong> 6200-6500 K<\/li>\n<li><strong>Lumen-Ausgang:<\/strong> 4305<\/li>\n<li><strong>Dimmbar:<\/strong> Nein<\/li>\n<li><strong>Schalter:<\/strong> Nein<\/li>\n<li><strong>Rahmengr\u00f6\u00dfe:<\/strong> \u00d8 4 1\/4&#8243;<\/li>\n<li><strong>Ausschnitt:<\/strong> 4 63\/64&#8243;<\/li>\n<li><strong>IP-Bewertung:<\/strong> IP68<\/li>\n<\/ul>\n<\/li>\n<li><strong>Modell:<\/strong> CLG EVO 45W &#8211; QC DUAL\n<ul>\n<li><strong>Leistung:<\/strong> 45 W<\/li>\n<li><strong>Stromversorgung:<\/strong> 10-30 Vdc<\/li>\n<li><strong>Farbtemperatur:<\/strong> 6200-6500 K<\/li>\n<li><strong>Lumen-Ausgang:<\/strong> 4305<\/li>\n<li><strong>Dimmbar:<\/strong> Nein<\/li>\n<li><strong>Schalter:<\/strong> Nein<\/li>\n<li><strong>Rahmengr\u00f6\u00dfe:<\/strong> \u00d8 4 1\/4&#8243;<\/li>\n<li><strong>Ausschnitt:<\/strong> 4 63\/64&#8243;<\/li>\n<li><strong>IP-Bewertung:<\/strong> IP68<\/li>\n<\/ul>\n<\/li>\n<li><strong>Modell:<\/strong> CLG EVO 45W &#8211; QN DUAL\n<ul>\n<li><strong>Leistung:<\/strong> 45 W<\/li>\n<li><strong>Stromversorgung:<\/strong> 10-30 Vdc<\/li>\n<li><strong>Farbtemperatur:<\/strong> 6200-6500 K<\/li>\n<li><strong>Lumen-Ausgang:<\/strong> 4305<\/li>\n<li><strong>Dimmbar:<\/strong> Nein<\/li>\n<li><strong>Schalter:<\/strong> Nein<\/li>\n<li><strong>Rahmengr\u00f6\u00dfe:<\/strong> \u00d8 4 1\/4&#8243;<\/li>\n<li><strong>Ausschnitt:<\/strong> 4 63\/64&#8243;<\/li>\n<li><strong>IP-Bewertung:<\/strong> IP68<\/li>\n<\/ul>\n<\/li>\n<li><strong>Modell:<\/strong> CLG EVO 45W &#8211; QC RGBW\n<ul>\n<li><strong>Leistung:<\/strong> 45 W<\/li>\n<li><strong>Stromversorgung:<\/strong> 10-30 Vdc<\/li>\n<li><strong>Farbtemperatur:<\/strong> Nicht spezifiziert<\/li>\n<li><strong>Lumen-Ausgang:<\/strong> Nicht spezifiziert<\/li>\n<li><strong>Dimmbar:<\/strong> Nein<\/li>\n<li><strong>Schalter:<\/strong> Nein<\/li>\n<li><strong>Rahmengr\u00f6\u00dfe:<\/strong> \u00d8 4 1\/4&#8243;<\/li>\n<li><strong>Ausschnitt:<\/strong> 4 63\/64&#8243;<\/li>\n<li><strong>IP-Bewertung:<\/strong> IP68<\/li>\n<\/ul>\n<\/li>\n<li><strong>Modell:<\/strong> CLG EVO 45W &#8211; QN RGBW\n<ul>\n<li><strong>Leistung:<\/strong> 45 W<\/li>\n<li><strong>Stromversorgung:<\/strong> 10-30 Vdc<\/li>\n<li><strong>Farbtemperatur:<\/strong> Nicht spezifiziert<\/li>\n<li><strong>Lumen-Ausgang:<\/strong> Nicht spezifiziert<\/li>\n<li><strong>Dimmbar:<\/strong> Nein<\/li>\n<li><strong>Schalter:<\/strong> Nein<\/li>\n<li><strong>Rahmengr\u00f6\u00dfe:<\/strong> \u00d8 4 1\/4&#8243;<\/li>\n<li><strong>Ausschnitt:<\/strong> 4 63\/64&#8243;<\/li>\n<li><strong>IP-Bewertung:<\/strong> IP68<\/li>\n<\/ul>\n<\/li>\n<\/ul>\n<p>Diese detaillierte \u00dcbersicht informiert Sie \u00fcber wichtige Informationen zum CLG EVO 45W Unterwasserlicht, damit Sie alles f\u00fcr Ihre Boots-Abenteuer haben.<\/p>\n","protected":false},"excerpt":{"rendered":"<p>Quick Challenger Delta Wei\u00df 108 mm 45 W 10-30 Volt &#8211; Wir freuen uns, das CLG EVO 45W Unterwasserlicht vorzustellen,<\/p>\n","protected":false},"featured_media":5946547,"comment_status":"open","ping_status":"closed","template":"","meta":[],"product_brand":[3280],"product_cat":[1444],"product_tag":[],"class_list":{"0":"post-737807","1":"product","2":"type-product","3":"status-publish","4":"has-post-thumbnail","6":"product_brand-quick-de","7":"product_cat-unterwasser-led-leuchten","9":"first","10":"outofstock","11":"shipping-taxable","12":"purchasable","13":"product-type-simple"},"_links":{"self":[{"href":"https:\/\/stoic-curie.212-227-153-4.plesk.page\/de\/wp-json\/wp\/v2\/product\/737807","targetHints":{"allow":["GET"]}}],"collection":[{"href":"https:\/\/stoic-curie.212-227-153-4.plesk.page\/de\/wp-json\/wp\/v2\/product"}],"about":[{"href":"https:\/\/stoic-curie.212-227-153-4.plesk.page\/de\/wp-json\/wp\/v2\/types\/product"}],"replies":[{"embeddable":true,"href":"https:\/\/stoic-curie.212-227-153-4.plesk.page\/de\/wp-json\/wp\/v2\/comments?post=737807"}],"version-history":[{"count":0,"href":"https:\/\/stoic-curie.212-227-153-4.plesk.page\/de\/wp-json\/wp\/v2\/product\/737807\/revisions"}],"wp:featuredmedia":[{"embeddable":true,"href":"https:\/\/stoic-curie.212-227-153-4.plesk.page\/de\/wp-json\/wp\/v2\/media\/5946547"}],"wp:attachment":[{"href":"https:\/\/stoic-curie.212-227-153-4.plesk.page\/de\/wp-json\/wp\/v2\/media?parent=737807"}],"wp:term":[{"taxonomy":"product_brand","embeddable":true,"href":"https:\/\/stoic-curie.212-227-153-4.plesk.page\/de\/wp-json\/wp\/v2\/product_brand?post=737807"},{"taxonomy":"product_cat","embeddable":true,"href":"https:\/\/stoic-curie.212-227-153-4.plesk.page\/de\/wp-json\/wp\/v2\/product_cat?post=737807"},{"taxonomy":"product_tag","embeddable":true,"href":"https:\/\/stoic-curie.212-227-153-4.plesk.page\/de\/wp-json\/wp\/v2\/product_tag?post=737807"}],"curies":[{"name":"wp","href":"https:\/\/api.w.org\/{rel}","templated":true}]}}