{"id":737809,"date":"2025-03-03T17:01:07","date_gmt":"2025-03-03T16:01:07","guid":{"rendered":"https:\/\/stoic-curie.212-227-153-4.plesk.page\/producto\/icom-ic-m510e\/"},"modified":"2026-02-24T23:35:15","modified_gmt":"2026-02-24T23:35:15","slug":"icom-ic-m510e","status":"publish","type":"product","link":"https:\/\/stoic-curie.212-227-153-4.plesk.page\/de\/product\/icom-ic-m510e\/","title":{"rendered":"Icom IC-M510E"},"content":{"rendered":"<p>Icom IC-M510E &#8211; <\/p>\n<p>Pr\u00e4sentation des ICOM IC-M510E ohne AIS, ein hochentwickeltes, fest installiertes 12V Klasse D DSC VHF-Radio, das sowohl den Anforderungen von Freizeit- als auch von Berufsskippern gerecht wird. Dieses hochmoderne Ger\u00e4t ist mit einem hochwertigen Mikrofon und einem externen GPS ausgestattet, das sicherstellt, dass Sie alle wichtigen Werkzeuge f\u00fcr eine effektive Kommunikation und Navigation auf dem Wasser zur Verf\u00fcgung haben. Ein bemerkenswertes Merkmal dieses Radios ist die optionale CT-M500 drahtlose Boxenschnittstelle, die es Ihnen erm\u00f6glicht, das Ger\u00e4t \u00fcber Ihr Smartphone oder eine andere Station fernzusteuern. Diese Funktionalit\u00e4t wird durch eine kostenlose, dedizierte App unterst\u00fctzt, die Ihnen die Kontrolle \u00fcber Ihr Radio erleichtert, ohne dass Sie sich physisch in der N\u00e4he des Ger\u00e4ts befinden m\u00fcssen.<\/p>\n<p>F\u00fcr diejenigen, die die AIS-Version w\u00e4hlen, erhalten Sie die M\u00f6glichkeit, alle Ziele direkt \u00fcber das helle Display zu sehen, auszuw\u00e4hlen und zu kommunizieren, was Ihr Situationsbewusstsein und Ihre Sicherheit auf dem Wasser erheblich verbessert. Das IC-M510E verf\u00fcgt \u00fcber ein beeindruckendes 4,3-Zoll-LCD-TFT-Display, das nicht nur leicht zu lesen ist, sondern auch daf\u00fcr entwickelt wurde, den Herausforderungen maritimer Umgebungen standzuhalten, dank seines wasserdichten Geh\u00e4uses der IP68-Klasse, das Haltbarkeit unter extremen Bedingungen garantiert.<\/p>\n<p>Die Konnektivit\u00e4t ist mit NMEA0183-Kompatibilit\u00e4t einfach, und f\u00fcr Benutzer, die erweiterte Funktionen suchen, ist NMEA2000 WLAN \u00fcber die drahtlose Box zug\u00e4nglich. Das Radio bietet auch eine Vielzahl von Navigationsfunktionen, darunter Wegpunkte, eine Anti-Nebel-Alarmfunktion, Dual-\/Tri-Watch-Funktionen und direkten Zugriff auf Kanal 16. Dar\u00fcber hinaus verbessern Funktionen wie der aktive Ger\u00e4uschunterdr\u00fccker (ANC), TAG und AquaQuake f\u00fcr eine effektive Wasserableitung die Benutzerfreundlichkeit dieses Ger\u00e4ts.<\/p>\n<\/p>\n<p>Zur zus\u00e4tzlichen Bequemlichkeit k\u00f6nnen Sie das Commandmic HM-229B Mikrofon w\u00e4hlen, mit dem Sie alle VHF-Funktionen von einem anderen Standort aus steuern k\u00f6nnen, was die Kommunikation erleichtert, ohne an das Hauptger\u00e4t gebunden zu sein. Dieses Mikrofon funktioniert auch als Intercom und unterst\u00fctzt DSC-Anrufe, was eine zus\u00e4tzliche Vielseitigkeit bietet.<\/p>\n<p>Im Lieferumfang des Radios sind wichtige Zubeh\u00f6rteile wie eine GPS-Antenne, ein 10-Meter-Kabel, ein Montagesatz, ein Stromversorgungskabel und ein detailliertes Benutzerhandbuch enthalten, das Ihnen beim Einstieg hilft.<\/p>\n<p>Abmessungen: 175 x 71 x 110 mm (H). Diese kompakte Gr\u00f6\u00dfe erleichtert die Installation in verschiedenen maritimen Umgebungen und bietet gleichzeitig eine robuste Leistung.<\/p>\n","protected":false},"excerpt":{"rendered":"<p>Icom IC-M510E &#8211; Pr\u00e4sentation des ICOM IC-M510E ohne AIS, ein hochentwickeltes, fest installiertes 12V Klasse D DSC VHF-Radio, das sowohl<\/p>\n","protected":false},"featured_media":5946573,"comment_status":"open","ping_status":"closed","template":"","meta":[],"product_brand":[3010],"product_cat":[1457],"product_tag":[],"class_list":{"0":"post-737809","1":"product","2":"type-product","3":"status-publish","4":"has-post-thumbnail","6":"product_brand-icom-marine-de","7":"product_cat-bootelektronik","9":"first","10":"instock","11":"shipping-taxable","12":"purchasable","13":"product-type-simple"},"_links":{"self":[{"href":"https:\/\/stoic-curie.212-227-153-4.plesk.page\/de\/wp-json\/wp\/v2\/product\/737809","targetHints":{"allow":["GET"]}}],"collection":[{"href":"https:\/\/stoic-curie.212-227-153-4.plesk.page\/de\/wp-json\/wp\/v2\/product"}],"about":[{"href":"https:\/\/stoic-curie.212-227-153-4.plesk.page\/de\/wp-json\/wp\/v2\/types\/product"}],"replies":[{"embeddable":true,"href":"https:\/\/stoic-curie.212-227-153-4.plesk.page\/de\/wp-json\/wp\/v2\/comments?post=737809"}],"version-history":[{"count":0,"href":"https:\/\/stoic-curie.212-227-153-4.plesk.page\/de\/wp-json\/wp\/v2\/product\/737809\/revisions"}],"wp:featuredmedia":[{"embeddable":true,"href":"https:\/\/stoic-curie.212-227-153-4.plesk.page\/de\/wp-json\/wp\/v2\/media\/5946573"}],"wp:attachment":[{"href":"https:\/\/stoic-curie.212-227-153-4.plesk.page\/de\/wp-json\/wp\/v2\/media?parent=737809"}],"wp:term":[{"taxonomy":"product_brand","embeddable":true,"href":"https:\/\/stoic-curie.212-227-153-4.plesk.page\/de\/wp-json\/wp\/v2\/product_brand?post=737809"},{"taxonomy":"product_cat","embeddable":true,"href":"https:\/\/stoic-curie.212-227-153-4.plesk.page\/de\/wp-json\/wp\/v2\/product_cat?post=737809"},{"taxonomy":"product_tag","embeddable":true,"href":"https:\/\/stoic-curie.212-227-153-4.plesk.page\/de\/wp-json\/wp\/v2\/product_tag?post=737809"}],"curies":[{"name":"wp","href":"https:\/\/api.w.org\/{rel}","templated":true}]}}