{"id":737811,"date":"2025-03-03T17:01:08","date_gmt":"2025-03-03T16:01:08","guid":{"rendered":"https:\/\/stoic-curie.212-227-153-4.plesk.page\/producto\/kraftstofftank-can-sb-oem-406-liter-1550-x-800-x-380-mm\/"},"modified":"2026-02-24T23:35:15","modified_gmt":"2026-02-24T23:35:15","slug":"kraftstofftank-can-sb-oem-406-liter-1550-x-800-x-380-mm","status":"publish","type":"product","link":"https:\/\/stoic-curie.212-227-153-4.plesk.page\/de\/product\/kraftstofftank-can-sb-oem-406-liter-1550-x-800-x-380-mm\/","title":{"rendered":"Kraftstofftank Can-SB OEM 406 Liter (1550 x 800 x 380 mm)"},"content":{"rendered":"<p>Kraftstofftank Can-SB OEM 406 Liter (1550 x 800 x 380 mm) &#8211; <\/p>\n<p style=\"color: rgb(34, 34, 34); font-family: Arial, Helvetica, sans-serif; font-size: small;\">Unsere kreuzvernetzten Polyethylen-Kraftstofftanks sind sorgf\u00e4ltig mit einer Unterrumpfform konstruiert, die ihre Installation in verschiedenen maritimen Anwendungen optimal unterst\u00fctzt. Diese Tanks sind mit vormoldierten Anschl\u00fcssen ausgestattet und damit besonders gut f\u00fcr die Installation durch Originalger\u00e4tehersteller (OEM) geeignet. Jeder Tank ist durch ein Inspektionsfenster mit einem 17\/19 mm Entl\u00fcftungsventil, einem 12 mm Kraftstoffentnahmerohr und einem sicheren Verschraubdeckel durchdacht gestaltet. Diese Liebe zum Detail stellt sicher, dass Benutzer den Kraftstoffstand leicht \u00fcberwachen und die Integrit\u00e4t des Tanks aufrechterhalten k\u00f6nnen. Zudem sind unsere Tanks vielseitig und k\u00f6nnen Einl\u00e4sse in den Gr\u00f6\u00dfen 38\/50\/60 mm bedienen, um eine Vielzahl von Kraftstoff\u00fcbertragungsbed\u00fcrfnissen zu erf\u00fcllen.<\/p>\n<p style=\"color: rgb(34, 34, 34); font-family: Arial, Helvetica, sans-serif; font-size: small;\">Diese kreuzvernetzten Polyethylen-Tanks sind speziell f\u00fcr Bootsbesitzer konzipiert, die die Kapazit\u00e4t ben\u00f6tigen, substanzielle Mengen Benzin oder Diesel an Bord zu transportieren. Um die Benutzerfreundlichkeit zu erh\u00f6hen, bieten wir diese Tanks in rechteckigen und unregelm\u00e4\u00dfigen Formen an, die eine optimale Positionierung am Rumpf Ihres Fahrzeugs erm\u00f6glichen. Diese Designflexibilit\u00e4t wird durch Entl\u00fcftungsoptionen und Vorrichtungen f\u00fcr 38 mm und 50 mm Anschl\u00fcsse erg\u00e4nzt, die eine unkomplizierte und effiziente Installation gew\u00e4hrleisten.<\/p>\n<p style=\"color: rgb(34, 34, 34); font-family: Arial, Helvetica, sans-serif; font-size: small;\">Bestimmte Modelle unserer Kraftstofftanks sind mit einem verchromten Messing-Schwimmer ausgestattet, der nicht nur die Haltbarkeit des Produkts erh\u00f6ht, sondern auch die Installation eines zus\u00e4tzlichen Schwimmers bei Bedarf erm\u00f6glicht. F\u00fcr diejenigen, die speziell Benzin verwenden, bieten wir Tanks, die mit einem kapazitiven F\u00fcllstandsanzeiger ausgestattet sind, der eine pr\u00e4zise \u00dcberwachung des Kraftstoffstandes erm\u00f6glicht. Wichtig ist, dass alle unsere Bootskraftstofftanks RINA- und CE-Zulassungen besitzen, was garantiert, dass sie strengen Sicherheits- und Qualit\u00e4tsstandards entsprechen und unseren Kunden ein Gef\u00fchl der Sicherheit bieten.<\/p>\n<p style=\"color: rgb(34, 34, 34); font-family: Arial, Helvetica, sans-serif; font-size: small;\">Die auf unserer Website pr\u00e4sentierten Kraftstofftanks geh\u00f6ren zu den qualitativ hochwertigsten Kunststoffkraftstofftanks, die derzeit auf dem Markt erh\u00e4ltlich sind. Im Gegensatz zu herk\u00f6mmlichen Metalltanks sind unsere Polyethylen-Optionen von Natur aus korrosionsbest\u00e4ndig, was ein wesentlicher Vorteil im maritimen Umfeld ist, wo die Exposition gegen\u00fcber Salzwasser und anderen korrosiven Elementen h\u00e4ufig ist. Dar\u00fcber hinaus sind unsere Tanks etwa 30 % leichter als Metalltanks vergleichbarer Gr\u00f6\u00dfe, was zur Verbesserung der Kraftstoffeffizienz und der Gesamtleistung Ihres Fahrzeugs beitragen kann.<\/p>\n<p style=\"color: rgb(34, 34, 34); font-family: Arial, Helvetica, sans-serif; font-size: small;\">Hergestellt aus kreuzvernetzten Polyethylen, sind diese Tanks vollst\u00e4ndig resistent gegen\u00fcber sowohl Benzin als auch Diesel, was sicherstellt, dass sie nicht abgebaut werden oder die Qualit\u00e4t des gespeicherten Kraftstoffs beeintr\u00e4chtigen. Jeder Tank durchl\u00e4uft strenge Einzeltests und Zertifizierungsprozesse, um Zuverl\u00e4ssigkeit und Leistung sicherzustellen, sodass Sie darauf vertrauen k\u00f6nnen, dass Sie in ein Produkt investieren, das Ihnen viele Jahre lang gute Dienste leisten wird. Unser Engagement f\u00fcr Qualit\u00e4t und Kundenzufriedenheit ist unersch\u00fctterlich, und wir sind bestrebt, Bootsbesitzern die beste Ausr\u00fcstung und die besten Zubeh\u00f6rteile anzubieten, die verf\u00fcgbar sind.<\/p>\n","protected":false},"excerpt":{"rendered":"<p>Kraftstofftank Can-SB OEM 406 Liter (1550 x 800 x 380 mm) &#8211; Unsere kreuzvernetzten Polyethylen-Kraftstofftanks sind sorgf\u00e4ltig mit einer Unterrumpfform<\/p>\n","protected":false},"featured_media":5946579,"comment_status":"open","ping_status":"closed","template":"","meta":[],"product_brand":[2855],"product_cat":[1513],"product_tag":[],"class_list":{"0":"post-737811","1":"product","2":"type-product","3":"status-publish","4":"has-post-thumbnail","6":"product_brand-can-marine-de","7":"product_cat-kraftstofftanks","9":"first","10":"instock","11":"shipping-taxable","12":"purchasable","13":"product-type-simple"},"_links":{"self":[{"href":"https:\/\/stoic-curie.212-227-153-4.plesk.page\/de\/wp-json\/wp\/v2\/product\/737811","targetHints":{"allow":["GET"]}}],"collection":[{"href":"https:\/\/stoic-curie.212-227-153-4.plesk.page\/de\/wp-json\/wp\/v2\/product"}],"about":[{"href":"https:\/\/stoic-curie.212-227-153-4.plesk.page\/de\/wp-json\/wp\/v2\/types\/product"}],"replies":[{"embeddable":true,"href":"https:\/\/stoic-curie.212-227-153-4.plesk.page\/de\/wp-json\/wp\/v2\/comments?post=737811"}],"version-history":[{"count":0,"href":"https:\/\/stoic-curie.212-227-153-4.plesk.page\/de\/wp-json\/wp\/v2\/product\/737811\/revisions"}],"wp:featuredmedia":[{"embeddable":true,"href":"https:\/\/stoic-curie.212-227-153-4.plesk.page\/de\/wp-json\/wp\/v2\/media\/5946579"}],"wp:attachment":[{"href":"https:\/\/stoic-curie.212-227-153-4.plesk.page\/de\/wp-json\/wp\/v2\/media?parent=737811"}],"wp:term":[{"taxonomy":"product_brand","embeddable":true,"href":"https:\/\/stoic-curie.212-227-153-4.plesk.page\/de\/wp-json\/wp\/v2\/product_brand?post=737811"},{"taxonomy":"product_cat","embeddable":true,"href":"https:\/\/stoic-curie.212-227-153-4.plesk.page\/de\/wp-json\/wp\/v2\/product_cat?post=737811"},{"taxonomy":"product_tag","embeddable":true,"href":"https:\/\/stoic-curie.212-227-153-4.plesk.page\/de\/wp-json\/wp\/v2\/product_tag?post=737811"}],"curies":[{"name":"wp","href":"https:\/\/api.w.org\/{rel}","templated":true}]}}