{"id":737813,"date":"2025-03-03T17:01:08","date_gmt":"2025-03-03T16:01:08","guid":{"rendered":"https:\/\/stoic-curie.212-227-153-4.plesk.page\/producto\/feststehender-sockel-garelick-h300mm\/"},"modified":"2026-02-24T23:35:15","modified_gmt":"2026-02-24T23:35:15","slug":"feststehender-sockel-garelick-h300mm","status":"publish","type":"product","link":"https:\/\/stoic-curie.212-227-153-4.plesk.page\/de\/product\/feststehender-sockel-garelick-h300mm\/","title":{"rendered":"Feststehender Sockel Garelick H300mm"},"content":{"rendered":"<p>Feststehender Sockel Garelick H300mm &#8211; <\/p>\n<p>Feste H\u00f6he anodisiertes Aluminium Garelick Sitz Hauptst\u00fctze Pedestal. Kann mit einem Standard-Oberteil oder mit einem Vorw\u00e4rts-R\u00fcckw\u00e4rts-Sitzschieber-Oberteil vervollst\u00e4ndigt werden. Beide Oberteile sind mit einem Delrin-Lager ausgestattet, das die Reibung aufhebt und eine perfekte Rotation erm\u00f6glicht. Durchmesser des Pedestals 73 mm, Durchmesser der Basis 235 mm.<\/p>\n","protected":false},"excerpt":{"rendered":"<p>Feststehender Sockel Garelick H300mm &#8211; Feste H\u00f6he anodisiertes Aluminium Garelick Sitz Hauptst\u00fctze Pedestal. Kann mit einem Standard-Oberteil oder mit einem<\/p>\n","protected":false},"featured_media":5946593,"comment_status":"open","ping_status":"closed","template":"","meta":[],"product_brand":[2965],"product_cat":[1391,1411],"product_tag":[],"class_list":{"0":"post-737813","1":"product","2":"type-product","3":"status-publish","4":"has-post-thumbnail","6":"product_brand-garelick-de","7":"product_cat-bootsitze","8":"product_cat-sitz-podeste","10":"first","11":"instock","12":"shipping-taxable","13":"purchasable","14":"product-type-simple"},"_links":{"self":[{"href":"https:\/\/stoic-curie.212-227-153-4.plesk.page\/de\/wp-json\/wp\/v2\/product\/737813","targetHints":{"allow":["GET"]}}],"collection":[{"href":"https:\/\/stoic-curie.212-227-153-4.plesk.page\/de\/wp-json\/wp\/v2\/product"}],"about":[{"href":"https:\/\/stoic-curie.212-227-153-4.plesk.page\/de\/wp-json\/wp\/v2\/types\/product"}],"replies":[{"embeddable":true,"href":"https:\/\/stoic-curie.212-227-153-4.plesk.page\/de\/wp-json\/wp\/v2\/comments?post=737813"}],"version-history":[{"count":0,"href":"https:\/\/stoic-curie.212-227-153-4.plesk.page\/de\/wp-json\/wp\/v2\/product\/737813\/revisions"}],"wp:featuredmedia":[{"embeddable":true,"href":"https:\/\/stoic-curie.212-227-153-4.plesk.page\/de\/wp-json\/wp\/v2\/media\/5946593"}],"wp:attachment":[{"href":"https:\/\/stoic-curie.212-227-153-4.plesk.page\/de\/wp-json\/wp\/v2\/media?parent=737813"}],"wp:term":[{"taxonomy":"product_brand","embeddable":true,"href":"https:\/\/stoic-curie.212-227-153-4.plesk.page\/de\/wp-json\/wp\/v2\/product_brand?post=737813"},{"taxonomy":"product_cat","embeddable":true,"href":"https:\/\/stoic-curie.212-227-153-4.plesk.page\/de\/wp-json\/wp\/v2\/product_cat?post=737813"},{"taxonomy":"product_tag","embeddable":true,"href":"https:\/\/stoic-curie.212-227-153-4.plesk.page\/de\/wp-json\/wp\/v2\/product_tag?post=737813"}],"curies":[{"name":"wp","href":"https:\/\/api.w.org\/{rel}","templated":true}]}}