{"id":737815,"date":"2025-03-03T17:01:09","date_gmt":"2025-03-03T16:01:09","guid":{"rendered":"https:\/\/stoic-curie.212-227-153-4.plesk.page\/producto\/feststehender-sockel-garelick-h610mm\/"},"modified":"2026-02-24T23:35:15","modified_gmt":"2026-02-24T23:35:15","slug":"feststehender-sockel-garelick-h610mm","status":"publish","type":"product","link":"https:\/\/stoic-curie.212-227-153-4.plesk.page\/de\/product\/feststehender-sockel-garelick-h610mm\/","title":{"rendered":"Feststehender Sockel Garelick H610mm"},"content":{"rendered":"<p>Feststehender Sockel Garelick H610mm &#8211; <\/p>\n<p>Festh\u00f6he anodisiertes Aluminium Garelick Sitzpedestal. Kann mit Standardoberfl\u00e4che oder mit einer Vorw\u00e4rts-R\u00fcckw\u00e4rts-Sitzschiebefl\u00e4che kombiniert werden. Beide Oberteile sind mit einem Delrin-Lager ausgestattet, das Reibung verhindert und eine perfekte Drehung erm\u00f6glicht. Pedestaldurchmesser 73 mm, Basisdurchmesser 235 mm.<\/p>\n","protected":false},"excerpt":{"rendered":"<p>Feststehender Sockel Garelick H610mm &#8211; Festh\u00f6he anodisiertes Aluminium Garelick Sitzpedestal. Kann mit Standardoberfl\u00e4che oder mit einer Vorw\u00e4rts-R\u00fcckw\u00e4rts-Sitzschiebefl\u00e4che kombiniert werden. Beide<\/p>\n","protected":false},"featured_media":5946593,"comment_status":"open","ping_status":"closed","template":"","meta":[],"product_brand":[2965],"product_cat":[1391,1411],"product_tag":[],"class_list":{"0":"post-737815","1":"product","2":"type-product","3":"status-publish","4":"has-post-thumbnail","6":"product_brand-garelick-de","7":"product_cat-bootsitze","8":"product_cat-sitz-podeste","10":"first","11":"instock","12":"shipping-taxable","13":"purchasable","14":"product-type-simple"},"_links":{"self":[{"href":"https:\/\/stoic-curie.212-227-153-4.plesk.page\/de\/wp-json\/wp\/v2\/product\/737815","targetHints":{"allow":["GET"]}}],"collection":[{"href":"https:\/\/stoic-curie.212-227-153-4.plesk.page\/de\/wp-json\/wp\/v2\/product"}],"about":[{"href":"https:\/\/stoic-curie.212-227-153-4.plesk.page\/de\/wp-json\/wp\/v2\/types\/product"}],"replies":[{"embeddable":true,"href":"https:\/\/stoic-curie.212-227-153-4.plesk.page\/de\/wp-json\/wp\/v2\/comments?post=737815"}],"version-history":[{"count":0,"href":"https:\/\/stoic-curie.212-227-153-4.plesk.page\/de\/wp-json\/wp\/v2\/product\/737815\/revisions"}],"wp:featuredmedia":[{"embeddable":true,"href":"https:\/\/stoic-curie.212-227-153-4.plesk.page\/de\/wp-json\/wp\/v2\/media\/5946593"}],"wp:attachment":[{"href":"https:\/\/stoic-curie.212-227-153-4.plesk.page\/de\/wp-json\/wp\/v2\/media?parent=737815"}],"wp:term":[{"taxonomy":"product_brand","embeddable":true,"href":"https:\/\/stoic-curie.212-227-153-4.plesk.page\/de\/wp-json\/wp\/v2\/product_brand?post=737815"},{"taxonomy":"product_cat","embeddable":true,"href":"https:\/\/stoic-curie.212-227-153-4.plesk.page\/de\/wp-json\/wp\/v2\/product_cat?post=737815"},{"taxonomy":"product_tag","embeddable":true,"href":"https:\/\/stoic-curie.212-227-153-4.plesk.page\/de\/wp-json\/wp\/v2\/product_tag?post=737815"}],"curies":[{"name":"wp","href":"https:\/\/api.w.org\/{rel}","templated":true}]}}