{"id":737816,"date":"2025-03-03T17:01:09","date_gmt":"2025-03-03T16:01:09","guid":{"rendered":"https:\/\/stoic-curie.212-227-153-4.plesk.page\/producto\/feststehender-sockel-garelick-h760mm\/"},"modified":"2026-02-24T23:35:15","modified_gmt":"2026-02-24T23:35:15","slug":"feststehender-sockel-garelick-h760mm","status":"publish","type":"product","link":"https:\/\/stoic-curie.212-227-153-4.plesk.page\/de\/product\/feststehender-sockel-garelick-h760mm\/","title":{"rendered":"Feststehender Sockel Garelick H760mm"},"content":{"rendered":"<p>Feststehender Sockel Garelick H760mm &#8211; <\/p>\n<p>Fester H\u00f6he eloxierter Aluminium Garelick Sitz-Hauptst\u00fctzenpfeiler. Kann mit einer Standardoberseite oder mit einer vor-r\u00fcck Sitzschieberoberseite vervollst\u00e4ndigt werden. Beide Oberseiten sind mit einem Delrin-Lager ausgestattet, das die Reibung eliminiert und eine perfekte Drehung erm\u00f6glicht. Durchmesser der S\u00e4ule 73 mm, Durchmesser der Basis 235 mm.<\/p>\n","protected":false},"excerpt":{"rendered":"<p>Feststehender Sockel Garelick H760mm &#8211; Fester H\u00f6he eloxierter Aluminium Garelick Sitz-Hauptst\u00fctzenpfeiler. Kann mit einer Standardoberseite oder mit einer vor-r\u00fcck Sitzschieberoberseite<\/p>\n","protected":false},"featured_media":5946593,"comment_status":"open","ping_status":"closed","template":"","meta":[],"product_brand":[2965],"product_cat":[1391,1411],"product_tag":[],"class_list":{"0":"post-737816","1":"product","2":"type-product","3":"status-publish","4":"has-post-thumbnail","6":"product_brand-garelick-de","7":"product_cat-bootsitze","8":"product_cat-sitz-podeste","10":"first","11":"instock","12":"shipping-taxable","13":"purchasable","14":"product-type-simple"},"_links":{"self":[{"href":"https:\/\/stoic-curie.212-227-153-4.plesk.page\/de\/wp-json\/wp\/v2\/product\/737816","targetHints":{"allow":["GET"]}}],"collection":[{"href":"https:\/\/stoic-curie.212-227-153-4.plesk.page\/de\/wp-json\/wp\/v2\/product"}],"about":[{"href":"https:\/\/stoic-curie.212-227-153-4.plesk.page\/de\/wp-json\/wp\/v2\/types\/product"}],"replies":[{"embeddable":true,"href":"https:\/\/stoic-curie.212-227-153-4.plesk.page\/de\/wp-json\/wp\/v2\/comments?post=737816"}],"version-history":[{"count":0,"href":"https:\/\/stoic-curie.212-227-153-4.plesk.page\/de\/wp-json\/wp\/v2\/product\/737816\/revisions"}],"wp:featuredmedia":[{"embeddable":true,"href":"https:\/\/stoic-curie.212-227-153-4.plesk.page\/de\/wp-json\/wp\/v2\/media\/5946593"}],"wp:attachment":[{"href":"https:\/\/stoic-curie.212-227-153-4.plesk.page\/de\/wp-json\/wp\/v2\/media?parent=737816"}],"wp:term":[{"taxonomy":"product_brand","embeddable":true,"href":"https:\/\/stoic-curie.212-227-153-4.plesk.page\/de\/wp-json\/wp\/v2\/product_brand?post=737816"},{"taxonomy":"product_cat","embeddable":true,"href":"https:\/\/stoic-curie.212-227-153-4.plesk.page\/de\/wp-json\/wp\/v2\/product_cat?post=737816"},{"taxonomy":"product_tag","embeddable":true,"href":"https:\/\/stoic-curie.212-227-153-4.plesk.page\/de\/wp-json\/wp\/v2\/product_tag?post=737816"}],"curies":[{"name":"wp","href":"https:\/\/api.w.org\/{rel}","templated":true}]}}