{"id":737818,"date":"2025-03-03T17:01:10","date_gmt":"2025-03-03T16:01:10","guid":{"rendered":"https:\/\/stoic-curie.212-227-153-4.plesk.page\/producto\/verstellbarer-sockel-mit-basis-garelick-h300-430mm\/"},"modified":"2026-02-24T23:35:15","modified_gmt":"2026-02-24T23:35:15","slug":"verstellbarer-sockel-mit-basis-garelick-h300-430mm","status":"publish","type":"product","link":"https:\/\/stoic-curie.212-227-153-4.plesk.page\/de\/product\/verstellbarer-sockel-mit-basis-garelick-h300-430mm\/","title":{"rendered":"Verstellbarer Sockel mit Basis Garelick H300-430mm"},"content":{"rendered":"<p>Verstellbarer Sockel mit Basis Garelick H300-430mm &#8211; <\/p>\n<p>H\u00f6henverstellbarer anodisierter Aluminium Garelick Sitzhauptst\u00fctzen-Pedestals mit Snap-Pin. Kann mit einer Standard-Oberfl\u00e4che oder mit einer Vorw\u00e4rts-R\u00fcckw\u00e4rts-Sitzschieber-Oberfl\u00e4che erg\u00e4nzt werden. Beide Oberfl\u00e4chen sind mit einem Delrin-Lager ausgestattet, das Reibung beseitigt und eine perfekte Rotation erm\u00f6glicht. Durchmesser des Pedestals 73 mm, Durchmesser der Basis 235 mm.<\/p>\n","protected":false},"excerpt":{"rendered":"<p>Verstellbarer Sockel mit Basis Garelick H300-430mm &#8211; H\u00f6henverstellbarer anodisierter Aluminium Garelick Sitzhauptst\u00fctzen-Pedestals mit Snap-Pin. Kann mit einer Standard-Oberfl\u00e4che oder mit<\/p>\n","protected":false},"featured_media":5946603,"comment_status":"open","ping_status":"closed","template":"","meta":[],"product_brand":[2965],"product_cat":[1391,1411],"product_tag":[],"class_list":{"0":"post-737818","1":"product","2":"type-product","3":"status-publish","4":"has-post-thumbnail","6":"product_brand-garelick-de","7":"product_cat-bootsitze","8":"product_cat-sitz-podeste","10":"first","11":"instock","12":"shipping-taxable","13":"purchasable","14":"product-type-simple"},"_links":{"self":[{"href":"https:\/\/stoic-curie.212-227-153-4.plesk.page\/de\/wp-json\/wp\/v2\/product\/737818","targetHints":{"allow":["GET"]}}],"collection":[{"href":"https:\/\/stoic-curie.212-227-153-4.plesk.page\/de\/wp-json\/wp\/v2\/product"}],"about":[{"href":"https:\/\/stoic-curie.212-227-153-4.plesk.page\/de\/wp-json\/wp\/v2\/types\/product"}],"replies":[{"embeddable":true,"href":"https:\/\/stoic-curie.212-227-153-4.plesk.page\/de\/wp-json\/wp\/v2\/comments?post=737818"}],"version-history":[{"count":0,"href":"https:\/\/stoic-curie.212-227-153-4.plesk.page\/de\/wp-json\/wp\/v2\/product\/737818\/revisions"}],"wp:featuredmedia":[{"embeddable":true,"href":"https:\/\/stoic-curie.212-227-153-4.plesk.page\/de\/wp-json\/wp\/v2\/media\/5946603"}],"wp:attachment":[{"href":"https:\/\/stoic-curie.212-227-153-4.plesk.page\/de\/wp-json\/wp\/v2\/media?parent=737818"}],"wp:term":[{"taxonomy":"product_brand","embeddable":true,"href":"https:\/\/stoic-curie.212-227-153-4.plesk.page\/de\/wp-json\/wp\/v2\/product_brand?post=737818"},{"taxonomy":"product_cat","embeddable":true,"href":"https:\/\/stoic-curie.212-227-153-4.plesk.page\/de\/wp-json\/wp\/v2\/product_cat?post=737818"},{"taxonomy":"product_tag","embeddable":true,"href":"https:\/\/stoic-curie.212-227-153-4.plesk.page\/de\/wp-json\/wp\/v2\/product_tag?post=737818"}],"curies":[{"name":"wp","href":"https:\/\/api.w.org\/{rel}","templated":true}]}}