{"id":737821,"date":"2025-03-03T17:01:10","date_gmt":"2025-03-03T16:01:10","guid":{"rendered":"https:\/\/stoic-curie.212-227-153-4.plesk.page\/producto\/garelick-twist-lock-tischsockel-h-690-mm\/"},"modified":"2026-02-24T23:35:15","modified_gmt":"2026-02-24T23:35:15","slug":"garelick-twist-lock-tischsockel-h-690-mm","status":"publish","type":"product","link":"https:\/\/stoic-curie.212-227-153-4.plesk.page\/de\/product\/garelick-twist-lock-tischsockel-h-690-mm\/","title":{"rendered":"Garelick Twist-Lock-Tischsockel H 690 mm"},"content":{"rendered":"<p>Garelick Twist-Lock-Tischsockel H 690 mm &#8211; <\/p>\n<p>Satin-eloxierter Aluminiumtischfu\u00df mit korrosionsbest\u00e4ndigen maritimen Polymerbasen. Das Twist-Lock-System erm\u00f6glicht es, die Unterst\u00fctzung von der fluschenden Basis zu fixieren oder zu entfernen, sodass das Deck frei bleibt und keine L\u00f6cher f\u00fcr die Installation gebohrt werden m\u00fcssen. Rohrdurchmesser 60 mm, obere Basis 180 mm, untere Basis 170 mm.<\/p>\n","protected":false},"excerpt":{"rendered":"<p>Garelick Twist-Lock-Tischsockel H 690 mm &#8211; Satin-eloxierter Aluminiumtischfu\u00df mit korrosionsbest\u00e4ndigen maritimen Polymerbasen. Das Twist-Lock-System erm\u00f6glicht es, die Unterst\u00fctzung von der<\/p>\n","protected":false},"featured_media":5946604,"comment_status":"open","ping_status":"closed","template":"","meta":[],"product_brand":[2965],"product_cat":[1355],"product_tag":[],"class_list":{"0":"post-737821","1":"product","2":"type-product","3":"status-publish","4":"has-post-thumbnail","6":"product_brand-garelick-de","7":"product_cat-stuehle-und-tische","9":"first","10":"instock","11":"shipping-taxable","12":"purchasable","13":"product-type-simple"},"_links":{"self":[{"href":"https:\/\/stoic-curie.212-227-153-4.plesk.page\/de\/wp-json\/wp\/v2\/product\/737821","targetHints":{"allow":["GET"]}}],"collection":[{"href":"https:\/\/stoic-curie.212-227-153-4.plesk.page\/de\/wp-json\/wp\/v2\/product"}],"about":[{"href":"https:\/\/stoic-curie.212-227-153-4.plesk.page\/de\/wp-json\/wp\/v2\/types\/product"}],"replies":[{"embeddable":true,"href":"https:\/\/stoic-curie.212-227-153-4.plesk.page\/de\/wp-json\/wp\/v2\/comments?post=737821"}],"version-history":[{"count":0,"href":"https:\/\/stoic-curie.212-227-153-4.plesk.page\/de\/wp-json\/wp\/v2\/product\/737821\/revisions"}],"wp:featuredmedia":[{"embeddable":true,"href":"https:\/\/stoic-curie.212-227-153-4.plesk.page\/de\/wp-json\/wp\/v2\/media\/5946604"}],"wp:attachment":[{"href":"https:\/\/stoic-curie.212-227-153-4.plesk.page\/de\/wp-json\/wp\/v2\/media?parent=737821"}],"wp:term":[{"taxonomy":"product_brand","embeddable":true,"href":"https:\/\/stoic-curie.212-227-153-4.plesk.page\/de\/wp-json\/wp\/v2\/product_brand?post=737821"},{"taxonomy":"product_cat","embeddable":true,"href":"https:\/\/stoic-curie.212-227-153-4.plesk.page\/de\/wp-json\/wp\/v2\/product_cat?post=737821"},{"taxonomy":"product_tag","embeddable":true,"href":"https:\/\/stoic-curie.212-227-153-4.plesk.page\/de\/wp-json\/wp\/v2\/product_tag?post=737821"}],"curies":[{"name":"wp","href":"https:\/\/api.w.org\/{rel}","templated":true}]}}