{"id":737828,"date":"2025-03-03T17:05:24","date_gmt":"2025-03-03T16:05:24","guid":{"rendered":"https:\/\/stoic-curie.212-227-153-4.plesk.page\/producto\/vitrifrigo-dcw46-12-flaschen-12-24-220v\/"},"modified":"2026-02-24T23:35:15","modified_gmt":"2026-02-24T23:35:15","slug":"vitrifrigo-dcw46-12-flaschen-12-24-220v","status":"publish","type":"product","link":"https:\/\/stoic-curie.212-227-153-4.plesk.page\/de\/product\/vitrifrigo-dcw46-12-flaschen-12-24-220v\/","title":{"rendered":"Vitrifrigo DCW46 K\u00fchlschrank"},"content":{"rendered":"<p>Vitrifrigo DCW46 K\u00fchlschrank &#8211; <\/p>\n<p style=\"color: rgb(34, 34, 34); font-family: Arial, Helvetica, sans-serif; font-size: small;\"><strong>Bootsweinlager, DCW46, Vitrifrigo<\/strong><\/p>\n<p style=\"color: rgb(34, 34, 34); font-family: Arial, Helvetica, sans-serif; font-size: small;\">Die Vitrifrigo Weinlagerschr\u00e4nke zeichnen sich durch ein elegantes geb\u00fcrstetes Edelstahl-Finish und eine zuverl\u00e4ssige Danfoss-K\u00fchlungseinheit aus, die auf 12\/24\/220V betrieben wird. Diese Weinkeller eignen sich hervorragend zur Lagerung von Wein und Champagner. Das Modell DCW46 ist Teil der Serie Weinlager und hat ein Gesamtvolumen von 46 Litern, was Ihnen erm\u00f6glicht, bis zu 10 Standardflaschen mit einem Durchmesser von 76 mm und einer H\u00f6he von 315 mm zu lagern.<\/p>\n<p style=\"color: rgb(34, 34, 34); font-family: Arial, Helvetica, sans-serif; font-size: small;\">Dieser Weinkeller sieht nicht nur mit seinem geb\u00fcrsteten Edelstahl-Finish und dem get\u00f6nten Glas elegant aus, sondern sch\u00fctzt auch effektiv Ihren Wein vor sch\u00e4dlichen UV-Strahlen.<\/p>\n<p style=\"color: rgb(34, 34, 34); font-family: Arial, Helvetica, sans-serif; font-size: small;\">Mit dem digitalen Thermostat k\u00f6nnen Sie die Innentemperatur problemlos zwischen +4\u00b0C und +18\u00b0C anpassen und sicherstellen, dass jeder Weintyp unter den bestm\u00f6glichen Bedingungen aufbewahrt wird.<\/p>\n<p style=\"color: rgb(34, 34, 34); font-family: Arial, Helvetica, sans-serif; font-size: small;\">Dar\u00fcber hinaus ist der DCW46 Weinkeller f\u00fcr den maritimen Einsatz konzipiert und verf\u00fcgt \u00fcber einen &#8220;Pin Lock&#8221; Sicherheitsstift. Dieses Schlossystem bietet zus\u00e4tzliche Sicherheit f\u00fcr die T\u00fcr und verhindert ein \u00d6ffnen w\u00e4hrend Bootsausfl\u00fcgen.<\/p>\n<p style=\"color: rgb(34, 34, 34); font-family: Arial, Helvetica, sans-serif; font-size: small;\"><strong>Spezifikationen:<\/strong><\/p>\n<ul style=\"color: rgb(34, 34, 34); font-family: Arial, Helvetica, sans-serif; font-size: small;\">\n<li><strong>T\u00fcrenfinish:<\/strong>&nbsp;Glas<\/li>\n<li><strong>Kapazit\u00e4t:<\/strong>&nbsp;46 Liter<\/li>\n<li><strong>H\u00f6he:<\/strong>&nbsp;535 mm<\/li>\n<li><strong>L\u00e4nge:<\/strong>&nbsp;430 mm<\/li>\n<li><strong>Tiefe:<\/strong>&nbsp;470 mm<\/li>\n<li><strong>Gewicht:<\/strong>&nbsp;18 kg<\/li>\n<li><strong>Serie:<\/strong>&nbsp;Weinlager<\/li>\n<li><strong>Umkehrbare T\u00fcr:<\/strong>&nbsp;Nein<\/li>\n<li><strong>Thermostat:<\/strong>&nbsp;Digital<\/li>\n<li><strong>K\u00fchltechnologie:<\/strong>&nbsp;Kompressor<\/li>\n<li><strong>K\u00fchlger\u00e4t:<\/strong>&nbsp;Intern<\/li>\n<li><strong>T\u00fcr\u00f6ffnung:<\/strong>&nbsp;Einzelne Frontt\u00fcr<\/li>\n<li><strong>Spannung:<\/strong>&nbsp;12\/24 VDC &#8211; 100\/240 VAC<\/li>\n<\/ul>\n","protected":false},"excerpt":{"rendered":"<p>Vitrifrigo DCW46 K\u00fchlschrank &#8211; Bootsweinlager, DCW46, Vitrifrigo Die Vitrifrigo Weinlagerschr\u00e4nke zeichnen sich durch ein elegantes geb\u00fcrstetes Edelstahl-Finish und eine zuverl\u00e4ssige<\/p>\n","protected":false},"featured_media":5946614,"comment_status":"open","ping_status":"closed","template":"","meta":[],"product_brand":[3525],"product_cat":[1464],"product_tag":[],"class_list":{"0":"post-737828","1":"product","2":"type-product","3":"status-publish","4":"has-post-thumbnail","6":"product_brand-vitrifrigo-de","7":"product_cat-kuehlschraenke-und-gefriertruhen","9":"first","10":"instock","11":"shipping-taxable","12":"purchasable","13":"product-type-simple"},"_links":{"self":[{"href":"https:\/\/stoic-curie.212-227-153-4.plesk.page\/de\/wp-json\/wp\/v2\/product\/737828","targetHints":{"allow":["GET"]}}],"collection":[{"href":"https:\/\/stoic-curie.212-227-153-4.plesk.page\/de\/wp-json\/wp\/v2\/product"}],"about":[{"href":"https:\/\/stoic-curie.212-227-153-4.plesk.page\/de\/wp-json\/wp\/v2\/types\/product"}],"replies":[{"embeddable":true,"href":"https:\/\/stoic-curie.212-227-153-4.plesk.page\/de\/wp-json\/wp\/v2\/comments?post=737828"}],"version-history":[{"count":0,"href":"https:\/\/stoic-curie.212-227-153-4.plesk.page\/de\/wp-json\/wp\/v2\/product\/737828\/revisions"}],"wp:featuredmedia":[{"embeddable":true,"href":"https:\/\/stoic-curie.212-227-153-4.plesk.page\/de\/wp-json\/wp\/v2\/media\/5946614"}],"wp:attachment":[{"href":"https:\/\/stoic-curie.212-227-153-4.plesk.page\/de\/wp-json\/wp\/v2\/media?parent=737828"}],"wp:term":[{"taxonomy":"product_brand","embeddable":true,"href":"https:\/\/stoic-curie.212-227-153-4.plesk.page\/de\/wp-json\/wp\/v2\/product_brand?post=737828"},{"taxonomy":"product_cat","embeddable":true,"href":"https:\/\/stoic-curie.212-227-153-4.plesk.page\/de\/wp-json\/wp\/v2\/product_cat?post=737828"},{"taxonomy":"product_tag","embeddable":true,"href":"https:\/\/stoic-curie.212-227-153-4.plesk.page\/de\/wp-json\/wp\/v2\/product_tag?post=737828"}],"curies":[{"name":"wp","href":"https:\/\/api.w.org\/{rel}","templated":true}]}}