{"id":737829,"date":"2025-03-03T17:05:24","date_gmt":"2025-03-03T16:05:24","guid":{"rendered":"https:\/\/stoic-curie.212-227-153-4.plesk.page\/producto\/ersatzpanel-fuer-vitrifrigo-macs\/"},"modified":"2026-02-24T23:35:15","modified_gmt":"2026-02-24T23:35:15","slug":"ersatzpanel-fuer-vitrifrigo-macs","status":"publish","type":"product","link":"https:\/\/stoic-curie.212-227-153-4.plesk.page\/de\/product\/ersatzpanel-fuer-vitrifrigo-macs\/","title":{"rendered":"Ersatzpanel f\u00fcr Vitrifrigo Macs"},"content":{"rendered":"<p>Ersatzpanel f\u00fcr Vitrifrigo Macs &#8211; <\/p>\n<p>Ersatzbedienfeld f\u00fcr die neuen MACS-Klimaanlagen. Enth\u00e4lt das 12 x 8 cm gro\u00dfe Vimar-Panel, eine Elektronikplatine und ein 3 m langes Datenkabel.<\/p>\n","protected":false},"excerpt":{"rendered":"<p>Ersatzpanel f\u00fcr Vitrifrigo Macs &#8211; Ersatzbedienfeld f\u00fcr die neuen MACS-Klimaanlagen. Enth\u00e4lt das 12 x 8 cm gro\u00dfe Vimar-Panel, eine Elektronikplatine<\/p>\n","protected":false},"featured_media":5946615,"comment_status":"open","ping_status":"closed","template":"","meta":[],"product_brand":[3525],"product_cat":[1360],"product_tag":[],"class_list":{"0":"post-737829","1":"product","2":"type-product","3":"status-publish","4":"has-post-thumbnail","6":"product_brand-vitrifrigo-de","7":"product_cat-kuechengeraete","9":"first","10":"outofstock","11":"shipping-taxable","12":"purchasable","13":"product-type-simple"},"_links":{"self":[{"href":"https:\/\/stoic-curie.212-227-153-4.plesk.page\/de\/wp-json\/wp\/v2\/product\/737829","targetHints":{"allow":["GET"]}}],"collection":[{"href":"https:\/\/stoic-curie.212-227-153-4.plesk.page\/de\/wp-json\/wp\/v2\/product"}],"about":[{"href":"https:\/\/stoic-curie.212-227-153-4.plesk.page\/de\/wp-json\/wp\/v2\/types\/product"}],"replies":[{"embeddable":true,"href":"https:\/\/stoic-curie.212-227-153-4.plesk.page\/de\/wp-json\/wp\/v2\/comments?post=737829"}],"version-history":[{"count":0,"href":"https:\/\/stoic-curie.212-227-153-4.plesk.page\/de\/wp-json\/wp\/v2\/product\/737829\/revisions"}],"wp:featuredmedia":[{"embeddable":true,"href":"https:\/\/stoic-curie.212-227-153-4.plesk.page\/de\/wp-json\/wp\/v2\/media\/5946615"}],"wp:attachment":[{"href":"https:\/\/stoic-curie.212-227-153-4.plesk.page\/de\/wp-json\/wp\/v2\/media?parent=737829"}],"wp:term":[{"taxonomy":"product_brand","embeddable":true,"href":"https:\/\/stoic-curie.212-227-153-4.plesk.page\/de\/wp-json\/wp\/v2\/product_brand?post=737829"},{"taxonomy":"product_cat","embeddable":true,"href":"https:\/\/stoic-curie.212-227-153-4.plesk.page\/de\/wp-json\/wp\/v2\/product_cat?post=737829"},{"taxonomy":"product_tag","embeddable":true,"href":"https:\/\/stoic-curie.212-227-153-4.plesk.page\/de\/wp-json\/wp\/v2\/product_tag?post=737829"}],"curies":[{"name":"wp","href":"https:\/\/api.w.org\/{rel}","templated":true}]}}