{"id":737830,"date":"2025-03-03T17:05:24","date_gmt":"2025-03-03T16:05:24","guid":{"rendered":"https:\/\/stoic-curie.212-227-153-4.plesk.page\/producto\/manuelle-kupplungspumpe-ifm-256-l-minute\/"},"modified":"2026-02-24T23:35:15","modified_gmt":"2026-02-24T23:35:15","slug":"manuelle-kupplungspumpe-ifm-256-l-minute","status":"publish","type":"product","link":"https:\/\/stoic-curie.212-227-153-4.plesk.page\/de\/product\/manuelle-kupplungspumpe-ifm-256-l-minute\/","title":{"rendered":"Manuelle Kupplungspumpe Tellarini IFM 40"},"content":{"rendered":"<p>Manuelle Kupplungspumpe Tellarini IFM 40 &#8211; <\/p>\n<p style=\"color: rgb(34, 34, 34); font-family: Arial, Helvetica, sans-serif; font-size: small;\">Wir stellen Ihnen die ideale L\u00f6sung f\u00fcr das Saugen und \u00dcbertragen von Fl\u00fcssigkeiten vor, die \u00fcber au\u00dferordentliche selbstansaugende Eigenschaften verf\u00fcgt. Diese Pumpe funktioniert effektiv, selbst wenn die Fl\u00fcssigkeitsversorgung unregelm\u00e4\u00dfig ist, und erm\u00f6glicht einen umkehrbaren Fluss. Die IFM-Serie besteht aus langlebigem CB754S-Messing mit einer Welle aus Edelstahl. Dieses Modell beinhaltet eine Halterung und eine Riemenscheibe f\u00fcr eine einfache Motoranbindung. Eine mechanische Kupplung zwischen Riemenscheibe und Welle erm\u00f6glicht es Ihnen, die Pumpe mit einem laufenden Motor zu verbinden und ihre Ein- und Ausschalung mit einem einfachen Hebel zu steuern. Es ist wichtig, die Kompatibilit\u00e4t zu \u00fcberpr\u00fcfen und die geeigneten Dichtungen f\u00fcr jede Anwendung auszuw\u00e4hlen.<\/p>\n<p style=\"color: rgb(34, 34, 34); font-family: Arial, Helvetica, sans-serif; font-size: small;\">Dieses Produkt ist besonders gut geeignet f\u00fcr:<\/p>\n<ul style=\"color: rgb(34, 34, 34); font-family: Arial, Helvetica, sans-serif; font-size: small;\">\n<li>Maritime Anwendungen (Schiffsboden, Dienste, K\u00fchlung, Waschen, Meerwasser)<\/li>\n<li>Landwirtschaft (Fungizide, fl\u00fcssige D\u00fcngemittel, Komponenten landwirtschaftlicher Maschinen, Bew\u00e4sserung)<\/li>\n<li>Transport (Lkw, Stra\u00dfentechnik, onboard Wassersysteme)<\/li>\n<\/ul>\n<p style=\"color: rgb(34, 34, 34); font-family: Arial, Helvetica, sans-serif; font-size: small;\"><strong>Hydraulische Spezifikationen:<\/strong><\/p>\n<ul style=\"color: rgb(34, 34, 34); font-family: Arial, Helvetica, sans-serif; font-size: small;\">\n<li>Maximale F\u00f6rdermenge: 258 Liter\/Minute<\/li>\n<li>Maximaler Druck: 65 Meter<\/li>\n<li>Wellenabdichtung: Ja<\/li>\n<li>Maximale Ansaugh\u00f6he: 6 Meter<\/li>\n<li>Gewindeanschl\u00fcsse: 1\u00bd Zoll<\/li>\n<li>Maximale Fl\u00fcssigkeitsdichte: 1,1 g\/cm\u00b3 (frei von harten Partikeln)<\/li>\n<li>Maximale Temperatur: 90\u00b0C<\/li>\n<li>Nicht geeignet f\u00fcr aggressive Fl\u00fcssigkeiten, die die Pumpenmaterialien und Dichtungen sch\u00e4digen k\u00f6nnten (siehe technische Spezifikationen)<\/li>\n<li>Nicht bestimmt f\u00fcr das Pumpen von Benzin, L\u00f6sungsmitteln oder die Verwendung in explosiven oder brennbaren Umgebungen<\/li>\n<li>Reversibler Pumpfluss<\/li>\n<li>Beinhaltet ein Paar Messing-Schlauchanschl\u00fcsse f\u00fcr 40 mm Rohre (einen geraden und einen gebogenen)<\/li>\n<li>Kann f\u00fcr kurze Zeit mit geschlossenen Rohren betrieben werden<\/li>\n<li>Die Pumpe muss w\u00e4hrend der Installation mit Fl\u00fcssigkeit gef\u00fcllt werden; dieser Schritt ist danach nicht mehr erforderlich.<\/li>\n<\/ul>\n<p style=\"color: rgb(34, 34, 34); font-family: Arial, Helvetica, sans-serif; font-size: small;\"><strong>Technische Spezifikationen:<\/strong><\/p>\n<ul style=\"color: rgb(34, 34, 34); font-family: Arial, Helvetica, sans-serif; font-size: small;\">\n<li>Entwickelt f\u00fcr den Anschluss \u00fcber Riemenscheibe 1A100<\/li>\n<li>Eine mechanisch bet\u00e4tigte Kupplung ist zwischen der Riemenscheibe und der Welle positioniert, sodass die Betrieb der Pumpe einfach mit einem Hebel gesteuert werden kann.<\/li>\n<\/ul>\n<p style=\"color: rgb(34, 34, 34); font-family: Arial, Helvetica, sans-serif; font-size: small;\"><strong>Materialien:<\/strong><\/p>\n<ul style=\"color: rgb(34, 34, 34); font-family: Arial, Helvetica, sans-serif; font-size: small;\">\n<li>Pumpenteile: Messing<\/li>\n<li>Welle: AISI 304 Edelstahl<\/li>\n<li>Laufrad: Messing<\/li>\n<li>Dichtungen: NBR<\/li>\n<\/ul>\n<p style=\"color: rgb(34, 34, 34); font-family: Arial, Helvetica, sans-serif; font-size: small;\"><strong>Pumpenmerkmale:<\/strong><\/p>\n<ul style=\"color: rgb(34, 34, 34); font-family: Arial, Helvetica, sans-serif; font-size: small;\">\n<li>Anschl\u00fcsse: 1\u00bd Zoll<\/li>\n<li>Schlauchanschluss: 40 mm<\/li>\n<li>Ansaughf\u00e4higkeit: 6 Meter<\/li>\n<li>Maximale F\u00f6rderrate: 258 Liter\/Minute<\/li>\n<li>Maximaler Druck: 65 Meter<\/li>\n<\/ul>\n<p style=\"color: rgb(34, 34, 34); font-family: Arial, Helvetica, sans-serif; font-size: small;\"><strong>Gesamtma\u00dfe:<\/strong><\/p>\n<ul style=\"color: rgb(34, 34, 34); font-family: Arial, Helvetica, sans-serif; font-size: small;\">\n<li>Breite: 350 mm<\/li>\n<li>L\u00e4nge: 158 mm<\/li>\n<li>H\u00f6he: 180 mm<\/li>\n<li>Gewicht: 10,7 kg<\/li>\n<\/ul>\n","protected":false},"excerpt":{"rendered":"<p>Manuelle Kupplungspumpe Tellarini IFM 40 &#8211; Wir stellen Ihnen die ideale L\u00f6sung f\u00fcr das Saugen und \u00dcbertragen von Fl\u00fcssigkeiten vor,<\/p>\n","protected":false},"featured_media":5946617,"comment_status":"open","ping_status":"closed","template":"","meta":[],"product_brand":[2975],"product_cat":[1522],"product_tag":[],"class_list":{"0":"post-737830","1":"product","2":"type-product","3":"status-publish","4":"has-post-thumbnail","6":"product_brand-gianneschi-de","7":"product_cat-motorkuehlpumpen","9":"first","10":"instock","11":"shipping-taxable","12":"purchasable","13":"product-type-simple"},"_links":{"self":[{"href":"https:\/\/stoic-curie.212-227-153-4.plesk.page\/de\/wp-json\/wp\/v2\/product\/737830","targetHints":{"allow":["GET"]}}],"collection":[{"href":"https:\/\/stoic-curie.212-227-153-4.plesk.page\/de\/wp-json\/wp\/v2\/product"}],"about":[{"href":"https:\/\/stoic-curie.212-227-153-4.plesk.page\/de\/wp-json\/wp\/v2\/types\/product"}],"replies":[{"embeddable":true,"href":"https:\/\/stoic-curie.212-227-153-4.plesk.page\/de\/wp-json\/wp\/v2\/comments?post=737830"}],"version-history":[{"count":0,"href":"https:\/\/stoic-curie.212-227-153-4.plesk.page\/de\/wp-json\/wp\/v2\/product\/737830\/revisions"}],"wp:featuredmedia":[{"embeddable":true,"href":"https:\/\/stoic-curie.212-227-153-4.plesk.page\/de\/wp-json\/wp\/v2\/media\/5946617"}],"wp:attachment":[{"href":"https:\/\/stoic-curie.212-227-153-4.plesk.page\/de\/wp-json\/wp\/v2\/media?parent=737830"}],"wp:term":[{"taxonomy":"product_brand","embeddable":true,"href":"https:\/\/stoic-curie.212-227-153-4.plesk.page\/de\/wp-json\/wp\/v2\/product_brand?post=737830"},{"taxonomy":"product_cat","embeddable":true,"href":"https:\/\/stoic-curie.212-227-153-4.plesk.page\/de\/wp-json\/wp\/v2\/product_cat?post=737830"},{"taxonomy":"product_tag","embeddable":true,"href":"https:\/\/stoic-curie.212-227-153-4.plesk.page\/de\/wp-json\/wp\/v2\/product_tag?post=737830"}],"curies":[{"name":"wp","href":"https:\/\/api.w.org\/{rel}","templated":true}]}}