{"id":737837,"date":"2025-03-03T17:05:26","date_gmt":"2025-03-03T16:05:26","guid":{"rendered":"https:\/\/stoic-curie.212-227-153-4.plesk.page\/producto\/unterwasser-led-licht-wk-weiss-und-blau-93-x-16mm\/"},"modified":"2026-02-24T23:35:15","modified_gmt":"2026-02-24T23:35:15","slug":"unterwasser-led-licht-wk-weiss-und-blau-93-x-16mm","status":"publish","type":"product","link":"https:\/\/stoic-curie.212-227-153-4.plesk.page\/de\/product\/unterwasser-led-licht-wk-weiss-und-blau-93-x-16mm\/","title":{"rendered":"Unterwasser-LED-Licht WK Wei\u00df und Blau 93 x 16mm"},"content":{"rendered":"<p>Unterwasser-LED-Licht WK Wei\u00df und Blau 93 x 16mm &#8211; <\/p>\n<p>Dual Color 9-32V hochlichtstarker Unterwasser-LED-Licht. IP68 wasserdichtes Geh\u00e4use aus Edelstahl 316 mit silikonversiegelter Elektronik. Mit integriertem Treiber und \u00dcberhitzungsschutz. 1,5 m Stromkabel. 5 w\u00e4hlbare Lichtmodi: wechselndes Wei\u00df und Blau, stabiles Blau, stabiles Wei\u00df, stabiles Wei\u00df und Blau, blinkendes Wei\u00df und Blau. 12\/24V Schaltpanel, IP65.<\/p>\n","protected":false},"excerpt":{"rendered":"<p>Unterwasser-LED-Licht WK Wei\u00df und Blau 93 x 16mm &#8211; Dual Color 9-32V hochlichtstarker Unterwasser-LED-Licht. IP68 wasserdichtes Geh\u00e4use aus Edelstahl 316<\/p>\n","protected":false},"featured_media":5946628,"comment_status":"open","ping_status":"closed","template":"","meta":[],"product_brand":[3220],"product_cat":[1444],"product_tag":[],"class_list":{"0":"post-737837","1":"product","2":"type-product","3":"status-publish","4":"has-post-thumbnail","6":"product_brand-oceanled-de","7":"product_cat-unterwasser-led-leuchten","9":"first","10":"instock","11":"shipping-taxable","12":"purchasable","13":"product-type-simple"},"_links":{"self":[{"href":"https:\/\/stoic-curie.212-227-153-4.plesk.page\/de\/wp-json\/wp\/v2\/product\/737837","targetHints":{"allow":["GET"]}}],"collection":[{"href":"https:\/\/stoic-curie.212-227-153-4.plesk.page\/de\/wp-json\/wp\/v2\/product"}],"about":[{"href":"https:\/\/stoic-curie.212-227-153-4.plesk.page\/de\/wp-json\/wp\/v2\/types\/product"}],"replies":[{"embeddable":true,"href":"https:\/\/stoic-curie.212-227-153-4.plesk.page\/de\/wp-json\/wp\/v2\/comments?post=737837"}],"version-history":[{"count":0,"href":"https:\/\/stoic-curie.212-227-153-4.plesk.page\/de\/wp-json\/wp\/v2\/product\/737837\/revisions"}],"wp:featuredmedia":[{"embeddable":true,"href":"https:\/\/stoic-curie.212-227-153-4.plesk.page\/de\/wp-json\/wp\/v2\/media\/5946628"}],"wp:attachment":[{"href":"https:\/\/stoic-curie.212-227-153-4.plesk.page\/de\/wp-json\/wp\/v2\/media?parent=737837"}],"wp:term":[{"taxonomy":"product_brand","embeddable":true,"href":"https:\/\/stoic-curie.212-227-153-4.plesk.page\/de\/wp-json\/wp\/v2\/product_brand?post=737837"},{"taxonomy":"product_cat","embeddable":true,"href":"https:\/\/stoic-curie.212-227-153-4.plesk.page\/de\/wp-json\/wp\/v2\/product_cat?post=737837"},{"taxonomy":"product_tag","embeddable":true,"href":"https:\/\/stoic-curie.212-227-153-4.plesk.page\/de\/wp-json\/wp\/v2\/product_tag?post=737837"}],"curies":[{"name":"wp","href":"https:\/\/api.w.org\/{rel}","templated":true}]}}