{"id":737838,"date":"2025-03-03T17:05:26","date_gmt":"2025-03-03T16:05:26","guid":{"rendered":"https:\/\/stoic-curie.212-227-153-4.plesk.page\/producto\/quick-challenger-delta-weiss-108-mm-30-w-10-30-volt\/"},"modified":"2026-02-24T23:35:15","modified_gmt":"2026-02-24T23:35:15","slug":"quick-challenger-delta-weiss-108-mm-30-w-10-30-volt","status":"publish","type":"product","link":"https:\/\/stoic-curie.212-227-153-4.plesk.page\/de\/product\/quick-challenger-delta-weiss-108-mm-30-w-10-30-volt\/","title":{"rendered":"Quick Challenger Delta Wei\u00df 108 mm 30 W 10-30 Volt"},"content":{"rendered":"<p>Quick Challenger Delta Wei\u00df 108 mm 30 W 10-30 Volt &#8211; <\/p>\n<p style=\"color: rgb(34, 34, 34); font-family: Arial, Helvetica, sans-serif; font-size: small;\">Submersible Light CLG EVO 30W &#8211; QN<\/p>\n<p style=\"color: rgb(34, 34, 34); font-family: Arial, Helvetica, sans-serif; font-size: small;\">Wir freuen uns, das 30W Unterwasserlicht CLG EVO vorzustellen, das mit einem robusten Geh\u00e4use aus 316 Edelstahl gefertigt ist. Dieses Licht ist f\u00fcr eine unkomplizierte Installation unter Wasser konzipiert und erfordert lediglich ein 20 mm Loch sowie die notwendigen Befestigungsschrauben. Es ist mit einem integrierten Treiber ausgestattet, der vor Spannungsspitzen und Polarity umkehrung sch\u00fctzt. Sie haben die M\u00f6glichkeit, zwischen kaltem Wei\u00dflicht bei 6200 K\u00b0 oder einer dualen Wei\u00df-Blau-Einstellung zu w\u00e4hlen.<\/p>\n<p style=\"color: rgb(34, 34, 34); font-family: Arial, Helvetica, sans-serif; font-size: small;\">Spezifikationen:<\/p>\n<p style=\"color: rgb(34, 34, 34); font-family: Arial, Helvetica, sans-serif; font-size: small;\">Modell: CLG EVO 30W &#8211; QC<\/p>\n<p style=\"color: rgb(34, 34, 34); font-family: Arial, Helvetica, sans-serif; font-size: small;\">Stromversorgung: 30 W<br \/>Spannung: 10 bis 30 Vdc<br \/>Farbtemperatur: 6200 bis 6500 K<br \/>Lumen-Ausgabe: 3565<br \/>Dimmung: Nein<br \/>Schalter: Nein<br \/>Rahmengr\u00f6\u00dfe: \u00d8 4 1\/4&#8243;<br \/>Einbauausschnitt: 4 63\/64&#8243;<br \/>IP-Bewertung: IP68<\/p>\n<p style=\"color: rgb(34, 34, 34); font-family: Arial, Helvetica, sans-serif; font-size: small;\">Modell: CLG EVO 30W &#8211; QN<\/p>\n<p style=\"color: rgb(34, 34, 34); font-family: Arial, Helvetica, sans-serif; font-size: small;\">Stromversorgung: 30 W<br \/>Spannung: 10 bis 30 Vdc<br \/>Farbtemperatur: 6200 bis 6500 K<br \/>Lumen-Ausgabe: 3565<br \/>Dimmung: Nein<br \/>Schalter: Nein<br \/>Rahmengr\u00f6\u00dfe: \u00d8 4 1\/4&#8243;<br \/>Einbauausschnitt: 4 63\/64&#8243;<br \/>IP-Bewertung: IP68<\/p>\n<p style=\"color: rgb(34, 34, 34); font-family: Arial, Helvetica, sans-serif; font-size: small;\">Modell: CLG EVO 30W &#8211; QC DUAL<\/p>\n<p style=\"color: rgb(34, 34, 34); font-family: Arial, Helvetica, sans-serif; font-size: small;\">Stromversorgung: 30 W<br \/>Spannung: 10 bis 30 Vdc<br \/>Farbtemperatur: 6200 bis 6500 K<br \/>Lumen-Ausgabe: 3565<br \/>Dimmung: Nein<br \/>Schalter: Nein<br \/>Rahmengr\u00f6\u00dfe: \u00d8 4 1\/4&#8243;<br \/>Einbauausschnitt: 4 63\/64&#8243;<br \/>IP-Bewertung: IP68<\/p>\n<p style=\"color: rgb(34, 34, 34); font-family: Arial, Helvetica, sans-serif; font-size: small;\">Modell: CLG EVO 30W &#8211; QN DUAL<\/p>\n<p style=\"color: rgb(34, 34, 34); font-family: Arial, Helvetica, sans-serif; font-size: small;\">Stromversorgung: 30 W<br \/>Spannung: 10 bis 30 Vdc<br \/>Farbtemperatur: 6200 bis 6500 K<br \/>Lumen-Ausgabe: 3565<br \/>Dimmung: Nein<br \/>Schalter: Nein<br \/>Rahmengr\u00f6\u00dfe: \u00d8 4 1\/4&#8243;<br \/>Einbauausschnitt: 4 63\/64&#8243;<br \/>IP-Bewertung: IP68<\/p>\n<p style=\"color: rgb(34, 34, 34); font-family: Arial, Helvetica, sans-serif; font-size: small;\">Modell: CLG EVO 30W &#8211; QC RGBW<\/p>\n<p style=\"color: rgb(34, 34, 34); font-family: Arial, Helvetica, sans-serif; font-size: small;\">Stromversorgung: 30 W<br \/>Spannung: 10 bis 30 Vdc<br \/>Farbtemperatur: Nicht angegeben<br \/>Lumen-Ausgabe: Nicht angegeben<br \/>Dimmung: Nein<br \/>Schalter: Nein<br \/>Rahmengr\u00f6\u00dfe: \u00d8 4 1\/4&#8243;<br \/>Einbauausschnitt: 4 63\/64&#8243;<br \/>IP-Bewertung: IP68<\/p>\n<p style=\"color: rgb(34, 34, 34); font-family: Arial, Helvetica, sans-serif; font-size: small;\">Modell: CLG EVO 30W &#8211; QN RGBW<\/p>\n<p style=\"color: rgb(34, 34, 34); font-family: Arial, Helvetica, sans-serif; font-size: small;\">Stromversorgung: 30 W<br \/>Spannung: 10 bis 30 Vdc<br \/>Farbtemperatur: Nicht angegeben<br \/>Lumen-Ausgabe: Nicht angegeben<br \/>Dimmung: Nein<br \/>Schalter: Nein<br \/>Rahmengr\u00f6\u00dfe: \u00d8 4 1\/4&#8243;<br \/>Einbauausschnitt: 4 63\/64&#8243;<br \/>IP-Bewertung: IP68<\/p>\n<p style=\"color: rgb(34, 34, 34); font-family: Arial, Helvetica, sans-serif; font-size: small;\">Dieses Produkt ist eine hervorragende Wahl zur Verbesserung Ihres Unterwasserbeleuchtungserlebnisses und bietet zuverl\u00e4ssige Leistung sowie ein elegantes Design.<\/p>\n","protected":false},"excerpt":{"rendered":"<p>Quick Challenger Delta Wei\u00df 108 mm 30 W 10-30 Volt &#8211; Submersible Light CLG EVO 30W &#8211; QN Wir freuen<\/p>\n","protected":false},"featured_media":5946547,"comment_status":"open","ping_status":"closed","template":"","meta":[],"product_brand":[3280],"product_cat":[1444],"product_tag":[],"class_list":{"0":"post-737838","1":"product","2":"type-product","3":"status-publish","4":"has-post-thumbnail","6":"product_brand-quick-de","7":"product_cat-unterwasser-led-leuchten","9":"first","10":"outofstock","11":"shipping-taxable","12":"purchasable","13":"product-type-simple"},"_links":{"self":[{"href":"https:\/\/stoic-curie.212-227-153-4.plesk.page\/de\/wp-json\/wp\/v2\/product\/737838","targetHints":{"allow":["GET"]}}],"collection":[{"href":"https:\/\/stoic-curie.212-227-153-4.plesk.page\/de\/wp-json\/wp\/v2\/product"}],"about":[{"href":"https:\/\/stoic-curie.212-227-153-4.plesk.page\/de\/wp-json\/wp\/v2\/types\/product"}],"replies":[{"embeddable":true,"href":"https:\/\/stoic-curie.212-227-153-4.plesk.page\/de\/wp-json\/wp\/v2\/comments?post=737838"}],"version-history":[{"count":0,"href":"https:\/\/stoic-curie.212-227-153-4.plesk.page\/de\/wp-json\/wp\/v2\/product\/737838\/revisions"}],"wp:featuredmedia":[{"embeddable":true,"href":"https:\/\/stoic-curie.212-227-153-4.plesk.page\/de\/wp-json\/wp\/v2\/media\/5946547"}],"wp:attachment":[{"href":"https:\/\/stoic-curie.212-227-153-4.plesk.page\/de\/wp-json\/wp\/v2\/media?parent=737838"}],"wp:term":[{"taxonomy":"product_brand","embeddable":true,"href":"https:\/\/stoic-curie.212-227-153-4.plesk.page\/de\/wp-json\/wp\/v2\/product_brand?post=737838"},{"taxonomy":"product_cat","embeddable":true,"href":"https:\/\/stoic-curie.212-227-153-4.plesk.page\/de\/wp-json\/wp\/v2\/product_cat?post=737838"},{"taxonomy":"product_tag","embeddable":true,"href":"https:\/\/stoic-curie.212-227-153-4.plesk.page\/de\/wp-json\/wp\/v2\/product_tag?post=737838"}],"curies":[{"name":"wp","href":"https:\/\/api.w.org\/{rel}","templated":true}]}}