{"id":737839,"date":"2025-03-03T17:05:27","date_gmt":"2025-03-03T16:05:27","guid":{"rendered":"https:\/\/stoic-curie.212-227-153-4.plesk.page\/producto\/quick-challenger-delta-weiss-blau-108-mm-30-w-10-30-volt\/"},"modified":"2026-02-24T23:35:15","modified_gmt":"2026-02-24T23:35:15","slug":"quick-challenger-delta-weiss-blau-108-mm-30-w-10-30-volt","status":"publish","type":"product","link":"https:\/\/stoic-curie.212-227-153-4.plesk.page\/de\/product\/quick-challenger-delta-weiss-blau-108-mm-30-w-10-30-volt\/","title":{"rendered":"Quick Challenger Delta Wei\u00df \/ Blau 108 mm 30 W 10-30 Volt"},"content":{"rendered":"<p>Quick Challenger Delta Wei\u00df \/ Blau 108 mm 30 W 10-30 Volt &#8211; <\/p>\n<p style=\"color: rgb(34, 34, 34); font-family: Arial, Helvetica, sans-serif; font-size: small;\"><strong>Unterwasserlicht CLG EVO 30W &#8211; QN DUAL<\/strong><\/p>\n<p style=\"color: rgb(34, 34, 34); font-family: Arial, Helvetica, sans-serif; font-size: small;\">Wir pr\u00e4sentieren das Unterwasserlicht CLG EVO 30W, ausgestattet mit einem robusten Geh\u00e4use aus Edelstahl der G\u00fcteklasse 316. Dieses Licht l\u00e4sst sich problemlos unter der Wasserlinie installieren und ben\u00f6tigt ein 20 mm Loch sowie Befestigungsschrauben. Es verf\u00fcgt \u00fcber einen integrierten Treiber, der vor Spannungsspitzen und Polarit\u00e4tsumkehr sch\u00fctzt. Sie k\u00f6nnen zwischen einem kalten wei\u00dfen Licht bei 6200 K\u00b0 oder einem zweifarbigen Wei\u00df-Blau w\u00e4hlen.<\/p>\n<p style=\"color: rgb(34, 34, 34); font-family: Arial, Helvetica, sans-serif; font-size: small;\"><strong>Technische Daten:<\/strong><\/p>\n<ul style=\"color: rgb(34, 34, 34); font-family: Arial, Helvetica, sans-serif; font-size: small;\">\n<li>\n<p><strong>Modell:<\/strong> CLG EVO 30W &#8211; QC<\/p>\n<ul>\n<li><strong>Stromversorgung:<\/strong> 30 W<\/li>\n<li><strong>Spannung:<\/strong> 10 bis 30 Vdc<\/li>\n<li><strong>Farbe Temperatur:<\/strong> 6200 bis 6500 K<\/li>\n<li><strong>Lumen Aussto\u00df:<\/strong> 3565<\/li>\n<li><strong>Dimmbar:<\/strong> Nein<\/li>\n<li><strong>Schalter:<\/strong> Nein<\/li>\n<li><strong>Rahmengr\u00f6\u00dfe:<\/strong> \u00d8 4 1\/4&#8243;<\/li>\n<li><strong>Ausschnitt:<\/strong> 4 63\/64&#8243;<\/li>\n<li><strong>IP-Bewertung:<\/strong> IP68<\/li>\n<\/ul>\n<\/li>\n<li>\n<p><strong>Modell:<\/strong> CLG EVO 30W &#8211; QN<\/p>\n<ul>\n<li><strong>Stromversorgung:<\/strong> 30 W<\/li>\n<li><strong>Spannung:<\/strong> 10 bis 30 Vdc<\/li>\n<li><strong>Farbe Temperatur:<\/strong> 6200 bis 6500 K<\/li>\n<li><strong>Lumen Aussto\u00df:<\/strong> 3565<\/li>\n<li><strong>Dimmbar:<\/strong> Nein<\/li>\n<li><strong>Schalter:<\/strong> Nein<\/li>\n<li><strong>Rahmengr\u00f6\u00dfe:<\/strong> \u00d8 4 1\/4&#8243;<\/li>\n<li><strong>Ausschnitt:<\/strong> 4 63\/64&#8243;<\/li>\n<li><strong>IP-Bewertung:<\/strong> IP68<\/li>\n<\/ul>\n<\/li>\n<li>\n<p><strong>Modell:<\/strong> CLG EVO 30W &#8211; QC DUAL<\/p>\n<ul>\n<li><strong>Stromversorgung:<\/strong> 30 W<\/li>\n<li><strong>Spannung:<\/strong> 10 bis 30 Vdc<\/li>\n<li><strong>Farbe Temperatur:<\/strong> 6200 bis 6500 K<\/li>\n<li><strong>Lumen Aussto\u00df:<\/strong> 3565<\/li>\n<li><strong>Dimmbar:<\/strong> Nein<\/li>\n<li><strong>Schalter:<\/strong> Nein<\/li>\n<li><strong>Rahmengr\u00f6\u00dfe:<\/strong> \u00d8 4 1\/4&#8243;<\/li>\n<li><strong>Ausschnitt:<\/strong> 4 63\/64&#8243;<\/li>\n<li><strong>IP-Bewertung:<\/strong> IP68<\/li>\n<\/ul>\n<\/li>\n<li>\n<p><strong>Modell:<\/strong> CLG EVO 30W &#8211; QN DUAL<\/p>\n<ul>\n<li><strong>Stromversorgung:<\/strong> 30 W<\/li>\n<li><strong>Spannung:<\/strong> 10 bis 30 Vdc<\/li>\n<li><strong>Farbe Temperatur:<\/strong> 6200 bis 6500 K<\/li>\n<li><strong>Lumen Aussto\u00df:<\/strong> 3565<\/li>\n<li><strong>Dimmbar:<\/strong> Nein<\/li>\n<li><strong>Schalter:<\/strong> Nein<\/li>\n<li><strong>Rahmengr\u00f6\u00dfe:<\/strong> \u00d8 4 1\/4&#8243;<\/li>\n<li><strong>Ausschnitt:<\/strong> 4 63\/64&#8243;<\/li>\n<li><strong>IP-Bewertung:<\/strong> IP68<\/li>\n<\/ul>\n<\/li>\n<li>\n<p><strong>Modell:<\/strong> CLG EVO 30W &#8211; QC RGBW<\/p>\n<ul>\n<li><strong>Stromversorgung:<\/strong> 30 W<\/li>\n<li><strong>Spannung:<\/strong> 10 bis 30 Vdc<\/li>\n<li><strong>Farbe Temperatur:<\/strong> Nicht angegeben<\/li>\n<li><strong>Lumen Aussto\u00df:<\/strong> Nicht angegeben<\/li>\n<li><strong>Dimmbar:<\/strong> Nein<\/li>\n<li><strong>Schalter:<\/strong> Nein<\/li>\n<li><strong>Rahmengr\u00f6\u00dfe:<\/strong> \u00d8 4 1\/4&#8243;<\/li>\n<li><strong>Ausschnitt:<\/strong> 4 63\/64&#8243;<\/li>\n<li><strong>IP-Bewertung:<\/strong> IP68<\/li>\n<\/ul>\n<\/li>\n<li>\n<p><strong>Modell:<\/strong> CLG EVO 30W &#8211; QN RGBW<\/p>\n<ul>\n<li><strong>Stromversorgung:<\/strong> 30 W<\/li>\n<li><strong>Spannung:<\/strong> 10 bis 30 Vdc<\/li>\n<li><strong>Farbe Temperatur:<\/strong> Nicht angegeben<\/li>\n<li><strong>Lumen Aussto\u00df:<\/strong> Nicht angegeben<\/li>\n<li><strong>Dimmbar:<\/strong> Nein<\/li>\n<li><strong>Schalter:<\/strong> Nein<\/li>\n<li><strong>Rahmengr\u00f6\u00dfe:<\/strong> \u00d8 4 1\/4&#8243;<\/li>\n<li><strong>Ausschnitt:<\/strong> 4 63\/64&#8243;<\/li>\n<li><strong>IP-Bewertung:<\/strong> IP68<\/li>\n<\/ul>\n<\/li>\n<\/ul>\n<p style=\"color: rgb(34, 34, 34); font-family: Arial, Helvetica, sans-serif; font-size: small;\">Dieses Produkt ist perfekt, um Ihr unter Wasser Beleuchtungserlebnis mit seiner zuverl\u00e4ssigen Leistung und stilvollen Gestaltung zu verbessern.<\/p>\n","protected":false},"excerpt":{"rendered":"<p>Quick Challenger Delta Wei\u00df \/ Blau 108 mm 30 W 10-30 Volt &#8211; Unterwasserlicht CLG EVO 30W &#8211; QN DUAL<\/p>\n","protected":false},"featured_media":5946547,"comment_status":"open","ping_status":"closed","template":"","meta":[],"product_brand":[3280],"product_cat":[1444],"product_tag":[],"class_list":{"0":"post-737839","1":"product","2":"type-product","3":"status-publish","4":"has-post-thumbnail","6":"product_brand-quick-de","7":"product_cat-unterwasser-led-leuchten","9":"first","10":"outofstock","11":"shipping-taxable","12":"purchasable","13":"product-type-simple"},"_links":{"self":[{"href":"https:\/\/stoic-curie.212-227-153-4.plesk.page\/de\/wp-json\/wp\/v2\/product\/737839","targetHints":{"allow":["GET"]}}],"collection":[{"href":"https:\/\/stoic-curie.212-227-153-4.plesk.page\/de\/wp-json\/wp\/v2\/product"}],"about":[{"href":"https:\/\/stoic-curie.212-227-153-4.plesk.page\/de\/wp-json\/wp\/v2\/types\/product"}],"replies":[{"embeddable":true,"href":"https:\/\/stoic-curie.212-227-153-4.plesk.page\/de\/wp-json\/wp\/v2\/comments?post=737839"}],"version-history":[{"count":0,"href":"https:\/\/stoic-curie.212-227-153-4.plesk.page\/de\/wp-json\/wp\/v2\/product\/737839\/revisions"}],"wp:featuredmedia":[{"embeddable":true,"href":"https:\/\/stoic-curie.212-227-153-4.plesk.page\/de\/wp-json\/wp\/v2\/media\/5946547"}],"wp:attachment":[{"href":"https:\/\/stoic-curie.212-227-153-4.plesk.page\/de\/wp-json\/wp\/v2\/media?parent=737839"}],"wp:term":[{"taxonomy":"product_brand","embeddable":true,"href":"https:\/\/stoic-curie.212-227-153-4.plesk.page\/de\/wp-json\/wp\/v2\/product_brand?post=737839"},{"taxonomy":"product_cat","embeddable":true,"href":"https:\/\/stoic-curie.212-227-153-4.plesk.page\/de\/wp-json\/wp\/v2\/product_cat?post=737839"},{"taxonomy":"product_tag","embeddable":true,"href":"https:\/\/stoic-curie.212-227-153-4.plesk.page\/de\/wp-json\/wp\/v2\/product_tag?post=737839"}],"curies":[{"name":"wp","href":"https:\/\/api.w.org\/{rel}","templated":true}]}}