{"id":737849,"date":"2025-03-03T17:09:47","date_gmt":"2025-03-03T16:09:47","guid":{"rendered":"https:\/\/stoic-curie.212-227-153-4.plesk.page\/producto\/digitales-messgeraet-vdo-veratron-vmh35\/"},"modified":"2026-02-24T23:35:15","modified_gmt":"2026-02-24T23:35:15","slug":"digitales-messgeraet-vdo-veratron-vmh35","status":"publish","type":"product","link":"https:\/\/stoic-curie.212-227-153-4.plesk.page\/de\/product\/digitales-messgeraet-vdo-veratron-vmh35\/","title":{"rendered":"Digitales Messger\u00e4t VDO Veratron VMH35"},"content":{"rendered":"<p>Digitales Messger\u00e4t VDO Veratron VMH35 &#8211; <\/p>\n<p>Multifunktionales digitales TFT-Hybridfarbdisplay mit schwarzem Mineralglas und Edelstahlbasis. Ausgestattet mit NMEA2000-Konnektivit\u00e4t und einem Geschwindigkeitsmesser mit integrierter GPS-Antenne. Zwei analoge und einen Frequenzeingang f\u00fcr nicht-NMEA-Geschwindigkeitsmesser, die eingestellt werden k\u00f6nnen, um mit jedem Sensor kompatibel zu sein. Standardm\u00e4\u00dfig mit Honda\/Selva-Motoren geliefert, kompatibel mit allen anderen 12V analogen und elektronischen Motoren.<\/p>\n","protected":false},"excerpt":{"rendered":"<p>Digitales Messger\u00e4t VDO Veratron VMH35 &#8211; Multifunktionales digitales TFT-Hybridfarbdisplay mit schwarzem Mineralglas und Edelstahlbasis. Ausgestattet mit NMEA2000-Konnektivit\u00e4t und einem Geschwindigkeitsmesser<\/p>\n","protected":false},"featured_media":5946645,"comment_status":"open","ping_status":"closed","template":"","meta":[],"product_brand":[3510],"product_cat":[1498],"product_tag":[],"class_list":{"0":"post-737849","1":"product","2":"type-product","3":"status-publish","4":"has-post-thumbnail","6":"product_brand-vdo-veratron-de","7":"product_cat-vdo-messgeraete","9":"first","10":"instock","11":"shipping-taxable","12":"purchasable","13":"product-type-simple"},"_links":{"self":[{"href":"https:\/\/stoic-curie.212-227-153-4.plesk.page\/de\/wp-json\/wp\/v2\/product\/737849","targetHints":{"allow":["GET"]}}],"collection":[{"href":"https:\/\/stoic-curie.212-227-153-4.plesk.page\/de\/wp-json\/wp\/v2\/product"}],"about":[{"href":"https:\/\/stoic-curie.212-227-153-4.plesk.page\/de\/wp-json\/wp\/v2\/types\/product"}],"replies":[{"embeddable":true,"href":"https:\/\/stoic-curie.212-227-153-4.plesk.page\/de\/wp-json\/wp\/v2\/comments?post=737849"}],"version-history":[{"count":0,"href":"https:\/\/stoic-curie.212-227-153-4.plesk.page\/de\/wp-json\/wp\/v2\/product\/737849\/revisions"}],"wp:featuredmedia":[{"embeddable":true,"href":"https:\/\/stoic-curie.212-227-153-4.plesk.page\/de\/wp-json\/wp\/v2\/media\/5946645"}],"wp:attachment":[{"href":"https:\/\/stoic-curie.212-227-153-4.plesk.page\/de\/wp-json\/wp\/v2\/media?parent=737849"}],"wp:term":[{"taxonomy":"product_brand","embeddable":true,"href":"https:\/\/stoic-curie.212-227-153-4.plesk.page\/de\/wp-json\/wp\/v2\/product_brand?post=737849"},{"taxonomy":"product_cat","embeddable":true,"href":"https:\/\/stoic-curie.212-227-153-4.plesk.page\/de\/wp-json\/wp\/v2\/product_cat?post=737849"},{"taxonomy":"product_tag","embeddable":true,"href":"https:\/\/stoic-curie.212-227-153-4.plesk.page\/de\/wp-json\/wp\/v2\/product_tag?post=737849"}],"curies":[{"name":"wp","href":"https:\/\/api.w.org\/{rel}","templated":true}]}}