{"id":737851,"date":"2025-03-03T17:09:48","date_gmt":"2025-03-03T16:09:48","guid":{"rendered":"https:\/\/stoic-curie.212-227-153-4.plesk.page\/producto\/fernbedienung-icom-commandmic-hm-229b\/"},"modified":"2026-02-24T23:35:15","modified_gmt":"2026-02-24T23:35:15","slug":"fernbedienung-icom-commandmic-hm-229b","status":"publish","type":"product","link":"https:\/\/stoic-curie.212-227-153-4.plesk.page\/de\/product\/fernbedienung-icom-commandmic-hm-229b\/","title":{"rendered":"Fernbedienung Icom Commandmic HM-229B"},"content":{"rendered":"<p>Fernbedienung Icom Commandmic HM-229B &#8211; <\/p>\n<p>Festmontierte ICOM IC-M510E 12V Klasse D DSC VHF mit Mikrofon und externem GPS. Mit der optionalen drahtlosen CT-M500-Box-Schnittstelle kann das Ger\u00e4t von einer entfernten Station oder einem Smartphone \u00fcber eine kostenlose, spezielle App gesteuert werden. Die AIS-Version erm\u00f6glicht die DSC-Anzeige, das Ausw\u00e4hlen und Anrufen aller Ziele direkt vom Bildschirm. Farbiges 4,3&#8243; LCD TFT-Display, IP68 wasserdichte Geh\u00e4use, NMEA0183-Konnektivit\u00e4t (NMEA2000 WLAN mit drahtloser Box), Navigationsfunktionen mit Wegpunkten, Nebelsirene, Dual-\/Tri-Watch-Funktion, Sofortzugriff auf Kanal 16, aktiver Ger\u00e4uschunterdr\u00fccker (ANC), TAG und AquaQuake zur Wasserableitung. Das optionale Commandmic HM-229B Mikrofon erm\u00f6glicht die Steuerung aller VHF-Funktionen von einem anderen Standort aus. Es kann auch als Interkom verwendet werden oder um DSC-Anrufe einzurichten.<br \/>Mit GPS-Antenne und 10 m Kabel, Halterung, Stromversorgungskabel und Benutzerhandbuch. Abmessungen: 175 x 71 x H110 mm.<\/p>\n","protected":false},"excerpt":{"rendered":"<p>Fernbedienung Icom Commandmic HM-229B &#8211; Festmontierte ICOM IC-M510E 12V Klasse D DSC VHF mit Mikrofon und externem GPS. Mit der<\/p>\n","protected":false},"featured_media":5946652,"comment_status":"open","ping_status":"closed","template":"","meta":[],"product_brand":[3010],"product_cat":[1457],"product_tag":[],"class_list":{"0":"post-737851","1":"product","2":"type-product","3":"status-publish","4":"has-post-thumbnail","6":"product_brand-icom-marine-de","7":"product_cat-bootelektronik","9":"first","10":"instock","11":"shipping-taxable","12":"purchasable","13":"product-type-simple"},"_links":{"self":[{"href":"https:\/\/stoic-curie.212-227-153-4.plesk.page\/de\/wp-json\/wp\/v2\/product\/737851","targetHints":{"allow":["GET"]}}],"collection":[{"href":"https:\/\/stoic-curie.212-227-153-4.plesk.page\/de\/wp-json\/wp\/v2\/product"}],"about":[{"href":"https:\/\/stoic-curie.212-227-153-4.plesk.page\/de\/wp-json\/wp\/v2\/types\/product"}],"replies":[{"embeddable":true,"href":"https:\/\/stoic-curie.212-227-153-4.plesk.page\/de\/wp-json\/wp\/v2\/comments?post=737851"}],"version-history":[{"count":0,"href":"https:\/\/stoic-curie.212-227-153-4.plesk.page\/de\/wp-json\/wp\/v2\/product\/737851\/revisions"}],"wp:featuredmedia":[{"embeddable":true,"href":"https:\/\/stoic-curie.212-227-153-4.plesk.page\/de\/wp-json\/wp\/v2\/media\/5946652"}],"wp:attachment":[{"href":"https:\/\/stoic-curie.212-227-153-4.plesk.page\/de\/wp-json\/wp\/v2\/media?parent=737851"}],"wp:term":[{"taxonomy":"product_brand","embeddable":true,"href":"https:\/\/stoic-curie.212-227-153-4.plesk.page\/de\/wp-json\/wp\/v2\/product_brand?post=737851"},{"taxonomy":"product_cat","embeddable":true,"href":"https:\/\/stoic-curie.212-227-153-4.plesk.page\/de\/wp-json\/wp\/v2\/product_cat?post=737851"},{"taxonomy":"product_tag","embeddable":true,"href":"https:\/\/stoic-curie.212-227-153-4.plesk.page\/de\/wp-json\/wp\/v2\/product_tag?post=737851"}],"curies":[{"name":"wp","href":"https:\/\/api.w.org\/{rel}","templated":true}]}}