{"id":737854,"date":"2025-03-03T17:09:49","date_gmt":"2025-03-03T16:09:49","guid":{"rendered":"https:\/\/stoic-curie.212-227-153-4.plesk.page\/producto\/fusion-ms-ra60-rds-bluetooth\/"},"modified":"2026-02-24T23:35:15","modified_gmt":"2026-02-24T23:35:15","slug":"fusion-ms-ra60-rds-bluetooth","status":"publish","type":"product","link":"https:\/\/stoic-curie.212-227-153-4.plesk.page\/de\/product\/fusion-ms-ra60-rds-bluetooth\/","title":{"rendered":"Fusion MS-RA60 RDS \/ BLUETOOTH"},"content":{"rendered":"<p>Fusion MS-RA60 RDS \/ BLUETOOTH &#8211; <\/p>\n<p>Fusion MS-RA60 wasserdichtes IPx7 Dashboard-Marine-Stereo mit hintergrundbeleuchtetem LCD-Display. RDS FM\/AM DAB-f\u00e4higes Radio, r\u00fcckseitiger AUX-Eingang und integriertes Bluetooth f\u00fcr die Audiowiedergabe von Smartphones und kompatiblen Ger\u00e4ten. Ausgestattet mit der Fusion-Link-Fernbedienungsfunktion, die es erm\u00f6glicht, das Stereo mit einer Garmin-Uhr oder kompatiblen NMEA2000-Multifunktionsger\u00e4ten zu steuern. Unabh\u00e4ngige Steuerung der Multi-Zone-Einstellungen f\u00fcr zwei separate Audiobereiche. Das Nachr\u00fcstkit passt das Stereo an vorhandene L\u00f6cher von Standard-DIN-Dashboard-Radios an. D=Tiefe<\/p>\n","protected":false},"excerpt":{"rendered":"<p>Fusion MS-RA60 RDS \/ BLUETOOTH &#8211; Fusion MS-RA60 wasserdichtes IPx7 Dashboard-Marine-Stereo mit hintergrundbeleuchtetem LCD-Display. RDS FM\/AM DAB-f\u00e4higes Radio, r\u00fcckseitiger AUX-Eingang<\/p>\n","protected":false},"featured_media":5946654,"comment_status":"open","ping_status":"closed","template":"","meta":[],"product_brand":[2960],"product_cat":[1446],"product_tag":[],"class_list":{"0":"post-737854","1":"product","2":"type-product","3":"status-publish","4":"has-post-thumbnail","6":"product_brand-fusion-de","7":"product_cat-stereoanlage-und-lautsprecher","9":"first","10":"instock","11":"shipping-taxable","12":"purchasable","13":"product-type-simple"},"_links":{"self":[{"href":"https:\/\/stoic-curie.212-227-153-4.plesk.page\/de\/wp-json\/wp\/v2\/product\/737854","targetHints":{"allow":["GET"]}}],"collection":[{"href":"https:\/\/stoic-curie.212-227-153-4.plesk.page\/de\/wp-json\/wp\/v2\/product"}],"about":[{"href":"https:\/\/stoic-curie.212-227-153-4.plesk.page\/de\/wp-json\/wp\/v2\/types\/product"}],"replies":[{"embeddable":true,"href":"https:\/\/stoic-curie.212-227-153-4.plesk.page\/de\/wp-json\/wp\/v2\/comments?post=737854"}],"version-history":[{"count":0,"href":"https:\/\/stoic-curie.212-227-153-4.plesk.page\/de\/wp-json\/wp\/v2\/product\/737854\/revisions"}],"wp:featuredmedia":[{"embeddable":true,"href":"https:\/\/stoic-curie.212-227-153-4.plesk.page\/de\/wp-json\/wp\/v2\/media\/5946654"}],"wp:attachment":[{"href":"https:\/\/stoic-curie.212-227-153-4.plesk.page\/de\/wp-json\/wp\/v2\/media?parent=737854"}],"wp:term":[{"taxonomy":"product_brand","embeddable":true,"href":"https:\/\/stoic-curie.212-227-153-4.plesk.page\/de\/wp-json\/wp\/v2\/product_brand?post=737854"},{"taxonomy":"product_cat","embeddable":true,"href":"https:\/\/stoic-curie.212-227-153-4.plesk.page\/de\/wp-json\/wp\/v2\/product_cat?post=737854"},{"taxonomy":"product_tag","embeddable":true,"href":"https:\/\/stoic-curie.212-227-153-4.plesk.page\/de\/wp-json\/wp\/v2\/product_tag?post=737854"}],"curies":[{"name":"wp","href":"https:\/\/api.w.org\/{rel}","templated":true}]}}