{"id":737859,"date":"2025-03-03T17:13:56","date_gmt":"2025-03-03T16:13:56","guid":{"rendered":"https:\/\/stoic-curie.212-227-153-4.plesk.page\/producto\/offshore-jacke-musto-br2-rot-groesse-s\/"},"modified":"2026-02-24T23:35:15","modified_gmt":"2026-02-24T23:35:15","slug":"offshore-jacke-musto-br2-rot-groesse-s","status":"publish","type":"product","link":"https:\/\/stoic-curie.212-227-153-4.plesk.page\/de\/product\/offshore-jacke-musto-br2-rot-groesse-s\/","title":{"rendered":"Offshore Jacke Musto BR2 Rot, Gr\u00f6\u00dfe : S"},"content":{"rendered":"<p>Offshore Jacke Musto BR2 Rot, Gr\u00f6\u00dfe : S &#8211; <\/p>\n<p>Die Musto BR2 Offshore-Jacke besteht aus einem \u00e4u\u00dferst atmungsaktiven, wasserdichten und winddichten Eigenmaterial mit 2-Lagen-BR2-Technologie. Mit vorgeformten \u00c4rmeln, einer fluoreszierenden Kapuze, die sich wegrollen l\u00e4sst, und einem doppelt verstellbaren Sturmverschluss mit Entw\u00e4sserungskanal \u00fcber einem 2-Wege-YKK\u00ae-Rei\u00dfverschluss f\u00fcr einen undurchdringlichen Frontverschluss. Der mit Gitterfleece gef\u00fctterte Kragen sorgt f\u00fcr Komfort und W\u00e4rme, w\u00e4hrend die doppelten B\u00fcndchen mit verstellbaren \u00e4u\u00dferen B\u00fcndchen ausgestattet sind. Zudem bietet die Jacke ein meshgef\u00fcttertes Innenleben, 2 Cargo-Taschen mit wasserabweisenden Verschl\u00fcssen sowie 4 Handw\u00e4rmertaschen, die teilweise mit Fleece gef\u00fcttert sind, plus eine interne Rei\u00dfverschlusstasche, eine internen Rei\u00dfverschlusstasche f\u00fcr Sonnenbrillen, prismatische Reflektoren und reflektierende Details in den N\u00e4hten.<\/p>\n","protected":false},"excerpt":{"rendered":"<p>Offshore Jacke Musto BR2 Rot, Gr\u00f6\u00dfe : S &#8211; Die Musto BR2 Offshore-Jacke besteht aus einem \u00e4u\u00dferst atmungsaktiven, wasserdichten und<\/p>\n","protected":false},"featured_media":5946666,"comment_status":"open","ping_status":"closed","template":"","meta":[],"product_brand":[3155],"product_cat":[1567],"product_tag":[],"class_list":{"0":"post-737859","1":"product","2":"type-product","3":"status-publish","4":"has-post-thumbnail","6":"product_brand-musto-de","7":"product_cat-segelbekleidung-musto","9":"first","10":"instock","11":"shipping-taxable","12":"purchasable","13":"product-type-simple"},"_links":{"self":[{"href":"https:\/\/stoic-curie.212-227-153-4.plesk.page\/de\/wp-json\/wp\/v2\/product\/737859","targetHints":{"allow":["GET"]}}],"collection":[{"href":"https:\/\/stoic-curie.212-227-153-4.plesk.page\/de\/wp-json\/wp\/v2\/product"}],"about":[{"href":"https:\/\/stoic-curie.212-227-153-4.plesk.page\/de\/wp-json\/wp\/v2\/types\/product"}],"replies":[{"embeddable":true,"href":"https:\/\/stoic-curie.212-227-153-4.plesk.page\/de\/wp-json\/wp\/v2\/comments?post=737859"}],"version-history":[{"count":0,"href":"https:\/\/stoic-curie.212-227-153-4.plesk.page\/de\/wp-json\/wp\/v2\/product\/737859\/revisions"}],"wp:featuredmedia":[{"embeddable":true,"href":"https:\/\/stoic-curie.212-227-153-4.plesk.page\/de\/wp-json\/wp\/v2\/media\/5946666"}],"wp:attachment":[{"href":"https:\/\/stoic-curie.212-227-153-4.plesk.page\/de\/wp-json\/wp\/v2\/media?parent=737859"}],"wp:term":[{"taxonomy":"product_brand","embeddable":true,"href":"https:\/\/stoic-curie.212-227-153-4.plesk.page\/de\/wp-json\/wp\/v2\/product_brand?post=737859"},{"taxonomy":"product_cat","embeddable":true,"href":"https:\/\/stoic-curie.212-227-153-4.plesk.page\/de\/wp-json\/wp\/v2\/product_cat?post=737859"},{"taxonomy":"product_tag","embeddable":true,"href":"https:\/\/stoic-curie.212-227-153-4.plesk.page\/de\/wp-json\/wp\/v2\/product_tag?post=737859"}],"curies":[{"name":"wp","href":"https:\/\/api.w.org\/{rel}","templated":true}]}}