{"id":737860,"date":"2025-03-03T17:13:57","date_gmt":"2025-03-03T16:13:57","guid":{"rendered":"https:\/\/stoic-curie.212-227-153-4.plesk.page\/producto\/offshore-jacket-musto-br2-rot-groesse-m\/"},"modified":"2026-02-24T23:35:15","modified_gmt":"2026-02-24T23:35:15","slug":"offshore-jacket-musto-br2-rot-groesse-m","status":"publish","type":"product","link":"https:\/\/stoic-curie.212-227-153-4.plesk.page\/de\/product\/offshore-jacket-musto-br2-rot-groesse-m\/","title":{"rendered":"Offshore Jacket Musto BR2 Rot, Gr\u00f6\u00dfe : M"},"content":{"rendered":"<p>Offshore Jacket Musto BR2 Rot, Gr\u00f6\u00dfe : M &#8211; <\/p>\n<p>Die Musto BR2 Offshore-Jacke besteht aus einem \u00e4u\u00dferst atmungsaktiven, wasserdichten und winddichten, propriet\u00e4ren BR2 2-Lagen-Material. Sie verf\u00fcgt \u00fcber vorgeformte \u00c4rmeln, eine fluoreszierende Kapuze, die verstaut werden kann, und einen 2-Wege verstellbaren, doppelten Sturmklappe mit einem Ablaufkanal \u00fcber einem 2-Wege YKK\u00ae-Rei\u00dfverschluss f\u00fcr einen undurchdringlichen Frontverschluss. Der Kragen ist mit einem Gitterfleece gef\u00fcttert f\u00fcr Komfort und W\u00e4rme. Zudem gibt es doppelte B\u00fcndchen mit verstellbaren \u00e4u\u00dferen B\u00fcndchen, meshgef\u00fctterte 2 Cargo-Taschen mit wasserabweisenden Verschl\u00fcssen und 4 Handw\u00e4rmertaschen, die halb mit Fleece gef\u00fcttert sind, sowie eine interne Rei\u00dfverschlusstasche, eine interne Rei\u00dfverschlusstasche f\u00fcr Sonnenbrillen, prismatische Reflektoren und reflektierende Details in den N\u00e4hten.<\/p>\n","protected":false},"excerpt":{"rendered":"<p>Offshore Jacket Musto BR2 Rot, Gr\u00f6\u00dfe : M &#8211; Die Musto BR2 Offshore-Jacke besteht aus einem \u00e4u\u00dferst atmungsaktiven, wasserdichten und<\/p>\n","protected":false},"featured_media":5946666,"comment_status":"open","ping_status":"closed","template":"","meta":[],"product_brand":[3155],"product_cat":[1567],"product_tag":[],"class_list":{"0":"post-737860","1":"product","2":"type-product","3":"status-publish","4":"has-post-thumbnail","6":"product_brand-musto-de","7":"product_cat-segelbekleidung-musto","9":"first","10":"instock","11":"shipping-taxable","12":"purchasable","13":"product-type-simple"},"_links":{"self":[{"href":"https:\/\/stoic-curie.212-227-153-4.plesk.page\/de\/wp-json\/wp\/v2\/product\/737860","targetHints":{"allow":["GET"]}}],"collection":[{"href":"https:\/\/stoic-curie.212-227-153-4.plesk.page\/de\/wp-json\/wp\/v2\/product"}],"about":[{"href":"https:\/\/stoic-curie.212-227-153-4.plesk.page\/de\/wp-json\/wp\/v2\/types\/product"}],"replies":[{"embeddable":true,"href":"https:\/\/stoic-curie.212-227-153-4.plesk.page\/de\/wp-json\/wp\/v2\/comments?post=737860"}],"version-history":[{"count":0,"href":"https:\/\/stoic-curie.212-227-153-4.plesk.page\/de\/wp-json\/wp\/v2\/product\/737860\/revisions"}],"wp:featuredmedia":[{"embeddable":true,"href":"https:\/\/stoic-curie.212-227-153-4.plesk.page\/de\/wp-json\/wp\/v2\/media\/5946666"}],"wp:attachment":[{"href":"https:\/\/stoic-curie.212-227-153-4.plesk.page\/de\/wp-json\/wp\/v2\/media?parent=737860"}],"wp:term":[{"taxonomy":"product_brand","embeddable":true,"href":"https:\/\/stoic-curie.212-227-153-4.plesk.page\/de\/wp-json\/wp\/v2\/product_brand?post=737860"},{"taxonomy":"product_cat","embeddable":true,"href":"https:\/\/stoic-curie.212-227-153-4.plesk.page\/de\/wp-json\/wp\/v2\/product_cat?post=737860"},{"taxonomy":"product_tag","embeddable":true,"href":"https:\/\/stoic-curie.212-227-153-4.plesk.page\/de\/wp-json\/wp\/v2\/product_tag?post=737860"}],"curies":[{"name":"wp","href":"https:\/\/api.w.org\/{rel}","templated":true}]}}