{"id":737863,"date":"2025-03-03T17:13:58","date_gmt":"2025-03-03T16:13:58","guid":{"rendered":"https:\/\/stoic-curie.212-227-153-4.plesk.page\/producto\/offshore-jacke-musto-br2-rot-groesse-xxl\/"},"modified":"2026-02-24T23:35:15","modified_gmt":"2026-02-24T23:35:15","slug":"offshore-jacke-musto-br2-rot-groesse-xxl","status":"publish","type":"product","link":"https:\/\/stoic-curie.212-227-153-4.plesk.page\/de\/product\/offshore-jacke-musto-br2-rot-groesse-xxl\/","title":{"rendered":"Offshore Jacke Musto BR2 Rot, Gr\u00f6\u00dfe : XXL"},"content":{"rendered":"<p>Offshore Jacke Musto BR2 Rot, Gr\u00f6\u00dfe : XXL &#8211; <\/p>\n<p>Musto BR2 Offshore-Jacke, hergestellt aus einem \u00e4u\u00dferst atmungsaktiven, wasserdichten und winddichten BR2 2-Lagen-Gewebe. Mit vorgeformten \u00c4rmeln, einer fluoreszierenden Kapuze, die sich verstauen l\u00e4sst, einem zweifach verstellbaren, doppelten Sturmklappenverschluss mit Entw\u00e4sserungskanal \u00fcber einem zweifach YKK\u00ae Rei\u00dfverschluss f\u00fcr einen durchgehenden, un\u00fcberwindbaren Verschluss, einem Kragen aus Gitterfleece f\u00fcr Komfort und W\u00e4rme, doppelten Manschetten mit verstellbaren \u00e4u\u00dferen Manschetten, einem meshgef\u00fctterten Innenraum, 2 Cargo-Taschen mit wasserabweisenden Verschl\u00fcssen und 4 Taschen f\u00fcr Handw\u00e4rmer, die halb mit Fleece gef\u00fcttert sind, sowie einer internen Rei\u00dfverschlusstasche, einer internen Rei\u00dfverschlusstasche f\u00fcr Sonnenbrillen, prismatischen Reflektoren und reflektierenden Details in den N\u00e4hten.<\/p>\n","protected":false},"excerpt":{"rendered":"<p>Offshore Jacke Musto BR2 Rot, Gr\u00f6\u00dfe : XXL &#8211; Musto BR2 Offshore-Jacke, hergestellt aus einem \u00e4u\u00dferst atmungsaktiven, wasserdichten und winddichten<\/p>\n","protected":false},"featured_media":5946666,"comment_status":"open","ping_status":"closed","template":"","meta":[],"product_brand":[3155],"product_cat":[1567],"product_tag":[],"class_list":{"0":"post-737863","1":"product","2":"type-product","3":"status-publish","4":"has-post-thumbnail","6":"product_brand-musto-de","7":"product_cat-segelbekleidung-musto","9":"first","10":"instock","11":"shipping-taxable","12":"purchasable","13":"product-type-simple"},"_links":{"self":[{"href":"https:\/\/stoic-curie.212-227-153-4.plesk.page\/de\/wp-json\/wp\/v2\/product\/737863","targetHints":{"allow":["GET"]}}],"collection":[{"href":"https:\/\/stoic-curie.212-227-153-4.plesk.page\/de\/wp-json\/wp\/v2\/product"}],"about":[{"href":"https:\/\/stoic-curie.212-227-153-4.plesk.page\/de\/wp-json\/wp\/v2\/types\/product"}],"replies":[{"embeddable":true,"href":"https:\/\/stoic-curie.212-227-153-4.plesk.page\/de\/wp-json\/wp\/v2\/comments?post=737863"}],"version-history":[{"count":0,"href":"https:\/\/stoic-curie.212-227-153-4.plesk.page\/de\/wp-json\/wp\/v2\/product\/737863\/revisions"}],"wp:featuredmedia":[{"embeddable":true,"href":"https:\/\/stoic-curie.212-227-153-4.plesk.page\/de\/wp-json\/wp\/v2\/media\/5946666"}],"wp:attachment":[{"href":"https:\/\/stoic-curie.212-227-153-4.plesk.page\/de\/wp-json\/wp\/v2\/media?parent=737863"}],"wp:term":[{"taxonomy":"product_brand","embeddable":true,"href":"https:\/\/stoic-curie.212-227-153-4.plesk.page\/de\/wp-json\/wp\/v2\/product_brand?post=737863"},{"taxonomy":"product_cat","embeddable":true,"href":"https:\/\/stoic-curie.212-227-153-4.plesk.page\/de\/wp-json\/wp\/v2\/product_cat?post=737863"},{"taxonomy":"product_tag","embeddable":true,"href":"https:\/\/stoic-curie.212-227-153-4.plesk.page\/de\/wp-json\/wp\/v2\/product_tag?post=737863"}],"curies":[{"name":"wp","href":"https:\/\/api.w.org\/{rel}","templated":true}]}}