{"id":737865,"date":"2025-03-03T17:13:59","date_gmt":"2025-03-03T16:13:59","guid":{"rendered":"https:\/\/stoic-curie.212-227-153-4.plesk.page\/producto\/offshore-jacket-musto-br2-schwarz-groesse-m\/"},"modified":"2026-02-24T23:35:15","modified_gmt":"2026-02-24T23:35:15","slug":"offshore-jacket-musto-br2-schwarz-groesse-m","status":"publish","type":"product","link":"https:\/\/stoic-curie.212-227-153-4.plesk.page\/de\/product\/offshore-jacket-musto-br2-schwarz-groesse-m\/","title":{"rendered":"Offshore Jacket Musto BR2 Schwarz, Gr\u00f6\u00dfe : M"},"content":{"rendered":"<p>Offshore Jacket Musto BR2 Schwarz, Gr\u00f6\u00dfe : M &#8211; <\/p>\n<p>Die Musto BR2 Offshore-Jacke besteht aus einem \u00e4u\u00dferst atmungsaktiven, wasser- und winddichten, propriet\u00e4ren BR2-2-Lagen-Gewebe. Mit vorgeformten \u00c4rmeln, einer fluoreszierenden Kapuze, die weggerollt werden kann, einem 2-Wege-verstellbaren, doppelten Sturmklappenverschluss mit Entw\u00e4sserungskan\u00e4len \u00fcber einem 2-Wege-YKK\u00ae-Rei\u00dfverschluss f\u00fcr einen wasserdichten Vorderverschluss, einem warmen und komfortablen Kragen aus Gitterfleece, doppelt verstellbaren Manschetten, innenliegenden Cargo-Taschen mit wasserabweisenden Verschl\u00fcssen sowie vier handw\u00e4rmenden Taschen, die halb mit Fleece gef\u00fcttert sind, plus einer innenliegende Rei\u00dfverschlusstasche, einer Rei\u00dfverschlusstasche f\u00fcr Sonnenbrillen, prismatischen Reflektoren und reflektierenden Details in den N\u00e4hten.<\/p>\n","protected":false},"excerpt":{"rendered":"<p>Offshore Jacket Musto BR2 Schwarz, Gr\u00f6\u00dfe : M &#8211; Die Musto BR2 Offshore-Jacke besteht aus einem \u00e4u\u00dferst atmungsaktiven, wasser- und<\/p>\n","protected":false},"featured_media":5946672,"comment_status":"open","ping_status":"closed","template":"","meta":[],"product_brand":[3155],"product_cat":[1567],"product_tag":[],"class_list":{"0":"post-737865","1":"product","2":"type-product","3":"status-publish","4":"has-post-thumbnail","6":"product_brand-musto-de","7":"product_cat-segelbekleidung-musto","9":"first","10":"instock","11":"shipping-taxable","12":"purchasable","13":"product-type-simple"},"_links":{"self":[{"href":"https:\/\/stoic-curie.212-227-153-4.plesk.page\/de\/wp-json\/wp\/v2\/product\/737865","targetHints":{"allow":["GET"]}}],"collection":[{"href":"https:\/\/stoic-curie.212-227-153-4.plesk.page\/de\/wp-json\/wp\/v2\/product"}],"about":[{"href":"https:\/\/stoic-curie.212-227-153-4.plesk.page\/de\/wp-json\/wp\/v2\/types\/product"}],"replies":[{"embeddable":true,"href":"https:\/\/stoic-curie.212-227-153-4.plesk.page\/de\/wp-json\/wp\/v2\/comments?post=737865"}],"version-history":[{"count":0,"href":"https:\/\/stoic-curie.212-227-153-4.plesk.page\/de\/wp-json\/wp\/v2\/product\/737865\/revisions"}],"wp:featuredmedia":[{"embeddable":true,"href":"https:\/\/stoic-curie.212-227-153-4.plesk.page\/de\/wp-json\/wp\/v2\/media\/5946672"}],"wp:attachment":[{"href":"https:\/\/stoic-curie.212-227-153-4.plesk.page\/de\/wp-json\/wp\/v2\/media?parent=737865"}],"wp:term":[{"taxonomy":"product_brand","embeddable":true,"href":"https:\/\/stoic-curie.212-227-153-4.plesk.page\/de\/wp-json\/wp\/v2\/product_brand?post=737865"},{"taxonomy":"product_cat","embeddable":true,"href":"https:\/\/stoic-curie.212-227-153-4.plesk.page\/de\/wp-json\/wp\/v2\/product_cat?post=737865"},{"taxonomy":"product_tag","embeddable":true,"href":"https:\/\/stoic-curie.212-227-153-4.plesk.page\/de\/wp-json\/wp\/v2\/product_tag?post=737865"}],"curies":[{"name":"wp","href":"https:\/\/api.w.org\/{rel}","templated":true}]}}