{"id":737866,"date":"2025-03-03T17:13:59","date_gmt":"2025-03-03T16:13:59","guid":{"rendered":"https:\/\/stoic-curie.212-227-153-4.plesk.page\/producto\/offshore-jacke-musto-br2-schwarz-groesse-xl\/"},"modified":"2026-02-24T23:35:15","modified_gmt":"2026-02-24T23:35:15","slug":"offshore-jacke-musto-br2-schwarz-groesse-xl","status":"publish","type":"product","link":"https:\/\/stoic-curie.212-227-153-4.plesk.page\/de\/product\/offshore-jacke-musto-br2-schwarz-groesse-xl\/","title":{"rendered":"Offshore Jacke Musto BR2 Schwarz, Gr\u00f6\u00dfe : XL"},"content":{"rendered":"<p>Offshore Jacke Musto BR2 Schwarz, Gr\u00f6\u00dfe : XL &#8211; <\/p>\n<p>Die Musto BR2 Offshore-Jacke ist aus dem \u00e4u\u00dferst atmungsaktiven, wasserdichten und winddichten BR2 2-Lagen-Gewebe gefertigt. Mit vorgeformten \u00c4rmeln, einer fluoreszierenden Kapuze, die sich verstauen l\u00e4sst, und einem 2-Wege-verstellbaren, doppelten Sturmklappen\u00fcberzug mit Ablaufrinne \u00fcber einem 2-Wege YKK\u00ae-Rei\u00dfverschluss f\u00fcr einen undurchdringlichen Frontverschluss. Sie verf\u00fcgt \u00fcber einen mit Fleece gef\u00fctterten Kragen f\u00fcr Komfort und W\u00e4rme, doppelte Manschetten mit verstellbaren \u00e4u\u00dferen Manschetten, meshgef\u00fctterte 2 Cargo-Taschen mit wasserabweisenden Verschl\u00fcssen und 4 Handw\u00e4rmtaschen, halb mit Fleece gef\u00fcttert sowie eine interne Rei\u00dfverschlusstasche, eine interne Rei\u00dfverschlusstasche f\u00fcr Sonnenbrillen, prismatische Reflektoren und reflektierende Details in der Naht.<\/p>\n","protected":false},"excerpt":{"rendered":"<p>Offshore Jacke Musto BR2 Schwarz, Gr\u00f6\u00dfe : XL &#8211; Die Musto BR2 Offshore-Jacke ist aus dem \u00e4u\u00dferst atmungsaktiven, wasserdichten und<\/p>\n","protected":false},"featured_media":5946672,"comment_status":"open","ping_status":"closed","template":"","meta":[],"product_brand":[3155],"product_cat":[1567],"product_tag":[],"class_list":{"0":"post-737866","1":"product","2":"type-product","3":"status-publish","4":"has-post-thumbnail","6":"product_brand-musto-de","7":"product_cat-segelbekleidung-musto","9":"first","10":"instock","11":"shipping-taxable","12":"purchasable","13":"product-type-simple"},"_links":{"self":[{"href":"https:\/\/stoic-curie.212-227-153-4.plesk.page\/de\/wp-json\/wp\/v2\/product\/737866","targetHints":{"allow":["GET"]}}],"collection":[{"href":"https:\/\/stoic-curie.212-227-153-4.plesk.page\/de\/wp-json\/wp\/v2\/product"}],"about":[{"href":"https:\/\/stoic-curie.212-227-153-4.plesk.page\/de\/wp-json\/wp\/v2\/types\/product"}],"replies":[{"embeddable":true,"href":"https:\/\/stoic-curie.212-227-153-4.plesk.page\/de\/wp-json\/wp\/v2\/comments?post=737866"}],"version-history":[{"count":0,"href":"https:\/\/stoic-curie.212-227-153-4.plesk.page\/de\/wp-json\/wp\/v2\/product\/737866\/revisions"}],"wp:featuredmedia":[{"embeddable":true,"href":"https:\/\/stoic-curie.212-227-153-4.plesk.page\/de\/wp-json\/wp\/v2\/media\/5946672"}],"wp:attachment":[{"href":"https:\/\/stoic-curie.212-227-153-4.plesk.page\/de\/wp-json\/wp\/v2\/media?parent=737866"}],"wp:term":[{"taxonomy":"product_brand","embeddable":true,"href":"https:\/\/stoic-curie.212-227-153-4.plesk.page\/de\/wp-json\/wp\/v2\/product_brand?post=737866"},{"taxonomy":"product_cat","embeddable":true,"href":"https:\/\/stoic-curie.212-227-153-4.plesk.page\/de\/wp-json\/wp\/v2\/product_cat?post=737866"},{"taxonomy":"product_tag","embeddable":true,"href":"https:\/\/stoic-curie.212-227-153-4.plesk.page\/de\/wp-json\/wp\/v2\/product_tag?post=737866"}],"curies":[{"name":"wp","href":"https:\/\/api.w.org\/{rel}","templated":true}]}}