{"id":737867,"date":"2025-03-03T17:14:00","date_gmt":"2025-03-03T16:14:00","guid":{"rendered":"https:\/\/stoic-curie.212-227-153-4.plesk.page\/producto\/offshore-jacke-musto-br2-schwarz-groesse-xxl\/"},"modified":"2026-02-24T23:35:15","modified_gmt":"2026-02-24T23:35:15","slug":"offshore-jacke-musto-br2-schwarz-groesse-xxl","status":"publish","type":"product","link":"https:\/\/stoic-curie.212-227-153-4.plesk.page\/de\/product\/offshore-jacke-musto-br2-schwarz-groesse-xxl\/","title":{"rendered":"Offshore Jacke Musto BR2 Schwarz, Gr\u00f6\u00dfe : XXL"},"content":{"rendered":"<p>Offshore Jacke Musto BR2 Schwarz, Gr\u00f6\u00dfe : XXL &#8211; <\/p>\n<p>Die Musto BR2 Offshore-Jacke besteht aus einem \u00e4u\u00dferst atmungsaktiven, wasserdichten und winddichten propriet\u00e4ren BR2 2-Lagen-Gewebe. Sie verf\u00fcgt \u00fcber artikulierte \u00c4rmel, eine fluoreszierende Kapuze, die sich platzsparend verstauen l\u00e4sst, sowie einen beidseitig verstellbaren Doppelsturmklappenverschluss mit Entw\u00e4sserungskanal \u00fcber einem beidseitig verstellbaren YKK\u00ae-Rei\u00dfverschluss f\u00fcr einen durchg\u00e4ngigen, impenetrablen Verschluss. Der mit Fleece gef\u00fctterte Kragen sorgt f\u00fcr Komfort und W\u00e4rme. Die Jacke hat doppelte B\u00fcndchen mit verstellbaren \u00e4u\u00dferen B\u00fcndchen, mit Netzgewebe ausgekleidete, zwei Cargo-Taschen mit wasserabweisenden Verschl\u00fcssen und vier Taschen zum Aufw\u00e4rmen der H\u00e4nde, die teilweise mit Fleece gef\u00fcttert sind, sowie eine innere Rei\u00dfverschlusstasche und eine innere Rei\u00dfverschlusstasche f\u00fcr Sonnenbrillen, prismatische Reflektoren und reflektierende Details in den N\u00e4hten.<\/p>\n","protected":false},"excerpt":{"rendered":"<p>Offshore Jacke Musto BR2 Schwarz, Gr\u00f6\u00dfe : XXL &#8211; Die Musto BR2 Offshore-Jacke besteht aus einem \u00e4u\u00dferst atmungsaktiven, wasserdichten und<\/p>\n","protected":false},"featured_media":5946672,"comment_status":"open","ping_status":"closed","template":"","meta":[],"product_brand":[3155],"product_cat":[1567],"product_tag":[],"class_list":{"0":"post-737867","1":"product","2":"type-product","3":"status-publish","4":"has-post-thumbnail","6":"product_brand-musto-de","7":"product_cat-segelbekleidung-musto","9":"first","10":"instock","11":"shipping-taxable","12":"purchasable","13":"product-type-simple"},"_links":{"self":[{"href":"https:\/\/stoic-curie.212-227-153-4.plesk.page\/de\/wp-json\/wp\/v2\/product\/737867","targetHints":{"allow":["GET"]}}],"collection":[{"href":"https:\/\/stoic-curie.212-227-153-4.plesk.page\/de\/wp-json\/wp\/v2\/product"}],"about":[{"href":"https:\/\/stoic-curie.212-227-153-4.plesk.page\/de\/wp-json\/wp\/v2\/types\/product"}],"replies":[{"embeddable":true,"href":"https:\/\/stoic-curie.212-227-153-4.plesk.page\/de\/wp-json\/wp\/v2\/comments?post=737867"}],"version-history":[{"count":0,"href":"https:\/\/stoic-curie.212-227-153-4.plesk.page\/de\/wp-json\/wp\/v2\/product\/737867\/revisions"}],"wp:featuredmedia":[{"embeddable":true,"href":"https:\/\/stoic-curie.212-227-153-4.plesk.page\/de\/wp-json\/wp\/v2\/media\/5946672"}],"wp:attachment":[{"href":"https:\/\/stoic-curie.212-227-153-4.plesk.page\/de\/wp-json\/wp\/v2\/media?parent=737867"}],"wp:term":[{"taxonomy":"product_brand","embeddable":true,"href":"https:\/\/stoic-curie.212-227-153-4.plesk.page\/de\/wp-json\/wp\/v2\/product_brand?post=737867"},{"taxonomy":"product_cat","embeddable":true,"href":"https:\/\/stoic-curie.212-227-153-4.plesk.page\/de\/wp-json\/wp\/v2\/product_cat?post=737867"},{"taxonomy":"product_tag","embeddable":true,"href":"https:\/\/stoic-curie.212-227-153-4.plesk.page\/de\/wp-json\/wp\/v2\/product_tag?post=737867"}],"curies":[{"name":"wp","href":"https:\/\/api.w.org\/{rel}","templated":true}]}}