{"id":737869,"date":"2025-03-03T17:14:00","date_gmt":"2025-03-03T16:14:00","guid":{"rendered":"https:\/\/stoic-curie.212-227-153-4.plesk.page\/producto\/segelhose-musto-br2-offshore-rot-groesse-m\/"},"modified":"2026-02-24T23:35:15","modified_gmt":"2026-02-24T23:35:15","slug":"segelhose-musto-br2-offshore-rot-groesse-m","status":"publish","type":"product","link":"https:\/\/stoic-curie.212-227-153-4.plesk.page\/de\/product\/segelhose-musto-br2-offshore-rot-groesse-m\/","title":{"rendered":"Segelhose Musto BR2 Offshore Rot , Gr\u00f6\u00dfe M"},"content":{"rendered":"<p>Segelhose Musto BR2 Offshore Rot , Gr\u00f6\u00dfe M &#8211; <\/p>\n<p>Musto BR2 Offshore-Salopette, gefertigt aus supremely atmungsaktivem, wasserdichtem und winddichtem BR2 2-Lagen-Material. Vollst\u00e4ndig nahtversiegelt f\u00fcr einen wasserdichten Schutz, mit hohem Schnitt f\u00fcr zus\u00e4tzlichen Schutz, hinterer Taillenverstellung und elastischen Unterarmen und Tr\u00e4gern. Mit einer abnehmbaren Mehrzwecktasche, stoffbedeckten, verstellbaren Schultertr\u00e4gern mit Klettverschluss, einem 2-Wege-Frontrei\u00dfverschluss mit Puffer f\u00fcr einfachen Zugang, verstellbaren Manschetten mit Klettverschluss, einer Oberschenkeltasche mit wasserabweisenden, verst\u00e4rkten Knien und Ges\u00e4\u00df.<\/p>\n","protected":false},"excerpt":{"rendered":"<p>Segelhose Musto BR2 Offshore Rot , Gr\u00f6\u00dfe M &#8211; Musto BR2 Offshore-Salopette, gefertigt aus supremely atmungsaktivem, wasserdichtem und winddichtem BR2<\/p>\n","protected":false},"featured_media":5946673,"comment_status":"open","ping_status":"closed","template":"","meta":[],"product_brand":[3155],"product_cat":[1567],"product_tag":[],"class_list":{"0":"post-737869","1":"product","2":"type-product","3":"status-publish","4":"has-post-thumbnail","6":"product_brand-musto-de","7":"product_cat-segelbekleidung-musto","9":"first","10":"instock","11":"shipping-taxable","12":"purchasable","13":"product-type-simple"},"_links":{"self":[{"href":"https:\/\/stoic-curie.212-227-153-4.plesk.page\/de\/wp-json\/wp\/v2\/product\/737869","targetHints":{"allow":["GET"]}}],"collection":[{"href":"https:\/\/stoic-curie.212-227-153-4.plesk.page\/de\/wp-json\/wp\/v2\/product"}],"about":[{"href":"https:\/\/stoic-curie.212-227-153-4.plesk.page\/de\/wp-json\/wp\/v2\/types\/product"}],"replies":[{"embeddable":true,"href":"https:\/\/stoic-curie.212-227-153-4.plesk.page\/de\/wp-json\/wp\/v2\/comments?post=737869"}],"version-history":[{"count":0,"href":"https:\/\/stoic-curie.212-227-153-4.plesk.page\/de\/wp-json\/wp\/v2\/product\/737869\/revisions"}],"wp:featuredmedia":[{"embeddable":true,"href":"https:\/\/stoic-curie.212-227-153-4.plesk.page\/de\/wp-json\/wp\/v2\/media\/5946673"}],"wp:attachment":[{"href":"https:\/\/stoic-curie.212-227-153-4.plesk.page\/de\/wp-json\/wp\/v2\/media?parent=737869"}],"wp:term":[{"taxonomy":"product_brand","embeddable":true,"href":"https:\/\/stoic-curie.212-227-153-4.plesk.page\/de\/wp-json\/wp\/v2\/product_brand?post=737869"},{"taxonomy":"product_cat","embeddable":true,"href":"https:\/\/stoic-curie.212-227-153-4.plesk.page\/de\/wp-json\/wp\/v2\/product_cat?post=737869"},{"taxonomy":"product_tag","embeddable":true,"href":"https:\/\/stoic-curie.212-227-153-4.plesk.page\/de\/wp-json\/wp\/v2\/product_tag?post=737869"}],"curies":[{"name":"wp","href":"https:\/\/api.w.org\/{rel}","templated":true}]}}