{"id":737871,"date":"2025-03-03T17:15:58","date_gmt":"2025-03-03T16:15:58","guid":{"rendered":"https:\/\/stoic-curie.212-227-153-4.plesk.page\/producto\/segelhose-musto-br2-offshore-rot-groesse-xl\/"},"modified":"2026-02-24T23:35:15","modified_gmt":"2026-02-24T23:35:15","slug":"segelhose-musto-br2-offshore-rot-groesse-xl","status":"publish","type":"product","link":"https:\/\/stoic-curie.212-227-153-4.plesk.page\/de\/product\/segelhose-musto-br2-offshore-rot-groesse-xl\/","title":{"rendered":"Segelhose Musto BR2 Offshore Rot , Gr\u00f6\u00dfe XL"},"content":{"rendered":"<p>Segelhose Musto BR2 Offshore Rot , Gr\u00f6\u00dfe XL &#8211; <\/p>\n<p>Die Musto BR2 Offshore-Salopette besteht aus einem \u00e4u\u00dferst atmungsaktiven, wasserdichten und winddichten BR2-2-Lagen-Gewebe. Die vollst\u00e4ndig getapte Konstruktion sorgt f\u00fcr eine wasserdichte Versiegelung, w\u00e4hrend das hoch sitzende Design zus\u00e4tzlichen Schutz bietet. Au\u00dferdem sind Anpassungen an der R\u00fcckseite der Taille und elastische Unterarme sowie Tr\u00e4ger vorhanden. Mit einer abnehmbaren Mehrzwecktasche, stoffbezogenen, verstellbaren Schultertr\u00e4gern mit Klettverschluss, einem 2-Wege-Frontrei\u00dfverschluss mit Zwickel f\u00fcr einfachen Zugriff, verstellbaren B\u00fcndchen mit Klettverschluss, einer Oberschenkeltasche mit wasserabweisenden, verst\u00e4rkten Knien und Sitz.<\/p>\n","protected":false},"excerpt":{"rendered":"<p>Segelhose Musto BR2 Offshore Rot , Gr\u00f6\u00dfe XL &#8211; Die Musto BR2 Offshore-Salopette besteht aus einem \u00e4u\u00dferst atmungsaktiven, wasserdichten und<\/p>\n","protected":false},"featured_media":5946673,"comment_status":"open","ping_status":"closed","template":"","meta":[],"product_brand":[3155],"product_cat":[1567],"product_tag":[],"class_list":{"0":"post-737871","1":"product","2":"type-product","3":"status-publish","4":"has-post-thumbnail","6":"product_brand-musto-de","7":"product_cat-segelbekleidung-musto","9":"first","10":"instock","11":"shipping-taxable","12":"purchasable","13":"product-type-simple"},"_links":{"self":[{"href":"https:\/\/stoic-curie.212-227-153-4.plesk.page\/de\/wp-json\/wp\/v2\/product\/737871","targetHints":{"allow":["GET"]}}],"collection":[{"href":"https:\/\/stoic-curie.212-227-153-4.plesk.page\/de\/wp-json\/wp\/v2\/product"}],"about":[{"href":"https:\/\/stoic-curie.212-227-153-4.plesk.page\/de\/wp-json\/wp\/v2\/types\/product"}],"replies":[{"embeddable":true,"href":"https:\/\/stoic-curie.212-227-153-4.plesk.page\/de\/wp-json\/wp\/v2\/comments?post=737871"}],"version-history":[{"count":0,"href":"https:\/\/stoic-curie.212-227-153-4.plesk.page\/de\/wp-json\/wp\/v2\/product\/737871\/revisions"}],"wp:featuredmedia":[{"embeddable":true,"href":"https:\/\/stoic-curie.212-227-153-4.plesk.page\/de\/wp-json\/wp\/v2\/media\/5946673"}],"wp:attachment":[{"href":"https:\/\/stoic-curie.212-227-153-4.plesk.page\/de\/wp-json\/wp\/v2\/media?parent=737871"}],"wp:term":[{"taxonomy":"product_brand","embeddable":true,"href":"https:\/\/stoic-curie.212-227-153-4.plesk.page\/de\/wp-json\/wp\/v2\/product_brand?post=737871"},{"taxonomy":"product_cat","embeddable":true,"href":"https:\/\/stoic-curie.212-227-153-4.plesk.page\/de\/wp-json\/wp\/v2\/product_cat?post=737871"},{"taxonomy":"product_tag","embeddable":true,"href":"https:\/\/stoic-curie.212-227-153-4.plesk.page\/de\/wp-json\/wp\/v2\/product_tag?post=737871"}],"curies":[{"name":"wp","href":"https:\/\/api.w.org\/{rel}","templated":true}]}}