{"id":737872,"date":"2025-03-03T17:18:11","date_gmt":"2025-03-03T16:18:11","guid":{"rendered":"https:\/\/stoic-curie.212-227-153-4.plesk.page\/producto\/segelhose-musto-br2-offshore-red-groesse-xxl\/"},"modified":"2026-02-24T23:35:15","modified_gmt":"2026-02-24T23:35:15","slug":"segelhose-musto-br2-offshore-red-groesse-xxl","status":"publish","type":"product","link":"https:\/\/stoic-curie.212-227-153-4.plesk.page\/de\/product\/segelhose-musto-br2-offshore-red-groesse-xxl\/","title":{"rendered":"Segelhose Musto BR2 Offshore Red , Gr\u00f6\u00dfe XXL"},"content":{"rendered":"<p>Segelhose Musto BR2 Offshore Red , Gr\u00f6\u00dfe XXL &#8211; <\/p>\n<p>Musto BR2 Offshore-Salopette, hergestellt aus einem \u00e4u\u00dferst atmungsaktiven, wasserdichten und winddichten, propriet\u00e4ren BR2 2-Lagen-Gewebe. Vollst\u00e4ndig verklebte N\u00e4hte gew\u00e4hrleisten eine wasserdichte Abdichtung. Das hoch geschnittene Design bietet zus\u00e4tzlichen Schutz, mit R\u00fcckenbundverstellung und elastischen Unterarmen sowie Tr\u00e4gern. Ausgestattet mit einer abnehmbaren Mehrzwecktasche, stoffbeschichteten, verstellbaren Schultertr\u00e4gern mit Klettverschl\u00fcssen, einem 2-Wege-Frontrei\u00dfverschluss mit Eins\u00e4tzen f\u00fcr einen einfachen Zugang, verstellbaren Manschetten mit Klettverschluss, einer Oberschenkeltasche mit wasserabweisender Funktion sowie verst\u00e4rkten Knien und Ges\u00e4\u00dfbereich.<\/p>\n","protected":false},"excerpt":{"rendered":"<p>Segelhose Musto BR2 Offshore Red , Gr\u00f6\u00dfe XXL &#8211; Musto BR2 Offshore-Salopette, hergestellt aus einem \u00e4u\u00dferst atmungsaktiven, wasserdichten und winddichten,<\/p>\n","protected":false},"featured_media":5946673,"comment_status":"open","ping_status":"closed","template":"","meta":[],"product_brand":[3155],"product_cat":[1567],"product_tag":[],"class_list":{"0":"post-737872","1":"product","2":"type-product","3":"status-publish","4":"has-post-thumbnail","6":"product_brand-musto-de","7":"product_cat-segelbekleidung-musto","9":"first","10":"instock","11":"shipping-taxable","12":"purchasable","13":"product-type-simple"},"_links":{"self":[{"href":"https:\/\/stoic-curie.212-227-153-4.plesk.page\/de\/wp-json\/wp\/v2\/product\/737872","targetHints":{"allow":["GET"]}}],"collection":[{"href":"https:\/\/stoic-curie.212-227-153-4.plesk.page\/de\/wp-json\/wp\/v2\/product"}],"about":[{"href":"https:\/\/stoic-curie.212-227-153-4.plesk.page\/de\/wp-json\/wp\/v2\/types\/product"}],"replies":[{"embeddable":true,"href":"https:\/\/stoic-curie.212-227-153-4.plesk.page\/de\/wp-json\/wp\/v2\/comments?post=737872"}],"version-history":[{"count":0,"href":"https:\/\/stoic-curie.212-227-153-4.plesk.page\/de\/wp-json\/wp\/v2\/product\/737872\/revisions"}],"wp:featuredmedia":[{"embeddable":true,"href":"https:\/\/stoic-curie.212-227-153-4.plesk.page\/de\/wp-json\/wp\/v2\/media\/5946673"}],"wp:attachment":[{"href":"https:\/\/stoic-curie.212-227-153-4.plesk.page\/de\/wp-json\/wp\/v2\/media?parent=737872"}],"wp:term":[{"taxonomy":"product_brand","embeddable":true,"href":"https:\/\/stoic-curie.212-227-153-4.plesk.page\/de\/wp-json\/wp\/v2\/product_brand?post=737872"},{"taxonomy":"product_cat","embeddable":true,"href":"https:\/\/stoic-curie.212-227-153-4.plesk.page\/de\/wp-json\/wp\/v2\/product_cat?post=737872"},{"taxonomy":"product_tag","embeddable":true,"href":"https:\/\/stoic-curie.212-227-153-4.plesk.page\/de\/wp-json\/wp\/v2\/product_tag?post=737872"}],"curies":[{"name":"wp","href":"https:\/\/api.w.org\/{rel}","templated":true}]}}