{"id":737874,"date":"2025-03-03T17:18:14","date_gmt":"2025-03-03T16:18:14","guid":{"rendered":"https:\/\/stoic-curie.212-227-153-4.plesk.page\/producto\/segelhose-musto-br2-offshore-schwarz-groesse-m\/"},"modified":"2026-02-24T23:35:15","modified_gmt":"2026-02-24T23:35:15","slug":"segelhose-musto-br2-offshore-schwarz-groesse-m","status":"publish","type":"product","link":"https:\/\/stoic-curie.212-227-153-4.plesk.page\/de\/product\/segelhose-musto-br2-offshore-schwarz-groesse-m\/","title":{"rendered":"Segelhose Musto BR2 Offshore Schwarz , Gr\u00f6\u00dfe M"},"content":{"rendered":"<p>Segelhose Musto BR2 Offshore Schwarz , Gr\u00f6\u00dfe M &#8211; <\/p>\n<p>Die Musto BR2 Offshore Salopette besteht aus hoch atmungsaktivem, wasserdichtem und winddichtem BR2 2-Lagen-Gewebe. Die voll verklebten N\u00e4hte sorgen f\u00fcr eine wasserdichte Abdichtung, das hochsitze Design bietet zus\u00e4tzlichen Schutz, w\u00e4hrend die R\u00fcckeneinstellung und elastischen Unterarme mit Tr\u00e4gern zus\u00e4tzlichen Komfort gew\u00e4hrleisten. Mit einer abnehmbaren Multifunktionstasche, stoffbezogenen, verstellbaren Schultertr\u00e4gern mit Klettverschluss, einem 2-Wege-Frontrei\u00dfverschluss mit Einsatz f\u00fcr einfachen Zugang, verstellbaren Manschetten mit Klettverschluss, einer Oberschenkeltasche und verst\u00e4rkten Knien und Sitz, die Wasser abweisen.<\/p>\n","protected":false},"excerpt":{"rendered":"<p>Segelhose Musto BR2 Offshore Schwarz , Gr\u00f6\u00dfe M &#8211; Die Musto BR2 Offshore Salopette besteht aus hoch atmungsaktivem, wasserdichtem und<\/p>\n","protected":false},"featured_media":5946679,"comment_status":"open","ping_status":"closed","template":"","meta":[],"product_brand":[3155],"product_cat":[1567],"product_tag":[],"class_list":{"0":"post-737874","1":"product","2":"type-product","3":"status-publish","4":"has-post-thumbnail","6":"product_brand-musto-de","7":"product_cat-segelbekleidung-musto","9":"first","10":"instock","11":"shipping-taxable","12":"purchasable","13":"product-type-simple"},"_links":{"self":[{"href":"https:\/\/stoic-curie.212-227-153-4.plesk.page\/de\/wp-json\/wp\/v2\/product\/737874","targetHints":{"allow":["GET"]}}],"collection":[{"href":"https:\/\/stoic-curie.212-227-153-4.plesk.page\/de\/wp-json\/wp\/v2\/product"}],"about":[{"href":"https:\/\/stoic-curie.212-227-153-4.plesk.page\/de\/wp-json\/wp\/v2\/types\/product"}],"replies":[{"embeddable":true,"href":"https:\/\/stoic-curie.212-227-153-4.plesk.page\/de\/wp-json\/wp\/v2\/comments?post=737874"}],"version-history":[{"count":0,"href":"https:\/\/stoic-curie.212-227-153-4.plesk.page\/de\/wp-json\/wp\/v2\/product\/737874\/revisions"}],"wp:featuredmedia":[{"embeddable":true,"href":"https:\/\/stoic-curie.212-227-153-4.plesk.page\/de\/wp-json\/wp\/v2\/media\/5946679"}],"wp:attachment":[{"href":"https:\/\/stoic-curie.212-227-153-4.plesk.page\/de\/wp-json\/wp\/v2\/media?parent=737874"}],"wp:term":[{"taxonomy":"product_brand","embeddable":true,"href":"https:\/\/stoic-curie.212-227-153-4.plesk.page\/de\/wp-json\/wp\/v2\/product_brand?post=737874"},{"taxonomy":"product_cat","embeddable":true,"href":"https:\/\/stoic-curie.212-227-153-4.plesk.page\/de\/wp-json\/wp\/v2\/product_cat?post=737874"},{"taxonomy":"product_tag","embeddable":true,"href":"https:\/\/stoic-curie.212-227-153-4.plesk.page\/de\/wp-json\/wp\/v2\/product_tag?post=737874"}],"curies":[{"name":"wp","href":"https:\/\/api.w.org\/{rel}","templated":true}]}}