{"id":737875,"date":"2025-03-03T17:18:14","date_gmt":"2025-03-03T16:18:14","guid":{"rendered":"https:\/\/stoic-curie.212-227-153-4.plesk.page\/producto\/segelhose-musto-br2-offshore-schwarz-groesse-l\/"},"modified":"2026-02-24T23:35:15","modified_gmt":"2026-02-24T23:35:15","slug":"segelhose-musto-br2-offshore-schwarz-groesse-l","status":"publish","type":"product","link":"https:\/\/stoic-curie.212-227-153-4.plesk.page\/de\/product\/segelhose-musto-br2-offshore-schwarz-groesse-l\/","title":{"rendered":"Segelhose Musto BR2 Offshore Schwarz , Gr\u00f6\u00dfe L"},"content":{"rendered":"<p>Segelhose Musto BR2 Offshore Schwarz , Gr\u00f6\u00dfe L &#8211; <\/p>\n<p>Musto BR2 Offshore Salopette, hergestellt aus extrem atmungsaktivem, wasserdichtem und winddichtem BR2 2-Lagen-Gewebe. Vollst\u00e4ndig versiegelte N\u00e4hte f\u00fcr einen wasserdichten Schutz, hochgeschnittenes Design f\u00fcr zus\u00e4tzlichen Schutz mit verstellbarem R\u00fcckenbund sowie elastischen Unterarmen und Tr\u00e4gern. Mit abnehmbarem Werkzeugbeutel, stoffbezogenen, verstellbaren Schultertr\u00e4gern mit Klettverschluss, durchgehendem 2-Wege-Rei\u00dfverschluss mit Zwickel f\u00fcr einfachen Zugang, verstellbaren B\u00fcndchen mit Klettverschluss, Oberschenkeltasche mit wasserabweisenden, verst\u00e4rkten Knien und Sitz.<\/p>\n","protected":false},"excerpt":{"rendered":"<p>Segelhose Musto BR2 Offshore Schwarz , Gr\u00f6\u00dfe L &#8211; Musto BR2 Offshore Salopette, hergestellt aus extrem atmungsaktivem, wasserdichtem und winddichtem<\/p>\n","protected":false},"featured_media":5946679,"comment_status":"open","ping_status":"closed","template":"","meta":[],"product_brand":[3155],"product_cat":[1567],"product_tag":[],"class_list":{"0":"post-737875","1":"product","2":"type-product","3":"status-publish","4":"has-post-thumbnail","6":"product_brand-musto-de","7":"product_cat-segelbekleidung-musto","9":"first","10":"instock","11":"shipping-taxable","12":"purchasable","13":"product-type-simple"},"_links":{"self":[{"href":"https:\/\/stoic-curie.212-227-153-4.plesk.page\/de\/wp-json\/wp\/v2\/product\/737875","targetHints":{"allow":["GET"]}}],"collection":[{"href":"https:\/\/stoic-curie.212-227-153-4.plesk.page\/de\/wp-json\/wp\/v2\/product"}],"about":[{"href":"https:\/\/stoic-curie.212-227-153-4.plesk.page\/de\/wp-json\/wp\/v2\/types\/product"}],"replies":[{"embeddable":true,"href":"https:\/\/stoic-curie.212-227-153-4.plesk.page\/de\/wp-json\/wp\/v2\/comments?post=737875"}],"version-history":[{"count":0,"href":"https:\/\/stoic-curie.212-227-153-4.plesk.page\/de\/wp-json\/wp\/v2\/product\/737875\/revisions"}],"wp:featuredmedia":[{"embeddable":true,"href":"https:\/\/stoic-curie.212-227-153-4.plesk.page\/de\/wp-json\/wp\/v2\/media\/5946679"}],"wp:attachment":[{"href":"https:\/\/stoic-curie.212-227-153-4.plesk.page\/de\/wp-json\/wp\/v2\/media?parent=737875"}],"wp:term":[{"taxonomy":"product_brand","embeddable":true,"href":"https:\/\/stoic-curie.212-227-153-4.plesk.page\/de\/wp-json\/wp\/v2\/product_brand?post=737875"},{"taxonomy":"product_cat","embeddable":true,"href":"https:\/\/stoic-curie.212-227-153-4.plesk.page\/de\/wp-json\/wp\/v2\/product_cat?post=737875"},{"taxonomy":"product_tag","embeddable":true,"href":"https:\/\/stoic-curie.212-227-153-4.plesk.page\/de\/wp-json\/wp\/v2\/product_tag?post=737875"}],"curies":[{"name":"wp","href":"https:\/\/api.w.org\/{rel}","templated":true}]}}