{"id":737876,"date":"2025-03-03T17:18:14","date_gmt":"2025-03-03T16:18:14","guid":{"rendered":"https:\/\/stoic-curie.212-227-153-4.plesk.page\/producto\/segelhose-musto-br2-offshore-schwarz-groesse-xl\/"},"modified":"2026-02-24T23:35:15","modified_gmt":"2026-02-24T23:35:15","slug":"segelhose-musto-br2-offshore-schwarz-groesse-xl","status":"publish","type":"product","link":"https:\/\/stoic-curie.212-227-153-4.plesk.page\/de\/product\/segelhose-musto-br2-offshore-schwarz-groesse-xl\/","title":{"rendered":"Segelhose Musto BR2 Offshore Schwarz , Gr\u00f6\u00dfe XL"},"content":{"rendered":"<p>Segelhose Musto BR2 Offshore Schwarz , Gr\u00f6\u00dfe XL &#8211; <\/p>\n<p>Musto BR2 Offshore-Salopette, hergestellt aus \u00e4u\u00dferst atmungsaktivem, wasserdichtem und winddichtem BR2 2-Lagen-Gewebe. Vollst\u00e4ndig versiegelte N\u00e4hte sorgen f\u00fcr einen wasserdichten Schutz. Mit einem hoch geschnittenen Design f\u00fcr zus\u00e4tzlichen Schutz, verstellbarem R\u00fcckenbund sowie elastischen Unterarmen und Tr\u00e4gern. Ausgestattet mit einem abnehmbaren Multifunktionsbeutel, stoff\u00fcberzogenen, verstellbaren Schultertr\u00e4gern mit Klettverschl\u00fcssen, einem 2-Wege-Rei\u00dfverschluss vorne mit Einsatz f\u00fcr einfachen Zugang, verstellbaren Manschetten mit Klettverschluss, einer Oberschenkeltasche mit wasserabweisendem, verst\u00e4rktem Knie- und Ges\u00e4\u00dfbereich.<\/p>\n","protected":false},"excerpt":{"rendered":"<p>Segelhose Musto BR2 Offshore Schwarz , Gr\u00f6\u00dfe XL &#8211; Musto BR2 Offshore-Salopette, hergestellt aus \u00e4u\u00dferst atmungsaktivem, wasserdichtem und winddichtem BR2<\/p>\n","protected":false},"featured_media":5946679,"comment_status":"open","ping_status":"closed","template":"","meta":[],"product_brand":[3155],"product_cat":[1567],"product_tag":[],"class_list":{"0":"post-737876","1":"product","2":"type-product","3":"status-publish","4":"has-post-thumbnail","6":"product_brand-musto-de","7":"product_cat-segelbekleidung-musto","9":"first","10":"instock","11":"shipping-taxable","12":"purchasable","13":"product-type-simple"},"_links":{"self":[{"href":"https:\/\/stoic-curie.212-227-153-4.plesk.page\/de\/wp-json\/wp\/v2\/product\/737876","targetHints":{"allow":["GET"]}}],"collection":[{"href":"https:\/\/stoic-curie.212-227-153-4.plesk.page\/de\/wp-json\/wp\/v2\/product"}],"about":[{"href":"https:\/\/stoic-curie.212-227-153-4.plesk.page\/de\/wp-json\/wp\/v2\/types\/product"}],"replies":[{"embeddable":true,"href":"https:\/\/stoic-curie.212-227-153-4.plesk.page\/de\/wp-json\/wp\/v2\/comments?post=737876"}],"version-history":[{"count":0,"href":"https:\/\/stoic-curie.212-227-153-4.plesk.page\/de\/wp-json\/wp\/v2\/product\/737876\/revisions"}],"wp:featuredmedia":[{"embeddable":true,"href":"https:\/\/stoic-curie.212-227-153-4.plesk.page\/de\/wp-json\/wp\/v2\/media\/5946679"}],"wp:attachment":[{"href":"https:\/\/stoic-curie.212-227-153-4.plesk.page\/de\/wp-json\/wp\/v2\/media?parent=737876"}],"wp:term":[{"taxonomy":"product_brand","embeddable":true,"href":"https:\/\/stoic-curie.212-227-153-4.plesk.page\/de\/wp-json\/wp\/v2\/product_brand?post=737876"},{"taxonomy":"product_cat","embeddable":true,"href":"https:\/\/stoic-curie.212-227-153-4.plesk.page\/de\/wp-json\/wp\/v2\/product_cat?post=737876"},{"taxonomy":"product_tag","embeddable":true,"href":"https:\/\/stoic-curie.212-227-153-4.plesk.page\/de\/wp-json\/wp\/v2\/product_tag?post=737876"}],"curies":[{"name":"wp","href":"https:\/\/api.w.org\/{rel}","templated":true}]}}