{"id":737877,"date":"2025-03-03T17:18:15","date_gmt":"2025-03-03T16:18:15","guid":{"rendered":"https:\/\/stoic-curie.212-227-153-4.plesk.page\/producto\/segelhose-musto-br2-offshore-schwarz-groesse-xxl\/"},"modified":"2026-02-24T23:35:15","modified_gmt":"2026-02-24T23:35:15","slug":"segelhose-musto-br2-offshore-schwarz-groesse-xxl","status":"publish","type":"product","link":"https:\/\/stoic-curie.212-227-153-4.plesk.page\/de\/product\/segelhose-musto-br2-offshore-schwarz-groesse-xxl\/","title":{"rendered":"Segelhose Musto BR2 Offshore Schwarz , Gr\u00f6\u00dfe XXL"},"content":{"rendered":"<p>Segelhose Musto BR2 Offshore Schwarz , Gr\u00f6\u00dfe XXL &#8211; <\/p>\n<p>Musto BR2 Offshore-Salopette, hergestellt aus einem \u00e4u\u00dferst atmungsaktiven, wasserdichten und winddichten BR2 2-Lagen-Material. Vollst\u00e4ndig verklebte N\u00e4hte gew\u00e4hrleisten eine wasserdichte Abdichtung. Der High-Fit-Design bietet zus\u00e4tzlichen Schutz und l\u00e4sst sich an der hinteren Taille verstellen, w\u00e4hrend die elastischen Unterarme und Tr\u00e4ger f\u00fcr Komfort sorgen. Ausgestattet mit einer abnehmbaren Multifunktions-Tasche, stoffbezogenen, verstellbaren Schultertr\u00e4gern mit Klettverschluss, einem 2-Wege-Frontrei\u00dfverschluss mit Zwickel f\u00fcr einfachen Zugang, verstellbaren Manschetten mit Klettverschluss, und einer Oberschenkeltasche mit wasserabweisendem, verst\u00e4rktem Knie- und Sitzbereich.<\/p>\n","protected":false},"excerpt":{"rendered":"<p>Segelhose Musto BR2 Offshore Schwarz , Gr\u00f6\u00dfe XXL &#8211; Musto BR2 Offshore-Salopette, hergestellt aus einem \u00e4u\u00dferst atmungsaktiven, wasserdichten und winddichten<\/p>\n","protected":false},"featured_media":5946679,"comment_status":"open","ping_status":"closed","template":"","meta":[],"product_brand":[3155],"product_cat":[1567],"product_tag":[],"class_list":{"0":"post-737877","1":"product","2":"type-product","3":"status-publish","4":"has-post-thumbnail","6":"product_brand-musto-de","7":"product_cat-segelbekleidung-musto","9":"first","10":"instock","11":"shipping-taxable","12":"purchasable","13":"product-type-simple"},"_links":{"self":[{"href":"https:\/\/stoic-curie.212-227-153-4.plesk.page\/de\/wp-json\/wp\/v2\/product\/737877","targetHints":{"allow":["GET"]}}],"collection":[{"href":"https:\/\/stoic-curie.212-227-153-4.plesk.page\/de\/wp-json\/wp\/v2\/product"}],"about":[{"href":"https:\/\/stoic-curie.212-227-153-4.plesk.page\/de\/wp-json\/wp\/v2\/types\/product"}],"replies":[{"embeddable":true,"href":"https:\/\/stoic-curie.212-227-153-4.plesk.page\/de\/wp-json\/wp\/v2\/comments?post=737877"}],"version-history":[{"count":0,"href":"https:\/\/stoic-curie.212-227-153-4.plesk.page\/de\/wp-json\/wp\/v2\/product\/737877\/revisions"}],"wp:featuredmedia":[{"embeddable":true,"href":"https:\/\/stoic-curie.212-227-153-4.plesk.page\/de\/wp-json\/wp\/v2\/media\/5946679"}],"wp:attachment":[{"href":"https:\/\/stoic-curie.212-227-153-4.plesk.page\/de\/wp-json\/wp\/v2\/media?parent=737877"}],"wp:term":[{"taxonomy":"product_brand","embeddable":true,"href":"https:\/\/stoic-curie.212-227-153-4.plesk.page\/de\/wp-json\/wp\/v2\/product_brand?post=737877"},{"taxonomy":"product_cat","embeddable":true,"href":"https:\/\/stoic-curie.212-227-153-4.plesk.page\/de\/wp-json\/wp\/v2\/product_cat?post=737877"},{"taxonomy":"product_tag","embeddable":true,"href":"https:\/\/stoic-curie.212-227-153-4.plesk.page\/de\/wp-json\/wp\/v2\/product_tag?post=737877"}],"curies":[{"name":"wp","href":"https:\/\/api.w.org\/{rel}","templated":true}]}}