{"id":737878,"date":"2025-03-03T17:18:15","date_gmt":"2025-03-03T16:18:15","guid":{"rendered":"https:\/\/stoic-curie.212-227-153-4.plesk.page\/producto\/offshore-jacke-helly-hansen-skagen-blau-groesse-s\/"},"modified":"2026-02-24T23:35:15","modified_gmt":"2026-02-24T23:35:15","slug":"offshore-jacke-helly-hansen-skagen-blau-groesse-s","status":"publish","type":"product","link":"https:\/\/stoic-curie.212-227-153-4.plesk.page\/de\/product\/offshore-jacke-helly-hansen-skagen-blau-groesse-s\/","title":{"rendered":"Offshore Jacke Helly Hansen Skagen Blau, Gr\u00f6\u00dfe : S"},"content":{"rendered":"<p>Offshore Jacke Helly Hansen Skagen Blau, Gr\u00f6\u00dfe : S &#8211; <\/p>\n<p>Die Helly Hansen Skagen Offshore-Jacke ist ideal f\u00fcr Offshore- und K\u00fcstennavigation und bietet vollst\u00e4ndigen Schutz vor Wind und Wellen. Sie besteht aus einem 2-lagigen Material mit einer dauerhaften Wasserabweisung (DWR) und ist wasserdicht, winddicht und atmungsaktiv dank der HellyTech\u00ae Performance-Beschichtung. Die Jacke verf\u00fcgt \u00fcber vollst\u00e4ndig versiegelte N\u00e4hte, ein schnell trocknendes Netzfutter, eine Lendenverst\u00e4rkung, eine doppelte Sturmklappe, verstellbare Manschetten, vorgeformte \u00c4rmel, Brusttaschen mit wasserabweisendem Rei\u00dfverschluss, fleecegef\u00fctterte Taschen f\u00fcr die H\u00e4nde, gro\u00dfe Au\u00dfentaschen, einen hoch geschnittenen Kragen zum Schutz des Gesichts, eine EN471 hochsichtbare verstellbare Kapuze und REFLECTIVES, die den Solas-Vorgaben entsprechen.<\/p>\n","protected":false},"excerpt":{"rendered":"<p>Offshore Jacke Helly Hansen Skagen Blau, Gr\u00f6\u00dfe : S &#8211; Die Helly Hansen Skagen Offshore-Jacke ist ideal f\u00fcr Offshore- und<\/p>\n","protected":false},"featured_media":5946680,"comment_status":"open","ping_status":"closed","template":"","meta":[],"product_brand":[3000],"product_cat":[1570],"product_tag":[],"class_list":{"0":"post-737878","1":"product","2":"type-product","3":"status-publish","4":"has-post-thumbnail","6":"product_brand-helly-hansen-de","7":"product_cat-nautische-bekleidung-helly-hansen","9":"first","10":"instock","11":"shipping-taxable","12":"purchasable","13":"product-type-simple"},"_links":{"self":[{"href":"https:\/\/stoic-curie.212-227-153-4.plesk.page\/de\/wp-json\/wp\/v2\/product\/737878","targetHints":{"allow":["GET"]}}],"collection":[{"href":"https:\/\/stoic-curie.212-227-153-4.plesk.page\/de\/wp-json\/wp\/v2\/product"}],"about":[{"href":"https:\/\/stoic-curie.212-227-153-4.plesk.page\/de\/wp-json\/wp\/v2\/types\/product"}],"replies":[{"embeddable":true,"href":"https:\/\/stoic-curie.212-227-153-4.plesk.page\/de\/wp-json\/wp\/v2\/comments?post=737878"}],"version-history":[{"count":0,"href":"https:\/\/stoic-curie.212-227-153-4.plesk.page\/de\/wp-json\/wp\/v2\/product\/737878\/revisions"}],"wp:featuredmedia":[{"embeddable":true,"href":"https:\/\/stoic-curie.212-227-153-4.plesk.page\/de\/wp-json\/wp\/v2\/media\/5946680"}],"wp:attachment":[{"href":"https:\/\/stoic-curie.212-227-153-4.plesk.page\/de\/wp-json\/wp\/v2\/media?parent=737878"}],"wp:term":[{"taxonomy":"product_brand","embeddable":true,"href":"https:\/\/stoic-curie.212-227-153-4.plesk.page\/de\/wp-json\/wp\/v2\/product_brand?post=737878"},{"taxonomy":"product_cat","embeddable":true,"href":"https:\/\/stoic-curie.212-227-153-4.plesk.page\/de\/wp-json\/wp\/v2\/product_cat?post=737878"},{"taxonomy":"product_tag","embeddable":true,"href":"https:\/\/stoic-curie.212-227-153-4.plesk.page\/de\/wp-json\/wp\/v2\/product_tag?post=737878"}],"curies":[{"name":"wp","href":"https:\/\/api.w.org\/{rel}","templated":true}]}}