{"id":737879,"date":"2025-03-03T17:18:15","date_gmt":"2025-03-03T16:18:15","guid":{"rendered":"https:\/\/stoic-curie.212-227-153-4.plesk.page\/producto\/offshore-jacke-helly-hansen-skagen-blau-groesse-m\/"},"modified":"2026-02-24T23:35:15","modified_gmt":"2026-02-24T23:35:15","slug":"offshore-jacke-helly-hansen-skagen-blau-groesse-m","status":"publish","type":"product","link":"https:\/\/stoic-curie.212-227-153-4.plesk.page\/de\/product\/offshore-jacke-helly-hansen-skagen-blau-groesse-m\/","title":{"rendered":"Offshore Jacke Helly Hansen Skagen Blau, Gr\u00f6\u00dfe : M"},"content":{"rendered":"<p>Offshore Jacke Helly Hansen Skagen Blau, Gr\u00f6\u00dfe : M &#8211; <\/p>\n<p>Die Helly Hansen Skagen Offshore Jacke eignet sich hervorragend f\u00fcr Offshore- und K\u00fcstennavigation und bietet vollst\u00e4ndigen Schutz vor Wind und Wellen. Sie ist aus 2-lagigem, langlebig wasserabweisendem (DWR) HellyTech\u00c2\u00ae Performance-Gewebe gefertigt, das wasserdicht, winddicht und atmungsaktiv ist. Mit voll versiegelten N\u00e4hten, schnell trocknendem Mesh-Futter, Lendenverst\u00e4rkung, doppelter Sturmklappe, doppelt verstellbaren Manschetten, vorgeformten \u00c4rmeln, Brusttaschen mit wasserabweisendem Rei\u00dfverschluss, fleecegef\u00fctterten Handw\u00e4rmtaschen, gro\u00dfen Cargotaschen, hohem Kragen mit Gesichtsschutz, verstellbarer Kapuze in EN471 hoher Sichtbarkeit und Solas-konformen Reflektoren.<\/p>\n","protected":false},"excerpt":{"rendered":"<p>Offshore Jacke Helly Hansen Skagen Blau, Gr\u00f6\u00dfe : M &#8211; Die Helly Hansen Skagen Offshore Jacke eignet sich hervorragend f\u00fcr<\/p>\n","protected":false},"featured_media":5946680,"comment_status":"open","ping_status":"closed","template":"","meta":[],"product_brand":[3000],"product_cat":[1570],"product_tag":[],"class_list":{"0":"post-737879","1":"product","2":"type-product","3":"status-publish","4":"has-post-thumbnail","6":"product_brand-helly-hansen-de","7":"product_cat-nautische-bekleidung-helly-hansen","9":"first","10":"instock","11":"shipping-taxable","12":"purchasable","13":"product-type-simple"},"_links":{"self":[{"href":"https:\/\/stoic-curie.212-227-153-4.plesk.page\/de\/wp-json\/wp\/v2\/product\/737879","targetHints":{"allow":["GET"]}}],"collection":[{"href":"https:\/\/stoic-curie.212-227-153-4.plesk.page\/de\/wp-json\/wp\/v2\/product"}],"about":[{"href":"https:\/\/stoic-curie.212-227-153-4.plesk.page\/de\/wp-json\/wp\/v2\/types\/product"}],"replies":[{"embeddable":true,"href":"https:\/\/stoic-curie.212-227-153-4.plesk.page\/de\/wp-json\/wp\/v2\/comments?post=737879"}],"version-history":[{"count":0,"href":"https:\/\/stoic-curie.212-227-153-4.plesk.page\/de\/wp-json\/wp\/v2\/product\/737879\/revisions"}],"wp:featuredmedia":[{"embeddable":true,"href":"https:\/\/stoic-curie.212-227-153-4.plesk.page\/de\/wp-json\/wp\/v2\/media\/5946680"}],"wp:attachment":[{"href":"https:\/\/stoic-curie.212-227-153-4.plesk.page\/de\/wp-json\/wp\/v2\/media?parent=737879"}],"wp:term":[{"taxonomy":"product_brand","embeddable":true,"href":"https:\/\/stoic-curie.212-227-153-4.plesk.page\/de\/wp-json\/wp\/v2\/product_brand?post=737879"},{"taxonomy":"product_cat","embeddable":true,"href":"https:\/\/stoic-curie.212-227-153-4.plesk.page\/de\/wp-json\/wp\/v2\/product_cat?post=737879"},{"taxonomy":"product_tag","embeddable":true,"href":"https:\/\/stoic-curie.212-227-153-4.plesk.page\/de\/wp-json\/wp\/v2\/product_tag?post=737879"}],"curies":[{"name":"wp","href":"https:\/\/api.w.org\/{rel}","templated":true}]}}