{"id":737880,"date":"2025-03-03T17:18:16","date_gmt":"2025-03-03T16:18:16","guid":{"rendered":"https:\/\/stoic-curie.212-227-153-4.plesk.page\/producto\/offshore-jacke-helly-hansen-skagen-blau-groesse-l\/"},"modified":"2026-02-24T23:35:15","modified_gmt":"2026-02-24T23:35:15","slug":"offshore-jacke-helly-hansen-skagen-blau-groesse-l","status":"publish","type":"product","link":"https:\/\/stoic-curie.212-227-153-4.plesk.page\/de\/product\/offshore-jacke-helly-hansen-skagen-blau-groesse-l\/","title":{"rendered":"Offshore Jacke Helly Hansen Skagen Blau, Gr\u00f6\u00dfe : L"},"content":{"rendered":"<p>Offshore Jacke Helly Hansen Skagen Blau, Gr\u00f6\u00dfe : L &#8211; <\/p>\n<p>Die Helly Hansen Skagen Offshore-Jacke f\u00fcr Offshore- und K\u00fcstennavigation bietet umfassenden Schutz vor Wind und Wellen. Sie besteht aus einem 2-lagigen Material mit einer dauerhaften Wasserabweisung (DWR), ist wasserdicht, winddicht und atmungsaktiv dank des HellyTech\u00c2\u00ae Performance-Gewebes. Mit vollversiegelten N\u00e4hten, schneller Trocken-Mesh-Futter, Lendenwirbelverst\u00e4rkung, doppeltem Sturmklappen, doppelt verstellbaren Manschetten, ergonomisch geformten \u00c4rmeln, Brusttaschen mit wasserfestem Rei\u00dfverschluss, fleecegef\u00fctterten Handw\u00e4rmertaschen, gro\u00dfen Frachtentaschen, hohem Kragen f\u00fcr Gesichtsschutz, EN471 hochsichtbarem verstellbarem Kapuze und Solas-konformen Reflexen.<\/p>\n","protected":false},"excerpt":{"rendered":"<p>Offshore Jacke Helly Hansen Skagen Blau, Gr\u00f6\u00dfe : L &#8211; Die Helly Hansen Skagen Offshore-Jacke f\u00fcr Offshore- und K\u00fcstennavigation bietet<\/p>\n","protected":false},"featured_media":5946680,"comment_status":"open","ping_status":"closed","template":"","meta":[],"product_brand":[3000],"product_cat":[1570],"product_tag":[],"class_list":{"0":"post-737880","1":"product","2":"type-product","3":"status-publish","4":"has-post-thumbnail","6":"product_brand-helly-hansen-de","7":"product_cat-nautische-bekleidung-helly-hansen","9":"first","10":"instock","11":"shipping-taxable","12":"purchasable","13":"product-type-simple"},"_links":{"self":[{"href":"https:\/\/stoic-curie.212-227-153-4.plesk.page\/de\/wp-json\/wp\/v2\/product\/737880","targetHints":{"allow":["GET"]}}],"collection":[{"href":"https:\/\/stoic-curie.212-227-153-4.plesk.page\/de\/wp-json\/wp\/v2\/product"}],"about":[{"href":"https:\/\/stoic-curie.212-227-153-4.plesk.page\/de\/wp-json\/wp\/v2\/types\/product"}],"replies":[{"embeddable":true,"href":"https:\/\/stoic-curie.212-227-153-4.plesk.page\/de\/wp-json\/wp\/v2\/comments?post=737880"}],"version-history":[{"count":0,"href":"https:\/\/stoic-curie.212-227-153-4.plesk.page\/de\/wp-json\/wp\/v2\/product\/737880\/revisions"}],"wp:featuredmedia":[{"embeddable":true,"href":"https:\/\/stoic-curie.212-227-153-4.plesk.page\/de\/wp-json\/wp\/v2\/media\/5946680"}],"wp:attachment":[{"href":"https:\/\/stoic-curie.212-227-153-4.plesk.page\/de\/wp-json\/wp\/v2\/media?parent=737880"}],"wp:term":[{"taxonomy":"product_brand","embeddable":true,"href":"https:\/\/stoic-curie.212-227-153-4.plesk.page\/de\/wp-json\/wp\/v2\/product_brand?post=737880"},{"taxonomy":"product_cat","embeddable":true,"href":"https:\/\/stoic-curie.212-227-153-4.plesk.page\/de\/wp-json\/wp\/v2\/product_cat?post=737880"},{"taxonomy":"product_tag","embeddable":true,"href":"https:\/\/stoic-curie.212-227-153-4.plesk.page\/de\/wp-json\/wp\/v2\/product_tag?post=737880"}],"curies":[{"name":"wp","href":"https:\/\/api.w.org\/{rel}","templated":true}]}}